{"id":87957,"date":"2025-10-30T11:11:33","date_gmt":"2025-10-30T09:11:33","guid":{"rendered":"https:\/\/nautical.store\/toode\/henri-lloyd-dynamic-ls-miesten-urheilupaita\/"},"modified":"2026-02-23T11:45:24","modified_gmt":"2026-02-23T09:45:24","slug":"henri-lloyd-dynamic-ls-miesten-urheilupaita","status":"publish","type":"product","link":"https:\/\/nautical.store\/fi\/tuote\/henri-lloyd-dynamic-ls-miesten-urheilupaita\/","title":{"rendered":"Henri Lloyd Dynamic LS -miesten urheilupaita"},"content":{"rendered":"<p><!--StartFragment --><\/p>\n<p>Henri-Lloydin Dynamic DRI FAST -pitk\u00e4hihainen T-paita on kehitetty vaativaan kilpaurheiluun. Paidassa yhdistyv\u00e4t innovatiivinen hajunsuojateknologia, kosteutta siirt\u00e4v\u00e4 ja nopeasti kuivuva materiaali, UV 50 -suoja sek\u00e4 mekaaninen jousto, jotka takaavat erinomaisen suorituskyvyn, pitk\u00e4kestoisen raikkauden ja maksimaalisen k\u00e4ytt\u00f6mukavuuden.<\/p>\n<ul>\n<li>Kosteutta siirt\u00e4v\u00e4 ja nopeasti kuivuva materiaali<\/li>\n<li>UV 50 -suoja<\/li>\n<li>Mekaaninen jousto \u2013 vapaa liikkuminen<\/li>\n<li>Hajunsuojateknologia \u2013 pitk\u00e4kestoinen raikkaus<\/li>\n<li>Valmistettu 100 % kierr\u00e4tetyst\u00e4 polyesterist\u00e4<\/li>\n<li>Konepesu 40 \u00b0C<\/li>\n<li>\u00c4l\u00e4 valkaise<\/li>\n<li>\u00c4l\u00e4 rumpukuivaa<\/li>\n<li>\u00c4l\u00e4 k\u00e4yt\u00e4 huuhteluainetta<\/li>\n<\/ul>\n<p><!--EndFragment --><\/p>\n","protected":false},"excerpt":{"rendered":"<p>Urheilupaita UV 50 -suojalla, nopeasti kuivuva<\/p>\n","protected":false},"featured_media":87738,"template":"","meta":{"_acf_changed":false},"pwb-brand":[2665],"product_brand":[],"product_cat":[777,1259,1261,633,1269,682],"product_tag":[],"woo-feed-brand":[],"class_list":{"0":"post-87957","1":"product","2":"type-product","3":"status-publish","4":"has-post-thumbnail","6":"pwb-brand-henri-lloyd-fi","7":"product_cat-miehet","8":"product_cat-miesten-golfvaatteet","9":"product_cat-miesten-purjehdusvaatteet","10":"product_cat-paidat-fi","11":"product_cat-purjehdus","12":"product_cat-tekniset-vaatteet","14":"first","15":"instock","16":"taxable","17":"shipping-taxable","18":"purchasable","19":"product-type-variable","20":"wvs-archive-product-wrapper"},"acf":[],"brands":[{"id":2665,"name":"Henri Lloyd","slug":"henri-lloyd-fi"}],"_links":{"self":[{"href":"https:\/\/nautical.store\/fi\/wp-json\/wp\/v2\/product\/87957","targetHints":{"allow":["GET"]}}],"collection":[{"href":"https:\/\/nautical.store\/fi\/wp-json\/wp\/v2\/product"}],"about":[{"href":"https:\/\/nautical.store\/fi\/wp-json\/wp\/v2\/types\/product"}],"wp:featuredmedia":[{"embeddable":true,"href":"https:\/\/nautical.store\/fi\/wp-json\/wp\/v2\/media\/87738"}],"wp:attachment":[{"href":"https:\/\/nautical.store\/fi\/wp-json\/wp\/v2\/media?parent=87957"}],"wp:term":[{"taxonomy":"pwb-brand","embeddable":true,"href":"https:\/\/nautical.store\/fi\/wp-json\/wp\/v2\/pwb-brand?post=87957"},{"taxonomy":"product_brand","embeddable":true,"href":"https:\/\/nautical.store\/fi\/wp-json\/wp\/v2\/product_brand?post=87957"},{"taxonomy":"product_cat","embeddable":true,"href":"https:\/\/nautical.store\/fi\/wp-json\/wp\/v2\/product_cat?post=87957"},{"taxonomy":"product_tag","embeddable":true,"href":"https:\/\/nautical.store\/fi\/wp-json\/wp\/v2\/product_tag?post=87957"},{"taxonomy":"woo-feed-brand","embeddable":true,"href":"https:\/\/nautical.store\/fi\/wp-json\/wp\/v2\/woo-feed-brand?post=87957"}],"curies":[{"name":"wp","href":"https:\/\/api.w.org\/{rel}","templated":true}]}}