{"id":87968,"date":"2025-10-30T11:15:26","date_gmt":"2025-10-30T09:15:26","guid":{"rendered":"https:\/\/nautical.store\/toode\/henri-lloyd-freo-klassinen-miesten-takki\/"},"modified":"2025-10-30T11:15:26","modified_gmt":"2025-10-30T09:15:26","slug":"henri-lloyd-freo-klassinen-miesten-takki","status":"publish","type":"product","link":"https:\/\/nautical.store\/fi\/tuote\/henri-lloyd-freo-klassinen-miesten-takki\/","title":{"rendered":"Henri Lloyd Freo -klassinen miesten takki"},"content":{"rendered":"<p><!--StartFragment --><\/p>\n<p>Freo-takki perustuu Henri-Lloydin klassiseen malliin, mutta on nyt p\u00e4ivitetty ymp\u00e4rist\u00f6yst\u00e4v\u00e4llisell\u00e4 100 % kierr\u00e4tetyst\u00e4 nailonista valmistetulla p\u00e4\u00e4lliskankaalla. T\u00e4ysin teipatut saumat, veden- ja tuulenpit\u00e4v\u00e4 materiaali tarjoavat luotettavan suojan vaihtelevissa s\u00e4\u00e4olosuhteissa. Piilotettava huppu tuo lis\u00e4suojaa, ja pehme\u00e4 fleecevuori lis\u00e4\u00e4 l\u00e4mp\u00f6\u00e4 ja mukavuutta kausik\u00e4ytt\u00f6\u00f6n.<\/p>\n<p>Ajattoman ulkon\u00e4\u00f6n viimeistelee ikoninen Freo-raidetyyli rinnassa \u2013 Henri-Lloydin ulkoiluvaatteiden tunnusmerkki.<\/p>\n<ul>\n<li>2-kerroksinen vedenpit\u00e4v\u00e4 p\u00e4\u00e4lliskangas hydrofiilisell\u00e4 kalvolla<\/li>\n<li>C0-vesihylkiv\u00e4 viimeistely<\/li>\n<li>Vedenpit\u00e4vyys: 10 000 mm (JIS-L1092A)<\/li>\n<li>Hengitt\u00e4vyys: 3 500 mm (JIS-L1099 A1)<\/li>\n<li>T\u00e4ysin teipatut saumat<\/li>\n<li>Fleecevuoratut paneelit lis\u00e4l\u00e4mp\u00f6\u00e4 varten<\/li>\n<li>Kaksisuuntainen YKK-vetoketju trapetsimuotoisella vetimell\u00e4<\/li>\n<li>Heijastavalla langalla varustettu joustonauha n\u00e4kyvyyden parantamiseksi<\/li>\n<li>Brodeerattu Henri-Lloyd -logo rinnassa<\/li>\n<li>Hienopesu 30 \u00b0C<\/li>\n<li>Pese samanv\u00e4risten kanssa<\/li>\n<li>\u00c4l\u00e4 valkaise<\/li>\n<li>\u00c4l\u00e4 rumpukuivaa<\/li>\n<li>\u00c4l\u00e4 kemiallisesti puhdista<\/li>\n<li>Muotoile kosteana, jotta takki s\u00e4ilytt\u00e4\u00e4 muotonsa<\/li>\n<\/ul>\n<p><!--EndFragment --><\/p>\n","protected":false},"excerpt":{"rendered":"<p>Veden- ja tuulenpit\u00e4v\u00e4 takki fleecevuorilla.<\/p>\n","protected":false},"featured_media":87765,"template":"","meta":{"_acf_changed":false},"pwb-brand":[2665],"product_brand":[],"product_cat":[777,1261,702,682],"product_tag":[],"woo-feed-brand":[],"class_list":{"0":"post-87968","1":"product","2":"type-product","3":"status-publish","4":"has-post-thumbnail","6":"pwb-brand-henri-lloyd-fi","7":"product_cat-miehet","8":"product_cat-miesten-purjehdusvaatteet","9":"product_cat-paallysvaatteet-miehet","10":"product_cat-tekniset-vaatteet","12":"first","13":"instock","14":"taxable","15":"shipping-taxable","16":"purchasable","17":"product-type-variable","18":"wvs-archive-product-wrapper"},"acf":[],"brands":[{"id":2665,"name":"Henri Lloyd","slug":"henri-lloyd-fi"}],"_links":{"self":[{"href":"https:\/\/nautical.store\/fi\/wp-json\/wp\/v2\/product\/87968","targetHints":{"allow":["GET"]}}],"collection":[{"href":"https:\/\/nautical.store\/fi\/wp-json\/wp\/v2\/product"}],"about":[{"href":"https:\/\/nautical.store\/fi\/wp-json\/wp\/v2\/types\/product"}],"wp:featuredmedia":[{"embeddable":true,"href":"https:\/\/nautical.store\/fi\/wp-json\/wp\/v2\/media\/87765"}],"wp:attachment":[{"href":"https:\/\/nautical.store\/fi\/wp-json\/wp\/v2\/media?parent=87968"}],"wp:term":[{"taxonomy":"pwb-brand","embeddable":true,"href":"https:\/\/nautical.store\/fi\/wp-json\/wp\/v2\/pwb-brand?post=87968"},{"taxonomy":"product_brand","embeddable":true,"href":"https:\/\/nautical.store\/fi\/wp-json\/wp\/v2\/product_brand?post=87968"},{"taxonomy":"product_cat","embeddable":true,"href":"https:\/\/nautical.store\/fi\/wp-json\/wp\/v2\/product_cat?post=87968"},{"taxonomy":"product_tag","embeddable":true,"href":"https:\/\/nautical.store\/fi\/wp-json\/wp\/v2\/product_tag?post=87968"},{"taxonomy":"woo-feed-brand","embeddable":true,"href":"https:\/\/nautical.store\/fi\/wp-json\/wp\/v2\/woo-feed-brand?post=87968"}],"curies":[{"name":"wp","href":"https:\/\/api.w.org\/{rel}","templated":true}]}}