{"id":87980,"date":"2025-10-30T11:19:55","date_gmt":"2025-10-30T09:19:55","guid":{"rendered":"https:\/\/nautical.store\/toode\/henri-lloyd-consort-rwr-klassinen-takki\/"},"modified":"2025-10-30T11:19:55","modified_gmt":"2025-10-30T09:19:55","slug":"henri-lloyd-consort-rwr-klassinen-takki","status":"publish","type":"product","link":"https:\/\/nautical.store\/fi\/tuote\/henri-lloyd-consort-rwr-klassinen-takki\/","title":{"rendered":"Henri Lloyd Consort RWR -klassinen takki"},"content":{"rendered":"<p><!--StartFragment --><\/p>\n<p>Henri-Lloyd Consort RWR -takki yhdist\u00e4\u00e4 ajattoman muotoilun ja modernit materiaalit. L\u00e4mm\u00f6neristeen\u00e4 k\u00e4ytet\u00e4\u00e4n ymp\u00e4rist\u00f6yst\u00e4v\u00e4llist\u00e4 ja tehokasta REPREVE\u00ae-eristett\u00e4, joka on valmistettu 100 % kierr\u00e4tetyist\u00e4 muovipulloista. Takki on vedenpit\u00e4v\u00e4, hengitt\u00e4v\u00e4 ja t\u00e4ysin teipatuilla saumoilla \u2013 suunniteltu kest\u00e4m\u00e4\u00e4n vaihtelevat s\u00e4\u00e4olosuhteet.<\/p>\n<p>Tyylikk\u00e4\u00e4t yksityiskohdat, kuten brodeerattu RWR-logo hihassa, pehme\u00e4 samettikaulus ja irrotettava huppu, viimeistelev\u00e4t ilmeen. S\u00e4\u00e4dett\u00e4v\u00e4t hihansuut, useat taskut sek\u00e4 laadukkaat YKK-vetoketjut ja logonapit tuovat k\u00e4ytt\u00f6mukavuutta ja toimivuutta.<\/p>\n<ul>\n<li>2-kerroksinen vedenpit\u00e4v\u00e4 p\u00e4\u00e4lliskangas kalvolla<\/li>\n<li>C0-vesihylkiv\u00e4 viimeistely (ilman PFC-yhdisteit\u00e4)<\/li>\n<li>Vedenpit\u00e4vyys: 10 000 mm (JIS-L1092A)<\/li>\n<li>Hengitt\u00e4vyys: 3 000 mm (JIS-L1099 A1)<\/li>\n<li>250 g REPREVE\u00ae-kierr\u00e4tyst\u00e4ytett\u00e4<\/li>\n<li>Kaksisuuntainen YKK-vetoketju<\/li>\n<li>Heijastavalla langalla varustettu joustonauha ja selk\u00e4remmi<\/li>\n<li>2 ulkotaskua ja 1 sis\u00e4tasku<\/li>\n<li>S\u00e4\u00e4dett\u00e4v\u00e4t hihansuut ja irrotettava huppu<\/li>\n<li>Brodeerattu RWR-logo hihassa<\/li>\n<li>Materiaali: 55 % polyesteri\u00e4, 45 % kierr\u00e4tetty\u00e4 polyesteri\u00e4<\/li>\n<\/ul>\n<p><!--EndFragment --><\/p>\n","protected":false},"excerpt":{"rendered":"<p>L\u00e4mmin ja vedenpit\u00e4v\u00e4 miesten talvitakki<\/p>\n","protected":false},"featured_media":87834,"template":"","meta":{"_acf_changed":false},"pwb-brand":[2665],"product_brand":[],"product_cat":[777,1261,702,1269,682],"product_tag":[],"woo-feed-brand":[],"class_list":{"0":"post-87980","1":"product","2":"type-product","3":"status-publish","4":"has-post-thumbnail","6":"pwb-brand-henri-lloyd-fi","7":"product_cat-miehet","8":"product_cat-miesten-purjehdusvaatteet","9":"product_cat-paallysvaatteet-miehet","10":"product_cat-purjehdus","11":"product_cat-tekniset-vaatteet","13":"first","14":"instock","15":"taxable","16":"shipping-taxable","17":"purchasable","18":"product-type-variable","19":"wvs-archive-product-wrapper"},"acf":[],"brands":[{"id":2665,"name":"Henri Lloyd","slug":"henri-lloyd-fi"}],"_links":{"self":[{"href":"https:\/\/nautical.store\/fi\/wp-json\/wp\/v2\/product\/87980","targetHints":{"allow":["GET"]}}],"collection":[{"href":"https:\/\/nautical.store\/fi\/wp-json\/wp\/v2\/product"}],"about":[{"href":"https:\/\/nautical.store\/fi\/wp-json\/wp\/v2\/types\/product"}],"wp:featuredmedia":[{"embeddable":true,"href":"https:\/\/nautical.store\/fi\/wp-json\/wp\/v2\/media\/87834"}],"wp:attachment":[{"href":"https:\/\/nautical.store\/fi\/wp-json\/wp\/v2\/media?parent=87980"}],"wp:term":[{"taxonomy":"pwb-brand","embeddable":true,"href":"https:\/\/nautical.store\/fi\/wp-json\/wp\/v2\/pwb-brand?post=87980"},{"taxonomy":"product_brand","embeddable":true,"href":"https:\/\/nautical.store\/fi\/wp-json\/wp\/v2\/product_brand?post=87980"},{"taxonomy":"product_cat","embeddable":true,"href":"https:\/\/nautical.store\/fi\/wp-json\/wp\/v2\/product_cat?post=87980"},{"taxonomy":"product_tag","embeddable":true,"href":"https:\/\/nautical.store\/fi\/wp-json\/wp\/v2\/product_tag?post=87980"},{"taxonomy":"woo-feed-brand","embeddable":true,"href":"https:\/\/nautical.store\/fi\/wp-json\/wp\/v2\/woo-feed-brand?post=87980"}],"curies":[{"name":"wp","href":"https:\/\/api.w.org\/{rel}","templated":true}]}}