{"id":88018,"date":"2025-10-30T11:27:14","date_gmt":"2025-10-30T09:27:14","guid":{"rendered":"https:\/\/nautical.store\/toode\/henri-lloyd-naisten-dri-fast-pikeepaita\/"},"modified":"2025-10-30T11:27:14","modified_gmt":"2025-10-30T09:27:14","slug":"henri-lloyd-naisten-dri-fast-pikeepaita","status":"publish","type":"product","link":"https:\/\/nautical.store\/fi\/tuote\/henri-lloyd-naisten-dri-fast-pikeepaita\/","title":{"rendered":"Henri Lloyd Naisten Dri Fast -pikeepaita"},"content":{"rendered":"<p><!--StartFragment --><\/p>\n<p>Henri-Lloyd Dri Fast Polo \u2013 30 vuotta huippuosaamista. Nopeasti kuivuva, UV 50 -suojalla varustettu tekninen Dri Fast -pikeepaita on t\u00e4ydellinen yhdistelm\u00e4 tyylik\u00e4st\u00e4 muotoilua ja toiminnallisuutta \u2013 sopii k\u00e4ytett\u00e4v\u00e4ksi sek\u00e4 maalla ett\u00e4 merell\u00e4. Selke\u00e4linjainen ja edustava Dri Fast -pikeepaita on eritt\u00e4in mukava, nopeasti kuivuva paita, jossa on lis\u00e4tty UV-suoja. Suunniteltu aurinkoisiin p\u00e4iviin \u2013 niin rannalle kuin avomerelle. Sopii k\u00e4ytett\u00e4v\u00e4ksi yksitt\u00e4isen\u00e4 kerroksena l\u00e4mpimin\u00e4 ja aktiivisina p\u00e4ivin\u00e4 tai aluskerroksena kerrospukeutumisessa. Sis\u00e4lt\u00e4\u00e4 Polygiene-teknologian, joka takaa pitk\u00e4kestoisen raikkauden ja hajuttoman k\u00e4ytt\u00f6kokemuksen.<\/p>\n<ul>\n<li>Antimikrobinen Polygiene-teknologia pitk\u00e4kestoisen raikkauden takaamiseksi<\/li>\n<li>Kosteutta siirt\u00e4v\u00e4, hengitt\u00e4v\u00e4 ja nopeasti kuivuva maksimaalisen mukavuuden vuoksi<\/li>\n<li>UV 50 -aurinkosuoja<\/li>\n<li>Rypistym\u00e4t\u00f6n kangas \u2013 ei silityst\u00e4<\/li>\n<li>Mekaanisesti joustava kangas helpottaa liikkumista<\/li>\n<li>Kangas: 30\/1 polyesteripikee (kierr\u00e4tetty)<\/li>\n<li>Sophia on 179 cm pitk\u00e4, vy\u00f6t\u00e4r\u00f6nymp\u00e4rys 66 cm ja rinnanymp\u00e4rys 86 cm. H\u00e4n k\u00e4ytt\u00e4\u00e4 kokoa M<\/li>\n<li>Konepesu 40\u202f\u00b0C<\/li>\n<li>\u00c4l\u00e4 valkaise<\/li>\n<li>\u00c4l\u00e4 kuivaa kuivausrummussa<\/li>\n<li>\u00c4l\u00e4 k\u00e4yt\u00e4 huuhteluainetta<\/li>\n<\/ul>\n<p><!--EndFragment --><\/p>\n","protected":false},"excerpt":{"rendered":"<p>Nopeasti kuivuva ja UV-suojattu naisten pikeepaita<\/p>\n","protected":false},"featured_media":88007,"template":"","meta":{"_acf_changed":false},"pwb-brand":[2665],"product_brand":[],"product_cat":[827,1260,1262,590,726],"product_tag":[],"woo-feed-brand":[],"class_list":{"0":"post-88018","1":"product","2":"type-product","3":"status-publish","4":"has-post-thumbnail","6":"pwb-brand-henri-lloyd-fi","7":"product_cat-naiset","8":"product_cat-naisten-golfvaatteet","9":"product_cat-naisten-purjehdusvaatteet","10":"product_cat-paidat","11":"product_cat-tekniset-vaatteet-naiset","13":"first","14":"instock","15":"taxable","16":"shipping-taxable","17":"purchasable","18":"product-type-variable","19":"wvs-archive-product-wrapper"},"acf":[],"brands":[{"id":2665,"name":"Henri Lloyd","slug":"henri-lloyd-fi"}],"_links":{"self":[{"href":"https:\/\/nautical.store\/fi\/wp-json\/wp\/v2\/product\/88018","targetHints":{"allow":["GET"]}}],"collection":[{"href":"https:\/\/nautical.store\/fi\/wp-json\/wp\/v2\/product"}],"about":[{"href":"https:\/\/nautical.store\/fi\/wp-json\/wp\/v2\/types\/product"}],"wp:featuredmedia":[{"embeddable":true,"href":"https:\/\/nautical.store\/fi\/wp-json\/wp\/v2\/media\/88007"}],"wp:attachment":[{"href":"https:\/\/nautical.store\/fi\/wp-json\/wp\/v2\/media?parent=88018"}],"wp:term":[{"taxonomy":"pwb-brand","embeddable":true,"href":"https:\/\/nautical.store\/fi\/wp-json\/wp\/v2\/pwb-brand?post=88018"},{"taxonomy":"product_brand","embeddable":true,"href":"https:\/\/nautical.store\/fi\/wp-json\/wp\/v2\/product_brand?post=88018"},{"taxonomy":"product_cat","embeddable":true,"href":"https:\/\/nautical.store\/fi\/wp-json\/wp\/v2\/product_cat?post=88018"},{"taxonomy":"product_tag","embeddable":true,"href":"https:\/\/nautical.store\/fi\/wp-json\/wp\/v2\/product_tag?post=88018"},{"taxonomy":"woo-feed-brand","embeddable":true,"href":"https:\/\/nautical.store\/fi\/wp-json\/wp\/v2\/woo-feed-brand?post=88018"}],"curies":[{"name":"wp","href":"https:\/\/api.w.org\/{rel}","templated":true}]}}