{"id":88400,"date":"2025-11-09T22:41:35","date_gmt":"2025-11-09T20:41:35","guid":{"rendered":"https:\/\/nautical.store\/toode\/pellep-plannard-kauluri\/"},"modified":"2025-11-09T22:41:35","modified_gmt":"2025-11-09T20:41:35","slug":"pellep-plannard-kauluri","status":"publish","type":"product","link":"https:\/\/nautical.store\/fi\/tuote\/pellep-plannard-kauluri\/","title":{"rendered":"PelleP Plannard Kauluri"},"content":{"rendered":"<p><!--StartFragment --><\/p>\n<p>Plannard-kauluri suojaa kaulaa ja niskaa kylm\u00e4lt\u00e4 tuulelta \u2013 sen voi vet\u00e4\u00e4 poskille tai k\u00e4ytt\u00e4\u00e4 pipona. Pehme\u00e4 materiaali takaa mukavuuden kaikissa tilanteissa. Ulkopinta on yksinkertainen ja sile\u00e4, kun taas sis\u00e4pinnassa on kevyesti ruudullinen rakenne, joka lis\u00e4\u00e4 k\u00e4ytt\u00f6mukavuutta. Kauluri on valmistettu hengitt\u00e4v\u00e4st\u00e4 PLANNARD GRID\u2122 -kankaasta, jossa on nelisuuntainen joustavuus ja erinomaiset kosteuden siirto-ominaisuudet. L\u00e4mmin ja joustava materiaali sopii hyvin aktiiviseen k\u00e4ytt\u00f6\u00f6n my\u00f6s viileiss\u00e4 olosuhteissa.<\/p>\n<ul>\n<li>Materiaali: 100 % polyesteri<\/li>\n<li>PLANNARD GRID\u2122 -materiaali nelisuuntaisella joustolla<\/li>\n<li>Kevyesti ruudullinen sis\u00e4pinta<\/li>\n<li>K\u00e4ytett\u00e4viss\u00e4 kaulurina tai pipona<\/li>\n<li>Sile\u00e4 ulkopinta<\/li>\n<li>Siirt\u00e4\u00e4 kosteutta iholta<\/li>\n<li>Heijastava Pelle P -logo<\/li>\n<li>Pelle P -logomerkki alareunassa<\/li>\n<li>Normaali koko<\/li>\n<\/ul>\n<p>&nbsp;<\/p>\n<p><!--EndFragment --><\/p>\n","protected":false},"excerpt":{"rendered":"<p>Fleece-putkikauluri<\/p>\n","protected":false},"featured_media":88387,"template":"","meta":{"_acf_changed":false},"pwb-brand":[838],"product_brand":[],"product_cat":[926,628,629,777,1259,827,1260],"product_tag":[],"woo-feed-brand":[],"class_list":{"0":"post-88400","1":"product","2":"type-product","3":"status-publish","4":"has-post-thumbnail","6":"pwb-brand-pelle-petterson-fi","7":"product_cat-asusteet-fi","8":"product_cat-asusteet","9":"product_cat-asusteet-naiset","10":"product_cat-miehet","11":"product_cat-miesten-golfvaatteet","12":"product_cat-naiset","13":"product_cat-naisten-golfvaatteet","15":"first","16":"instock","17":"sale","18":"taxable","19":"shipping-taxable","20":"purchasable","21":"product-type-variable","22":"wvs-archive-product-wrapper"},"acf":[],"brands":[{"id":838,"name":"Pelle Petterson","slug":"pelle-petterson-fi"}],"_links":{"self":[{"href":"https:\/\/nautical.store\/fi\/wp-json\/wp\/v2\/product\/88400","targetHints":{"allow":["GET"]}}],"collection":[{"href":"https:\/\/nautical.store\/fi\/wp-json\/wp\/v2\/product"}],"about":[{"href":"https:\/\/nautical.store\/fi\/wp-json\/wp\/v2\/types\/product"}],"wp:featuredmedia":[{"embeddable":true,"href":"https:\/\/nautical.store\/fi\/wp-json\/wp\/v2\/media\/88387"}],"wp:attachment":[{"href":"https:\/\/nautical.store\/fi\/wp-json\/wp\/v2\/media?parent=88400"}],"wp:term":[{"taxonomy":"pwb-brand","embeddable":true,"href":"https:\/\/nautical.store\/fi\/wp-json\/wp\/v2\/pwb-brand?post=88400"},{"taxonomy":"product_brand","embeddable":true,"href":"https:\/\/nautical.store\/fi\/wp-json\/wp\/v2\/product_brand?post=88400"},{"taxonomy":"product_cat","embeddable":true,"href":"https:\/\/nautical.store\/fi\/wp-json\/wp\/v2\/product_cat?post=88400"},{"taxonomy":"product_tag","embeddable":true,"href":"https:\/\/nautical.store\/fi\/wp-json\/wp\/v2\/product_tag?post=88400"},{"taxonomy":"woo-feed-brand","embeddable":true,"href":"https:\/\/nautical.store\/fi\/wp-json\/wp\/v2\/woo-feed-brand?post=88400"}],"curies":[{"name":"wp","href":"https:\/\/api.w.org\/{rel}","templated":true}]}}