{"id":88535,"date":"2025-11-09T22:44:37","date_gmt":"2025-11-09T20:44:37","guid":{"rendered":"https:\/\/nautical.store\/toode\/pellep-gelu-lampoeristetty-lippalakki\/"},"modified":"2025-12-02T12:45:30","modified_gmt":"2025-12-02T10:45:30","slug":"pellep-gelu-lampoeristetty-lippalakki","status":"publish","type":"product","link":"https:\/\/nautical.store\/fi\/tuote\/pellep-gelu-lampoeristetty-lippalakki\/","title":{"rendered":"PelleP Gelu l\u00e4mp\u00f6eristetty lippalakki"},"content":{"rendered":"<p>Tuulen- ja vedenpit\u00e4v\u00e4 Gelu-lippalakki suojaavalla reunuksella on valmistettu kest\u00e4v\u00e4st\u00e4 ripstop-kankaasta ja vuorattu pehme\u00e4ll\u00e4, kierr\u00e4tetyst\u00e4 polyesterist\u00e4 valmistetulla fleecell\u00e4. Reunuksen voi tarvittaessa k\u00e4\u00e4nt\u00e4\u00e4 alas korvien suojaksi.<\/p>\n<ul>\n<li>DWR-k\u00e4sittely on PFC-vapaa.<\/li>\n<li>Materiaali: 100 % polyesteri<\/li>\n<li>Normaali istuvuus<\/li>\n<li>Hi:RES\u00ae 15K2L \u2013 tuulen- ja vedenpit\u00e4v\u00e4 kangas joustavalla kalvolla<\/li>\n<li>P\u00e4\u00e4materiaali: ripstop<\/li>\n<li>L\u00e4mm\u00f6neristeen\u00e4 kierr\u00e4tetty\u00e4 polyesterivanua<\/li>\n<li>Sis\u00e4puolella pehme\u00e4 fleece<\/li>\n<li>PFC-vapaa DWR-k\u00e4sittely<\/li>\n<li>S\u00e4\u00e4dett\u00e4v\u00e4 kiristysnaru ja stopperi takana<\/li>\n<li>Kohokuvioitu P-logo edess\u00e4<\/li>\n<li>Pehme\u00e4 lippa vaahtot\u00e4ytteell\u00e4<\/li>\n<li>Reunuksen voi k\u00e4\u00e4nt\u00e4\u00e4 alas korvien suojaksi tai taittaa yl\u00f6s<\/li>\n<\/ul>\n","protected":false},"excerpt":{"rendered":"<p>L\u00e4mp\u00f6eristetty lippalakki<\/p>\n","protected":false},"featured_media":88363,"template":"","meta":{"_acf_changed":false},"pwb-brand":[838],"product_brand":[],"product_cat":[628,629,1180],"product_tag":[],"woo-feed-brand":[],"class_list":{"0":"post-88535","1":"product","2":"type-product","3":"status-publish","4":"has-post-thumbnail","6":"pwb-brand-pelle-petterson-fi","7":"product_cat-asusteet","8":"product_cat-asusteet-naiset","9":"product_cat-golf-fi","11":"first","12":"outofstock","13":"taxable","14":"shipping-taxable","15":"purchasable","16":"product-type-variable","17":"wvs-archive-product-wrapper"},"acf":[],"brands":[{"id":838,"name":"Pelle Petterson","slug":"pelle-petterson-fi"}],"_links":{"self":[{"href":"https:\/\/nautical.store\/fi\/wp-json\/wp\/v2\/product\/88535","targetHints":{"allow":["GET"]}}],"collection":[{"href":"https:\/\/nautical.store\/fi\/wp-json\/wp\/v2\/product"}],"about":[{"href":"https:\/\/nautical.store\/fi\/wp-json\/wp\/v2\/types\/product"}],"wp:featuredmedia":[{"embeddable":true,"href":"https:\/\/nautical.store\/fi\/wp-json\/wp\/v2\/media\/88363"}],"wp:attachment":[{"href":"https:\/\/nautical.store\/fi\/wp-json\/wp\/v2\/media?parent=88535"}],"wp:term":[{"taxonomy":"pwb-brand","embeddable":true,"href":"https:\/\/nautical.store\/fi\/wp-json\/wp\/v2\/pwb-brand?post=88535"},{"taxonomy":"product_brand","embeddable":true,"href":"https:\/\/nautical.store\/fi\/wp-json\/wp\/v2\/product_brand?post=88535"},{"taxonomy":"product_cat","embeddable":true,"href":"https:\/\/nautical.store\/fi\/wp-json\/wp\/v2\/product_cat?post=88535"},{"taxonomy":"product_tag","embeddable":true,"href":"https:\/\/nautical.store\/fi\/wp-json\/wp\/v2\/product_tag?post=88535"},{"taxonomy":"woo-feed-brand","embeddable":true,"href":"https:\/\/nautical.store\/fi\/wp-json\/wp\/v2\/woo-feed-brand?post=88535"}],"curies":[{"name":"wp","href":"https:\/\/api.w.org\/{rel}","templated":true}]}}