{"id":88880,"date":"2025-05-05T10:07:11","date_gmt":"2025-05-05T07:07:11","guid":{"rendered":"https:\/\/nautical.store\/toode\/pellep-hanskat-1500-glove\/"},"modified":"2025-05-05T10:07:11","modified_gmt":"2025-05-05T07:07:11","slug":"pellep-hanskat-1500-glove","status":"publish","type":"product","link":"https:\/\/nautical.store\/fi\/tuote\/pellep-hanskat-1500-glove\/","title":{"rendered":"PelleP Hanskat 1500 Glove"},"content":{"rendered":"<p><!--StartFragment --><\/p>\n<p>Pid\u00e4tk\u00f6 hanskoista, kun suuntaat rinteeseen? L\u00e4mpim\u00e4t tekniset hanskat, jotka on valmistettu hengitt\u00e4v\u00e4st\u00e4 ja vedenpit\u00e4v\u00e4st\u00e4 kalvosta sek\u00e4 varustettu lumisuojan kiristysny\u00f6rill\u00e4 \u2013 t\u00e4ydelliset puuterilumessa lasketteluun tai muuhun aktiiviseen ulkoiluun.<\/p>\n<p><strong>Materiaali ja ominaisuudet:<\/strong><\/p>\n<ul>\n<li>Materiaali: 100 % polyesteri<\/li>\n<li>Liukumaton k\u00e4mmenen sis\u00e4pinta<\/li>\n<li>Bemberg\u2011vuori<\/li>\n<li>Thermofibre\u2011v\u00e4likerros l\u00e4mm\u00f6n s\u00e4ilytt\u00e4miseksi<\/li>\n<li>Vedenpit\u00e4v\u00e4 ja hengitt\u00e4v\u00e4 kangas<\/li>\n<li>Joustava siksak\u2011sauma ranteessa hyv\u00e4n istuvuuden takaamiseksi<\/li>\n<li>S\u00e4\u00e4dett\u00e4v\u00e4 kiristysny\u00f6ri mansetissa<\/li>\n<li>Saumat k\u00e4mmeness\u00e4 paremman istuvuuden takaamiseksi<\/li>\n<li>Heijastava P\u2011merkki<\/li>\n<\/ul>\n<p><!--EndFragment --><\/p>\n","protected":false},"excerpt":{"rendered":"<p>L\u00e4mpim\u00e4t unisex\u2011tekniset hanskat<\/p>\n","protected":false},"featured_media":78503,"template":"","meta":{"_acf_changed":false},"pwb-brand":[838],"product_brand":[],"product_cat":[628,629],"product_tag":[],"woo-feed-brand":[],"class_list":{"0":"post-88880","1":"product","2":"type-product","3":"status-publish","4":"has-post-thumbnail","6":"pwb-brand-pelle-petterson-fi","7":"product_cat-asusteet","8":"product_cat-asusteet-naiset","10":"first","11":"instock","12":"taxable","13":"shipping-taxable","14":"purchasable","15":"product-type-variable","16":"wvs-archive-product-wrapper"},"acf":[],"brands":[{"id":838,"name":"Pelle Petterson","slug":"pelle-petterson-fi"}],"_links":{"self":[{"href":"https:\/\/nautical.store\/fi\/wp-json\/wp\/v2\/product\/88880","targetHints":{"allow":["GET"]}}],"collection":[{"href":"https:\/\/nautical.store\/fi\/wp-json\/wp\/v2\/product"}],"about":[{"href":"https:\/\/nautical.store\/fi\/wp-json\/wp\/v2\/types\/product"}],"wp:featuredmedia":[{"embeddable":true,"href":"https:\/\/nautical.store\/fi\/wp-json\/wp\/v2\/media\/78503"}],"wp:attachment":[{"href":"https:\/\/nautical.store\/fi\/wp-json\/wp\/v2\/media?parent=88880"}],"wp:term":[{"taxonomy":"pwb-brand","embeddable":true,"href":"https:\/\/nautical.store\/fi\/wp-json\/wp\/v2\/pwb-brand?post=88880"},{"taxonomy":"product_brand","embeddable":true,"href":"https:\/\/nautical.store\/fi\/wp-json\/wp\/v2\/product_brand?post=88880"},{"taxonomy":"product_cat","embeddable":true,"href":"https:\/\/nautical.store\/fi\/wp-json\/wp\/v2\/product_cat?post=88880"},{"taxonomy":"product_tag","embeddable":true,"href":"https:\/\/nautical.store\/fi\/wp-json\/wp\/v2\/product_tag?post=88880"},{"taxonomy":"woo-feed-brand","embeddable":true,"href":"https:\/\/nautical.store\/fi\/wp-json\/wp\/v2\/woo-feed-brand?post=88880"}],"curies":[{"name":"wp","href":"https:\/\/api.w.org\/{rel}","templated":true}]}}