{"id":91071,"date":"2026-02-06T10:43:49","date_gmt":"2026-02-06T08:43:49","guid":{"rendered":"https:\/\/nautical.store\/toode\/ellie-turtle-wp\/"},"modified":"2026-02-06T10:43:49","modified_gmt":"2026-02-06T08:43:49","slug":"ellie-turtle-wp","status":"publish","type":"product","link":"https:\/\/nautical.store\/fi\/tuote\/ellie-turtle-wp\/","title":{"rendered":"Ellie Turtle WP"},"content":{"rendered":"<p><!--StartFragment --><\/p>\n<p>Tuulenpit\u00e4v\u00e4 merinovilla\u2013kashmir\u2011neulepusero. Kaksinkertainen korkea kaulus koristeyksityiskohdalla. Resorineulotut hihansuut ja klassinen, mukava istuvuus. Valmistettu Euroopassa vastuullisesti.<\/p>\n<ul>\n<li>Klassinen ja mukava istuvuus<\/li>\n<li>Tuulenpit\u00e4v\u00e4 sis\u00e4vuori<\/li>\n<li>Korkea kaulus yksityiskohdalla selk\u00e4puolella<\/li>\n<li>Resorineulotut reunat<\/li>\n<li>Valmistettu Euroopassa<\/li>\n<\/ul>\n<p>Materiaali<\/p>\n<ul>\n<li>Neulottu kangas: 10 % kashmir, 90 % hienoa merinovillaa<\/li>\n<li>Tuulenpit\u00e4v\u00e4 vuori: 96 % polyesteri, 4 % elastaani<\/li>\n<\/ul>\n<p>Hoito-ohjeet<\/p>\n<ul>\n<li>K\u00e4yt\u00e4 villapesuohjelmaa<\/li>\n<li>K\u00e4yt\u00e4 mietoa pesuainetta<\/li>\n<li>Pese erill\u00e4\u00e4n<\/li>\n<li>Lyhyt linkous<\/li>\n<li>Kuivaa tasolla<\/li>\n<li>Enimm\u00e4iskutistuminen 5 %<\/li>\n<\/ul>\n<p><!--EndFragment --><\/p>\n","protected":false},"excerpt":{"rendered":"<p>Merinovilla\u2011 ja kashmirsekoitteinen naisten neule, tuulenpit\u00e4v\u00e4ll\u00e4 vuorilla<\/p>\n","protected":false},"featured_media":91066,"template":"","meta":{"_acf_changed":false},"pwb-brand":[836],"product_brand":[],"product_cat":[827,1260,1263,1187,710],"product_tag":[],"woo-feed-brand":[],"class_list":{"0":"post-91071","1":"product","2":"type-product","3":"status-publish","4":"has-post-thumbnail","6":"pwb-brand-holebrook-fi","7":"product_cat-naiset","8":"product_cat-naisten-golfvaatteet","9":"product_cat-naisten-tuulenkestava-takki","10":"product_cat-tuulenpitavat-fi","11":"product_cat-tuulenpitavat-naiset","13":"first","14":"instock","15":"taxable","16":"shipping-taxable","17":"purchasable","18":"product-type-variable","19":"wvs-archive-product-wrapper"},"acf":[],"brands":[{"id":836,"name":"Holebrook","slug":"holebrook-fi"}],"_links":{"self":[{"href":"https:\/\/nautical.store\/fi\/wp-json\/wp\/v2\/product\/91071","targetHints":{"allow":["GET"]}}],"collection":[{"href":"https:\/\/nautical.store\/fi\/wp-json\/wp\/v2\/product"}],"about":[{"href":"https:\/\/nautical.store\/fi\/wp-json\/wp\/v2\/types\/product"}],"wp:featuredmedia":[{"embeddable":true,"href":"https:\/\/nautical.store\/fi\/wp-json\/wp\/v2\/media\/91066"}],"wp:attachment":[{"href":"https:\/\/nautical.store\/fi\/wp-json\/wp\/v2\/media?parent=91071"}],"wp:term":[{"taxonomy":"pwb-brand","embeddable":true,"href":"https:\/\/nautical.store\/fi\/wp-json\/wp\/v2\/pwb-brand?post=91071"},{"taxonomy":"product_brand","embeddable":true,"href":"https:\/\/nautical.store\/fi\/wp-json\/wp\/v2\/product_brand?post=91071"},{"taxonomy":"product_cat","embeddable":true,"href":"https:\/\/nautical.store\/fi\/wp-json\/wp\/v2\/product_cat?post=91071"},{"taxonomy":"product_tag","embeddable":true,"href":"https:\/\/nautical.store\/fi\/wp-json\/wp\/v2\/product_tag?post=91071"},{"taxonomy":"woo-feed-brand","embeddable":true,"href":"https:\/\/nautical.store\/fi\/wp-json\/wp\/v2\/woo-feed-brand?post=91071"}],"curies":[{"name":"wp","href":"https:\/\/api.w.org\/{rel}","templated":true}]}}