{"id":91434,"date":"2026-02-08T16:24:55","date_gmt":"2026-02-08T14:24:55","guid":{"rendered":"https:\/\/nautical.store\/toode\/fred-vest-wp\/"},"modified":"2026-02-08T16:24:55","modified_gmt":"2026-02-08T14:24:55","slug":"fred-vest-wp","status":"publish","type":"product","link":"https:\/\/nautical.store\/fi\/tuote\/fred-vest-wp\/","title":{"rendered":"Fred Vest WP"},"content":{"rendered":"<p>Neulottu, tuulenpit\u00e4v\u00e4 villasekoiteliivi. <!--StartFragment -->Kaksisuuntainen vetoketju ja vetoketjulliset taskut. Korkea joustinneulottu kaulus, jonka sis\u00e4puoli on puuvillaneulosta. Kaksipuolinen neulos. Normaali mitoitus. Valmistettu vastuullisesti Euroopassa.<\/p>\n<ul>\n<li>Normaali mitoitus<\/li>\n<li>Tuulenpit\u00e4v\u00e4 vuori<\/li>\n<li>Kaksipuolinen neulos<\/li>\n<li>Kaksisuuntainen vetoketju<\/li>\n<li>Valmistettu Euroopassa<\/li>\n<li>Neulottu kangas: 80 % villa, 20 % polyamidi<\/li>\n<li>Tuulenpit\u00e4v\u00e4 vuori: 96 % polyesteri, 4 % elastaani<\/li>\n<li>Kudottu kangas: 65 % polyesteri, 35 % puuvilla<\/li>\n<li>Malli on 192 cm pitk\u00e4 ja k\u00e4ytt\u00e4\u00e4 kokoa M<\/li>\n<li>Pese nurinp\u00e4in<\/li>\n<li>Muotoile kosteana<\/li>\n<li>\u00c4l\u00e4 rumpukuivaa<\/li>\n<li>Enimm\u00e4iskutistuminen 5 %<\/li>\n<\/ul>\n<p><!--EndFragment --><\/p>\n","protected":false},"excerpt":{"rendered":"<p>Neulottu, tuulenpit\u00e4v\u00e4 villasekoiteliivi<\/p>\n","protected":false},"featured_media":91328,"template":"","meta":{"_acf_changed":false},"pwb-brand":[836],"product_brand":[],"product_cat":[777,1259,1267,706],"product_tag":[],"woo-feed-brand":[],"class_list":{"0":"post-91434","1":"product","2":"type-product","3":"status-publish","4":"has-post-thumbnail","6":"pwb-brand-holebrook-fi","7":"product_cat-miehet","8":"product_cat-miesten-golfvaatteet","9":"product_cat-tuulenkestava-miestentakki","10":"product_cat-tuulenpitavat-miehet","12":"first","13":"instock","14":"taxable","15":"shipping-taxable","16":"purchasable","17":"product-type-variable","18":"wvs-archive-product-wrapper"},"acf":[],"brands":[{"id":836,"name":"Holebrook","slug":"holebrook-fi"}],"_links":{"self":[{"href":"https:\/\/nautical.store\/fi\/wp-json\/wp\/v2\/product\/91434","targetHints":{"allow":["GET"]}}],"collection":[{"href":"https:\/\/nautical.store\/fi\/wp-json\/wp\/v2\/product"}],"about":[{"href":"https:\/\/nautical.store\/fi\/wp-json\/wp\/v2\/types\/product"}],"wp:featuredmedia":[{"embeddable":true,"href":"https:\/\/nautical.store\/fi\/wp-json\/wp\/v2\/media\/91328"}],"wp:attachment":[{"href":"https:\/\/nautical.store\/fi\/wp-json\/wp\/v2\/media?parent=91434"}],"wp:term":[{"taxonomy":"pwb-brand","embeddable":true,"href":"https:\/\/nautical.store\/fi\/wp-json\/wp\/v2\/pwb-brand?post=91434"},{"taxonomy":"product_brand","embeddable":true,"href":"https:\/\/nautical.store\/fi\/wp-json\/wp\/v2\/product_brand?post=91434"},{"taxonomy":"product_cat","embeddable":true,"href":"https:\/\/nautical.store\/fi\/wp-json\/wp\/v2\/product_cat?post=91434"},{"taxonomy":"product_tag","embeddable":true,"href":"https:\/\/nautical.store\/fi\/wp-json\/wp\/v2\/product_tag?post=91434"},{"taxonomy":"woo-feed-brand","embeddable":true,"href":"https:\/\/nautical.store\/fi\/wp-json\/wp\/v2\/woo-feed-brand?post=91434"}],"curies":[{"name":"wp","href":"https:\/\/api.w.org\/{rel}","templated":true}]}}