{"id":91459,"date":"2026-02-08T17:11:15","date_gmt":"2026-02-08T15:11:15","guid":{"rendered":"https:\/\/nautical.store\/toode\/lissie-mekko\/"},"modified":"2026-02-08T17:11:15","modified_gmt":"2026-02-08T15:11:15","slug":"lissie-mekko","status":"publish","type":"product","link":"https:\/\/nautical.store\/fi\/tuote\/lissie-mekko\/","title":{"rendered":"Lissie Mekko"},"content":{"rendered":"<p><!--StartFragment --><\/p>\n<p>Milano\u2011neuloksinen mekko 100 % luomupuuvillasta. V\u00e4lj\u00e4 mitoitus ja kimonomaiset hihat. Korkeat halkiot sivuilla ja nilkkapituus. Valmistettu vastuullisesti Euroopassa.<\/p>\n<ul>\n<li>V\u00e4lj\u00e4 mitoitus<\/li>\n<li>Milano\u2011neulos<\/li>\n<li>Kimonomaiset hihat<\/li>\n<li>Nilkkapituus<\/li>\n<li>Valmistettu Euroopassa<\/li>\n<li>Pese nurinp\u00e4in<\/li>\n<li>Muotoile kosteana<\/li>\n<li>\u00c4l\u00e4 rumpukuivaa<\/li>\n<li>Pese samanv\u00e4risten kanssa<\/li>\n<li>Silitys nurjalta puolelta<\/li>\n<li>Enimm\u00e4iskutistuminen 5 %<\/li>\n<li>Malli on 173 cm pitk\u00e4 ja k\u00e4ytt\u00e4\u00e4 kokoa S<\/li>\n<\/ul>\n<p><!--EndFragment --><\/p>\n","protected":false},"excerpt":{"rendered":"<p>Milano\u2011neuloksinen mekko 100 % luomupuuvillasta<\/p>\n","protected":false},"featured_media":91232,"template":"","meta":{"_acf_changed":false},"pwb-brand":[836],"product_brand":[],"product_cat":[593,827,601],"product_tag":[],"woo-feed-brand":[],"class_list":{"0":"post-91459","1":"product","2":"type-product","3":"status-publish","4":"has-post-thumbnail","6":"pwb-brand-holebrook-fi","7":"product_cat-mekot","8":"product_cat-naiset","9":"product_cat-neuleet","11":"first","12":"instock","13":"taxable","14":"shipping-taxable","15":"purchasable","16":"product-type-variable","17":"wvs-archive-product-wrapper"},"acf":[],"brands":[{"id":836,"name":"Holebrook","slug":"holebrook-fi"}],"_links":{"self":[{"href":"https:\/\/nautical.store\/fi\/wp-json\/wp\/v2\/product\/91459","targetHints":{"allow":["GET"]}}],"collection":[{"href":"https:\/\/nautical.store\/fi\/wp-json\/wp\/v2\/product"}],"about":[{"href":"https:\/\/nautical.store\/fi\/wp-json\/wp\/v2\/types\/product"}],"wp:featuredmedia":[{"embeddable":true,"href":"https:\/\/nautical.store\/fi\/wp-json\/wp\/v2\/media\/91232"}],"wp:attachment":[{"href":"https:\/\/nautical.store\/fi\/wp-json\/wp\/v2\/media?parent=91459"}],"wp:term":[{"taxonomy":"pwb-brand","embeddable":true,"href":"https:\/\/nautical.store\/fi\/wp-json\/wp\/v2\/pwb-brand?post=91459"},{"taxonomy":"product_brand","embeddable":true,"href":"https:\/\/nautical.store\/fi\/wp-json\/wp\/v2\/product_brand?post=91459"},{"taxonomy":"product_cat","embeddable":true,"href":"https:\/\/nautical.store\/fi\/wp-json\/wp\/v2\/product_cat?post=91459"},{"taxonomy":"product_tag","embeddable":true,"href":"https:\/\/nautical.store\/fi\/wp-json\/wp\/v2\/product_tag?post=91459"},{"taxonomy":"woo-feed-brand","embeddable":true,"href":"https:\/\/nautical.store\/fi\/wp-json\/wp\/v2\/woo-feed-brand?post=91459"}],"curies":[{"name":"wp","href":"https:\/\/api.w.org\/{rel}","templated":true}]}}