{"id":91492,"date":"2026-02-08T19:58:04","date_gmt":"2026-02-08T17:58:04","guid":{"rendered":"https:\/\/nautical.store\/toode\/lissie-neule\/"},"modified":"2026-02-08T19:58:04","modified_gmt":"2026-02-08T17:58:04","slug":"lissie-neule","status":"publish","type":"product","link":"https:\/\/nautical.store\/fi\/tuote\/lissie-neule\/","title":{"rendered":"Lissie Neule"},"content":{"rendered":"<p><!--StartFragment --><\/p>\n<p>Milano\u2011neuloksinen neulepaita 100 % puuvillasta. V\u00e4lj\u00e4 mitoitus, py\u00f6re\u00e4 p\u00e4\u00e4ntie ja leve\u00e4t hihat. Klassinen raitakuosi kolmessa v\u00e4rivaihtoehdossa. Valmistettu vastuullisesti Euroopassa.<\/p>\n<p>Malli on 176 cm pitk\u00e4 ja k\u00e4ytt\u00e4\u00e4 kokoa S<\/p>\n<ul>\n<li>V\u00e4lj\u00e4 mitoitus<\/li>\n<li>Milano\u2011neulos<\/li>\n<li>Leve\u00e4t hihat<\/li>\n<li>Klassiset raidat<\/li>\n<li>Valmistettu Euroopassa<\/li>\n<\/ul>\n<p>Materiaali: Neulottu kangas: 100 % puuvilla (luomu GOTS), 60 % puuvilla (luomu GOTS), 40 % puuvilla<\/p>\n<p>Hoito-ohjeet<br \/>\nPese samanv\u00e4risten kanssa<br \/>\nPese nurinp\u00e4in<br \/>\nMuotoile kosteana<br \/>\n\u00c4l\u00e4 rumpukuivaa<br \/>\nSilitys nurjalta puolelta<br \/>\nEnimm\u00e4iskutistuminen 5 %<\/p>\n<p><!--EndFragment --><\/p>\n","protected":false},"excerpt":{"rendered":"<p>Naisten neulepaita 100 % puuvillasta<\/p>\n","protected":false},"featured_media":91220,"template":"","meta":{"_acf_changed":false},"pwb-brand":[836],"product_brand":[],"product_cat":[827,601,590],"product_tag":[],"woo-feed-brand":[],"class_list":{"0":"post-91492","1":"product","2":"type-product","3":"status-publish","4":"has-post-thumbnail","6":"pwb-brand-holebrook-fi","7":"product_cat-naiset","8":"product_cat-neuleet","9":"product_cat-paidat","11":"first","12":"instock","13":"sale","14":"taxable","15":"shipping-taxable","16":"purchasable","17":"product-type-variable","18":"wvs-archive-product-wrapper"},"acf":[],"brands":[{"id":836,"name":"Holebrook","slug":"holebrook-fi"}],"_links":{"self":[{"href":"https:\/\/nautical.store\/fi\/wp-json\/wp\/v2\/product\/91492","targetHints":{"allow":["GET"]}}],"collection":[{"href":"https:\/\/nautical.store\/fi\/wp-json\/wp\/v2\/product"}],"about":[{"href":"https:\/\/nautical.store\/fi\/wp-json\/wp\/v2\/types\/product"}],"wp:featuredmedia":[{"embeddable":true,"href":"https:\/\/nautical.store\/fi\/wp-json\/wp\/v2\/media\/91220"}],"wp:attachment":[{"href":"https:\/\/nautical.store\/fi\/wp-json\/wp\/v2\/media?parent=91492"}],"wp:term":[{"taxonomy":"pwb-brand","embeddable":true,"href":"https:\/\/nautical.store\/fi\/wp-json\/wp\/v2\/pwb-brand?post=91492"},{"taxonomy":"product_brand","embeddable":true,"href":"https:\/\/nautical.store\/fi\/wp-json\/wp\/v2\/product_brand?post=91492"},{"taxonomy":"product_cat","embeddable":true,"href":"https:\/\/nautical.store\/fi\/wp-json\/wp\/v2\/product_cat?post=91492"},{"taxonomy":"product_tag","embeddable":true,"href":"https:\/\/nautical.store\/fi\/wp-json\/wp\/v2\/product_tag?post=91492"},{"taxonomy":"woo-feed-brand","embeddable":true,"href":"https:\/\/nautical.store\/fi\/wp-json\/wp\/v2\/woo-feed-brand?post=91492"}],"curies":[{"name":"wp","href":"https:\/\/api.w.org\/{rel}","templated":true}]}}