{"id":91525,"date":"2026-02-08T20:33:22","date_gmt":"2026-02-08T18:33:22","guid":{"rendered":"https:\/\/nautical.store\/toode\/meg-crew-neule\/"},"modified":"2026-02-08T20:33:22","modified_gmt":"2026-02-08T18:33:22","slug":"meg-crew-neule","status":"publish","type":"product","link":"https:\/\/nautical.store\/fi\/tuote\/meg-crew-neule\/","title":{"rendered":"Meg Crew Neule"},"content":{"rendered":"<p><!--StartFragment --><\/p>\n<p>Neulepaita 100 % luomupuuvillasta. V\u00e4lj\u00e4 ja mukava malli, jossa on resorineulotut hihansuut ja sivuhalkiot. Raglanhihat sek\u00e4 siisti ja laadukas viimeistely \u2013 neuleen osat on neulottu suoraan muotoonsa. Valmistettu vastuullisesti Euroopassa.<\/p>\n<p>Malli on 176 cm pitk\u00e4 ja k\u00e4ytt\u00e4\u00e4 kokoa S.<\/p>\n<ul>\n<li>V\u00e4lj\u00e4 mitoitus<\/li>\n<li>Raglanhihat<\/li>\n<li>Resorineulotut hihansuut<\/li>\n<li>Sivuhalkiot<\/li>\n<li>Laadukas fully fashioned \u2011viimeistely<\/li>\n<li>Valmistettu Euroopassa<\/li>\n<\/ul>\n<p>Materiaali: Neulottu kangas: 100 % puuvilla (luomu GOTS), 60 % puuvilla (luomu GOTS), 40 % puuvilla<\/p>\n<p>Hoito-ohjeet<\/p>\n<ul>\n<li>Pese samanv\u00e4risten kanssa<\/li>\n<li>Pese nurinp\u00e4in<\/li>\n<li>Muotoile kosteana<\/li>\n<li>\u00c4l\u00e4 rumpukuivaa<\/li>\n<li>Silitys nurjalta puolelta<\/li>\n<li>Enimm\u00e4iskutistuminen 5 %<\/li>\n<\/ul>\n<p><!--EndFragment --><\/p>\n","protected":false},"excerpt":{"rendered":"<p>Yksinkertainen neulepaita 100 % luomupuuvillasta<\/p>\n","protected":false},"featured_media":91148,"template":"","meta":{"_acf_changed":false},"pwb-brand":[836],"product_brand":[],"product_cat":[827,601],"product_tag":[],"woo-feed-brand":[],"class_list":{"0":"post-91525","1":"product","2":"type-product","3":"status-publish","4":"has-post-thumbnail","6":"pwb-brand-holebrook-fi","7":"product_cat-naiset","8":"product_cat-neuleet","10":"first","11":"instock","12":"taxable","13":"shipping-taxable","14":"purchasable","15":"product-type-variable","16":"wvs-archive-product-wrapper"},"acf":[],"brands":[{"id":836,"name":"Holebrook","slug":"holebrook-fi"}],"_links":{"self":[{"href":"https:\/\/nautical.store\/fi\/wp-json\/wp\/v2\/product\/91525","targetHints":{"allow":["GET"]}}],"collection":[{"href":"https:\/\/nautical.store\/fi\/wp-json\/wp\/v2\/product"}],"about":[{"href":"https:\/\/nautical.store\/fi\/wp-json\/wp\/v2\/types\/product"}],"wp:featuredmedia":[{"embeddable":true,"href":"https:\/\/nautical.store\/fi\/wp-json\/wp\/v2\/media\/91148"}],"wp:attachment":[{"href":"https:\/\/nautical.store\/fi\/wp-json\/wp\/v2\/media?parent=91525"}],"wp:term":[{"taxonomy":"pwb-brand","embeddable":true,"href":"https:\/\/nautical.store\/fi\/wp-json\/wp\/v2\/pwb-brand?post=91525"},{"taxonomy":"product_brand","embeddable":true,"href":"https:\/\/nautical.store\/fi\/wp-json\/wp\/v2\/product_brand?post=91525"},{"taxonomy":"product_cat","embeddable":true,"href":"https:\/\/nautical.store\/fi\/wp-json\/wp\/v2\/product_cat?post=91525"},{"taxonomy":"product_tag","embeddable":true,"href":"https:\/\/nautical.store\/fi\/wp-json\/wp\/v2\/product_tag?post=91525"},{"taxonomy":"woo-feed-brand","embeddable":true,"href":"https:\/\/nautical.store\/fi\/wp-json\/wp\/v2\/woo-feed-brand?post=91525"}],"curies":[{"name":"wp","href":"https:\/\/api.w.org\/{rel}","templated":true}]}}