{"id":91549,"date":"2026-02-08T20:54:27","date_gmt":"2026-02-08T18:54:27","guid":{"rendered":"https:\/\/nautical.store\/toode\/lee-neuletakki\/"},"modified":"2026-02-08T20:54:27","modified_gmt":"2026-02-08T18:54:27","slug":"lee-neuletakki","status":"publish","type":"product","link":"https:\/\/nautical.store\/fi\/tuote\/lee-neuletakki\/","title":{"rendered":"Lee Neuletakki"},"content":{"rendered":"<p><!--StartFragment --><\/p>\n<p>Milano\u2011neulejakku 100 % luomupuuvillasta. V\u00e4lj\u00e4 malli, leve\u00e4t hihat ja laskettu olkalinja. Edess\u00e4 kolme nappia ja p\u00e4\u00e4lle ommellut taskut. Valmistettu vastuullisesti Euroopassa.<\/p>\n<p>Malli on 176 cm pitk\u00e4 ja k\u00e4ytt\u00e4\u00e4 kokoa S.<\/p>\n<ul>\n<li>V\u00e4lj\u00e4 mitoitus<\/li>\n<li>Milano\u2011neulos<\/li>\n<li>P\u00e4\u00e4lle ommellut taskut<\/li>\n<li>Leve\u00e4t hihat ja laskettu olkalinja<\/li>\n<li>Valmistettu Euroopassa<\/li>\n<li>Materiaali: Neulottu kangas: 100 % puuvilla (luomu GOTS)<\/li>\n<\/ul>\n<p>Hoito-ohjeet<\/p>\n<ul>\n<li>Pese samanv\u00e4risten kanssa<\/li>\n<li>Pese nurinp\u00e4in<\/li>\n<li>Muotoile kosteana<\/li>\n<li>\u00c4l\u00e4 rumpukuivaa<\/li>\n<li>Silitys nurjalta puolelta<\/li>\n<li>Enimm\u00e4iskutistuminen 5 %<\/li>\n<\/ul>\n<p><!--EndFragment --><\/p>\n","protected":false},"excerpt":{"rendered":"<p>Neulejakku 100 % luomupuuvillasta<\/p>\n","protected":false},"featured_media":91256,"template":"","meta":{"_acf_changed":false},"pwb-brand":[836],"product_brand":[],"product_cat":[827,601],"product_tag":[],"woo-feed-brand":[],"class_list":{"0":"post-91549","1":"product","2":"type-product","3":"status-publish","4":"has-post-thumbnail","6":"pwb-brand-holebrook-fi","7":"product_cat-naiset","8":"product_cat-neuleet","10":"first","11":"instock","12":"taxable","13":"shipping-taxable","14":"purchasable","15":"product-type-variable","16":"wvs-archive-product-wrapper"},"acf":[],"brands":[{"id":836,"name":"Holebrook","slug":"holebrook-fi"}],"_links":{"self":[{"href":"https:\/\/nautical.store\/fi\/wp-json\/wp\/v2\/product\/91549","targetHints":{"allow":["GET"]}}],"collection":[{"href":"https:\/\/nautical.store\/fi\/wp-json\/wp\/v2\/product"}],"about":[{"href":"https:\/\/nautical.store\/fi\/wp-json\/wp\/v2\/types\/product"}],"wp:featuredmedia":[{"embeddable":true,"href":"https:\/\/nautical.store\/fi\/wp-json\/wp\/v2\/media\/91256"}],"wp:attachment":[{"href":"https:\/\/nautical.store\/fi\/wp-json\/wp\/v2\/media?parent=91549"}],"wp:term":[{"taxonomy":"pwb-brand","embeddable":true,"href":"https:\/\/nautical.store\/fi\/wp-json\/wp\/v2\/pwb-brand?post=91549"},{"taxonomy":"product_brand","embeddable":true,"href":"https:\/\/nautical.store\/fi\/wp-json\/wp\/v2\/product_brand?post=91549"},{"taxonomy":"product_cat","embeddable":true,"href":"https:\/\/nautical.store\/fi\/wp-json\/wp\/v2\/product_cat?post=91549"},{"taxonomy":"product_tag","embeddable":true,"href":"https:\/\/nautical.store\/fi\/wp-json\/wp\/v2\/product_tag?post=91549"},{"taxonomy":"woo-feed-brand","embeddable":true,"href":"https:\/\/nautical.store\/fi\/wp-json\/wp\/v2\/woo-feed-brand?post=91549"}],"curies":[{"name":"wp","href":"https:\/\/api.w.org\/{rel}","templated":true}]}}