{"id":91579,"date":"2026-02-08T21:41:33","date_gmt":"2026-02-08T19:41:33","guid":{"rendered":"https:\/\/nautical.store\/toode\/juno-crew-wp\/"},"modified":"2026-02-08T21:41:33","modified_gmt":"2026-02-08T19:41:33","slug":"juno-crew-wp","status":"publish","type":"product","link":"https:\/\/nautical.store\/fi\/tuote\/juno-crew-wp\/","title":{"rendered":"Juno Crew WP"},"content":{"rendered":"<p><!--StartFragment --><\/p>\n<p>Tuulenpit\u00e4v\u00e4 palmikkoneule luomupuuvillasta. Resorineulotut hihansuut tuovat klassisen viimeistelyn. Valmistettu vastuullisesti Euroopassa.<\/p>\n<p>Malli on 173 cm pitk\u00e4 ja k\u00e4ytt\u00e4\u00e4 kokoa S.<\/p>\n<p><strong>Yksityiskohdat<\/strong><\/p>\n<ul>\n<li>V\u00e4lj\u00e4 mitoitus<\/li>\n<li>Tuulenpit\u00e4v\u00e4 vuori<\/li>\n<li>Palmikkoneulos kauttaaltaan<\/li>\n<li>Laskettu olkalinja ja resorineulotut viimeistelyt<\/li>\n<li>Valmistettu Euroopassa<\/li>\n<li>Materiaali: Neulottu kangas: 100 % puuvilla (luomu OCS)<\/li>\n<li>Tuulenpit\u00e4v\u00e4 vuori: 96 % polyesteri, 4 % elastaani<\/li>\n<\/ul>\n<p>&nbsp;<\/p>\n<p>Hoito-ohjeet<\/p>\n<ul>\n<li>Pese samanv\u00e4risten kanssa<\/li>\n<\/ul>\n<ul>\n<li>Pese nurinp\u00e4in<\/li>\n<li>Muotoile kosteana<\/li>\n<li>\u00c4l\u00e4 rumpukuivaa<\/li>\n<li>Silitys nurjalta puolelta<\/li>\n<li>Enimm\u00e4iskutistuminen 5 %<\/li>\n<\/ul>\n<p><!--EndFragment --><\/p>\n","protected":false},"excerpt":{"rendered":"<p>Tuulenpit\u00e4v\u00e4 palmikkoneule luomupuuvillasta<\/p>\n","protected":false},"featured_media":91280,"template":"","meta":{"_acf_changed":false},"pwb-brand":[836],"product_brand":[],"product_cat":[827,1263,710,1187],"product_tag":[],"woo-feed-brand":[],"class_list":{"0":"post-91579","1":"product","2":"type-product","3":"status-publish","4":"has-post-thumbnail","6":"pwb-brand-holebrook-fi","7":"product_cat-naiset","8":"product_cat-naisten-tuulenkestava-takki","9":"product_cat-tuulenpitavat-naiset","10":"product_cat-tuulenpitavat-fi","12":"first","13":"instock","14":"taxable","15":"shipping-taxable","16":"purchasable","17":"product-type-variable","18":"wvs-archive-product-wrapper"},"acf":[],"brands":[{"id":836,"name":"Holebrook","slug":"holebrook-fi"}],"_links":{"self":[{"href":"https:\/\/nautical.store\/fi\/wp-json\/wp\/v2\/product\/91579","targetHints":{"allow":["GET"]}}],"collection":[{"href":"https:\/\/nautical.store\/fi\/wp-json\/wp\/v2\/product"}],"about":[{"href":"https:\/\/nautical.store\/fi\/wp-json\/wp\/v2\/types\/product"}],"wp:featuredmedia":[{"embeddable":true,"href":"https:\/\/nautical.store\/fi\/wp-json\/wp\/v2\/media\/91280"}],"wp:attachment":[{"href":"https:\/\/nautical.store\/fi\/wp-json\/wp\/v2\/media?parent=91579"}],"wp:term":[{"taxonomy":"pwb-brand","embeddable":true,"href":"https:\/\/nautical.store\/fi\/wp-json\/wp\/v2\/pwb-brand?post=91579"},{"taxonomy":"product_brand","embeddable":true,"href":"https:\/\/nautical.store\/fi\/wp-json\/wp\/v2\/product_brand?post=91579"},{"taxonomy":"product_cat","embeddable":true,"href":"https:\/\/nautical.store\/fi\/wp-json\/wp\/v2\/product_cat?post=91579"},{"taxonomy":"product_tag","embeddable":true,"href":"https:\/\/nautical.store\/fi\/wp-json\/wp\/v2\/product_tag?post=91579"},{"taxonomy":"woo-feed-brand","embeddable":true,"href":"https:\/\/nautical.store\/fi\/wp-json\/wp\/v2\/woo-feed-brand?post=91579"}],"curies":[{"name":"wp","href":"https:\/\/api.w.org\/{rel}","templated":true}]}}