{"id":91609,"date":"2026-02-08T22:10:23","date_gmt":"2026-02-08T20:10:23","guid":{"rendered":"https:\/\/nautical.store\/toode\/margot-turtle-wp\/"},"modified":"2026-02-08T22:10:23","modified_gmt":"2026-02-08T20:10:23","slug":"margot-turtle-wp","status":"publish","type":"product","link":"https:\/\/nautical.store\/fi\/tuote\/margot-turtle-wp\/","title":{"rendered":"Margot Turtle WP"},"content":{"rendered":"<p><!--StartFragment --><\/p>\n<p>Tuulenpit\u00e4v\u00e4 sile\u00e4neule pehme\u00e4st\u00e4 villasekoitteesta. V\u00e4lj\u00e4 malli, korkea kaulus ja resorineulotut viimeistelyt. Valmistettu vastuullisesti Euroopassa. Malli on 176 cm pitk\u00e4 ja k\u00e4ytt\u00e4\u00e4 kokoa S.<\/p>\n<ul>\n<li>V\u00e4lj\u00e4 mitoitus<\/li>\n<li>Tuulenpit\u00e4v\u00e4 vuori<\/li>\n<li>Korkea kaulus<\/li>\n<li>Resorineulotut viimeistelyt<\/li>\n<li>Valmistettu Euroopassa<\/li>\n<\/ul>\n<p>Materiaali<\/p>\n<ul>\n<li>Neulottu kangas: 80 % villa, 20 % polyamidi<\/li>\n<li>Tuulenpit\u00e4v\u00e4 vuori: 96 % polyesteri, 4 % elastaani<\/li>\n<\/ul>\n<p>Hoito-ohjeet<\/p>\n<ul>\n<li>Pese nurinp\u00e4in<\/li>\n<li>Muotoile kosteana<\/li>\n<li>\u00c4l\u00e4 rumpukuivaa<\/li>\n<li>Silitys nurjalta puolelta<\/li>\n<li>Enimm\u00e4iskutistuminen 5 %<\/li>\n<\/ul>\n<p><!--EndFragment --><\/p>\n","protected":false},"excerpt":{"rendered":"<p>Tuulenpit\u00e4v\u00e4 korkeakauluksinen neule pehme\u00e4st\u00e4 villasekoitteesta<\/p>\n","protected":false},"featured_media":91172,"template":"","meta":{"_acf_changed":false},"pwb-brand":[836],"product_brand":[],"product_cat":[827,1263,1187,710],"product_tag":[],"woo-feed-brand":[],"class_list":{"0":"post-91609","1":"product","2":"type-product","3":"status-publish","4":"has-post-thumbnail","6":"pwb-brand-holebrook-fi","7":"product_cat-naiset","8":"product_cat-naisten-tuulenkestava-takki","9":"product_cat-tuulenpitavat-fi","10":"product_cat-tuulenpitavat-naiset","12":"first","13":"instock","14":"taxable","15":"shipping-taxable","16":"purchasable","17":"product-type-variable","18":"wvs-archive-product-wrapper"},"acf":[],"brands":[{"id":836,"name":"Holebrook","slug":"holebrook-fi"}],"_links":{"self":[{"href":"https:\/\/nautical.store\/fi\/wp-json\/wp\/v2\/product\/91609","targetHints":{"allow":["GET"]}}],"collection":[{"href":"https:\/\/nautical.store\/fi\/wp-json\/wp\/v2\/product"}],"about":[{"href":"https:\/\/nautical.store\/fi\/wp-json\/wp\/v2\/types\/product"}],"wp:featuredmedia":[{"embeddable":true,"href":"https:\/\/nautical.store\/fi\/wp-json\/wp\/v2\/media\/91172"}],"wp:attachment":[{"href":"https:\/\/nautical.store\/fi\/wp-json\/wp\/v2\/media?parent=91609"}],"wp:term":[{"taxonomy":"pwb-brand","embeddable":true,"href":"https:\/\/nautical.store\/fi\/wp-json\/wp\/v2\/pwb-brand?post=91609"},{"taxonomy":"product_brand","embeddable":true,"href":"https:\/\/nautical.store\/fi\/wp-json\/wp\/v2\/product_brand?post=91609"},{"taxonomy":"product_cat","embeddable":true,"href":"https:\/\/nautical.store\/fi\/wp-json\/wp\/v2\/product_cat?post=91609"},{"taxonomy":"product_tag","embeddable":true,"href":"https:\/\/nautical.store\/fi\/wp-json\/wp\/v2\/product_tag?post=91609"},{"taxonomy":"woo-feed-brand","embeddable":true,"href":"https:\/\/nautical.store\/fi\/wp-json\/wp\/v2\/woo-feed-brand?post=91609"}],"curies":[{"name":"wp","href":"https:\/\/api.w.org\/{rel}","templated":true}]}}