{"id":91641,"date":"2026-02-08T22:30:17","date_gmt":"2026-02-08T20:30:17","guid":{"rendered":"https:\/\/nautical.store\/toode\/gerda-turtle-wp\/"},"modified":"2026-02-08T22:30:17","modified_gmt":"2026-02-08T20:30:17","slug":"gerda-turtle-wp","status":"publish","type":"product","link":"https:\/\/nautical.store\/fi\/tuote\/gerda-turtle-wp\/","title":{"rendered":"Gerda Turtle WP"},"content":{"rendered":"<p><!--StartFragment --><\/p>\n<p>Tuulenpit\u00e4v\u00e4 korkeakauluksinen neule orgaanisesta puuvillasta. V\u00e4lj\u00e4 malli raglanhihoilla ja puhdas, laadukas viimeistely, sill\u00e4 neuleen osat on neulottu suoraan oikeaan muotoon. Resorineulotut reunat. Valmistettu vastuullisesti Euroopassa. Malli on 176 cm pitk\u00e4 ja k\u00e4ytt\u00e4\u00e4 kokoa S.<\/p>\n<ul>\n<li>V\u00e4lj\u00e4 malli raglanhihoilla<\/li>\n<li>Tuulenpit\u00e4v\u00e4 vuori<\/li>\n<li>Korkea kaulus ja resorineulotut viimeistelyt<\/li>\n<li>Puhdas ja laadukas viimeistely, sill\u00e4 neuleen osat on neulottu suoraan oikeaan muotoon<\/li>\n<li>Valmistettu Euroopassa<\/li>\n<\/ul>\n<p>Materiaali<\/p>\n<ul>\n<li>Neulottu kangas: 100 % puuvilla (luomu GOTS), 100 % puuvilla<\/li>\n<li>Tuulenpit\u00e4v\u00e4 vuori: 96 % polyesteri, 4 % elastaani<\/li>\n<\/ul>\n<p>Hoito-ohjeet<\/p>\n<ul>\n<li>Pese nurinp\u00e4in<\/li>\n<li>Muotoile kosteana<\/li>\n<li>\u00c4l\u00e4 rumpukuivaa<\/li>\n<li>Silitys nurjalta puolelta<\/li>\n<li>Enimm\u00e4iskutistuminen 5 %<\/li>\n<\/ul>\n<p><!--EndFragment --><\/p>\n","protected":false},"excerpt":{"rendered":"<p>Tuulenpit\u00e4v\u00e4 korkeakauluksinen neule orgaanisesta puuvillasta<\/p>\n","protected":false},"featured_media":91635,"template":"","meta":{"_acf_changed":false},"pwb-brand":[836],"product_brand":[],"product_cat":[827,1263,1187,710],"product_tag":[],"woo-feed-brand":[],"class_list":{"0":"post-91641","1":"product","2":"type-product","3":"status-publish","4":"has-post-thumbnail","6":"pwb-brand-holebrook-fi","7":"product_cat-naiset","8":"product_cat-naisten-tuulenkestava-takki","9":"product_cat-tuulenpitavat-fi","10":"product_cat-tuulenpitavat-naiset","12":"first","13":"instock","14":"taxable","15":"shipping-taxable","16":"purchasable","17":"product-type-variable","18":"wvs-archive-product-wrapper"},"acf":[],"brands":[{"id":836,"name":"Holebrook","slug":"holebrook-fi"}],"_links":{"self":[{"href":"https:\/\/nautical.store\/fi\/wp-json\/wp\/v2\/product\/91641","targetHints":{"allow":["GET"]}}],"collection":[{"href":"https:\/\/nautical.store\/fi\/wp-json\/wp\/v2\/product"}],"about":[{"href":"https:\/\/nautical.store\/fi\/wp-json\/wp\/v2\/types\/product"}],"wp:featuredmedia":[{"embeddable":true,"href":"https:\/\/nautical.store\/fi\/wp-json\/wp\/v2\/media\/91635"}],"wp:attachment":[{"href":"https:\/\/nautical.store\/fi\/wp-json\/wp\/v2\/media?parent=91641"}],"wp:term":[{"taxonomy":"pwb-brand","embeddable":true,"href":"https:\/\/nautical.store\/fi\/wp-json\/wp\/v2\/pwb-brand?post=91641"},{"taxonomy":"product_brand","embeddable":true,"href":"https:\/\/nautical.store\/fi\/wp-json\/wp\/v2\/product_brand?post=91641"},{"taxonomy":"product_cat","embeddable":true,"href":"https:\/\/nautical.store\/fi\/wp-json\/wp\/v2\/product_cat?post=91641"},{"taxonomy":"product_tag","embeddable":true,"href":"https:\/\/nautical.store\/fi\/wp-json\/wp\/v2\/product_tag?post=91641"},{"taxonomy":"woo-feed-brand","embeddable":true,"href":"https:\/\/nautical.store\/fi\/wp-json\/wp\/v2\/woo-feed-brand?post=91641"}],"curies":[{"name":"wp","href":"https:\/\/api.w.org\/{rel}","templated":true}]}}