{"id":91868,"date":"2026-02-10T10:04:24","date_gmt":"2026-02-10T08:04:24","guid":{"rendered":"https:\/\/nautical.store\/toode\/cajsa-neule-2\/"},"modified":"2026-02-10T10:04:24","modified_gmt":"2026-02-10T08:04:24","slug":"cajsa-neule-2","status":"publish","type":"product","link":"https:\/\/nautical.store\/fi\/tuote\/cajsa-neule-2\/","title":{"rendered":"Cajsa-neule"},"content":{"rendered":"<p><!--StartFragment --><\/p>\n<p>V\u00e4lj\u00e4 neulepusero, jossa on pitk\u00e4t hihat ja pehme\u00e4st\u00e4 merinovillasekoitteesta valmistatud materiaali. Rento istuvuus ja laskettu olkasauma. Suora p\u00e4\u00e4ntie ja pelkistetyt viimeistelyt. Valmistettu Euroopassa vastuullisesti.<\/p>\n<ul>\n<li>Vapaasti laskeutuva, hieman lyhyempi malli<\/li>\n<li>Mukavasti laskeutuva, laskettu olkasauma<\/li>\n<li>Yksinkertaiset viimeistelyt<\/li>\n<li>Lanka on OEKO\u2011TEX\u00ae -sertifioitu<\/li>\n<li>Valmistettu Euroopassa<\/li>\n<li>Neulottu materiaali: 75 % hienoa merinovillaa, 25 % polyamidia<\/li>\n<li>Pese nurinp\u00e4in<\/li>\n<li>Muotoile kosteana<\/li>\n<li>\u00c4l\u00e4 rumpukuivaa<\/li>\n<li>Silit\u00e4 nurinp\u00e4in<\/li>\n<li>Enimm\u00e4iskutistuminen 5 %<\/li>\n<\/ul>\n<p><!--EndFragment --><\/p>\n","protected":false},"excerpt":{"rendered":"<p>Merinovillasekoitteinen neulepusero<\/p>\n","protected":false},"featured_media":91862,"template":"","meta":{"_acf_changed":false},"pwb-brand":[836],"product_brand":[],"product_cat":[827,601],"product_tag":[],"woo-feed-brand":[],"class_list":{"0":"post-91868","1":"product","2":"type-product","3":"status-publish","4":"has-post-thumbnail","6":"pwb-brand-holebrook-fi","7":"product_cat-naiset","8":"product_cat-neuleet","10":"first","11":"instock","12":"taxable","13":"shipping-taxable","14":"purchasable","15":"product-type-variable","16":"wvs-archive-product-wrapper"},"acf":[],"brands":[{"id":836,"name":"Holebrook","slug":"holebrook-fi"}],"_links":{"self":[{"href":"https:\/\/nautical.store\/fi\/wp-json\/wp\/v2\/product\/91868","targetHints":{"allow":["GET"]}}],"collection":[{"href":"https:\/\/nautical.store\/fi\/wp-json\/wp\/v2\/product"}],"about":[{"href":"https:\/\/nautical.store\/fi\/wp-json\/wp\/v2\/types\/product"}],"wp:featuredmedia":[{"embeddable":true,"href":"https:\/\/nautical.store\/fi\/wp-json\/wp\/v2\/media\/91862"}],"wp:attachment":[{"href":"https:\/\/nautical.store\/fi\/wp-json\/wp\/v2\/media?parent=91868"}],"wp:term":[{"taxonomy":"pwb-brand","embeddable":true,"href":"https:\/\/nautical.store\/fi\/wp-json\/wp\/v2\/pwb-brand?post=91868"},{"taxonomy":"product_brand","embeddable":true,"href":"https:\/\/nautical.store\/fi\/wp-json\/wp\/v2\/product_brand?post=91868"},{"taxonomy":"product_cat","embeddable":true,"href":"https:\/\/nautical.store\/fi\/wp-json\/wp\/v2\/product_cat?post=91868"},{"taxonomy":"product_tag","embeddable":true,"href":"https:\/\/nautical.store\/fi\/wp-json\/wp\/v2\/product_tag?post=91868"},{"taxonomy":"woo-feed-brand","embeddable":true,"href":"https:\/\/nautical.store\/fi\/wp-json\/wp\/v2\/woo-feed-brand?post=91868"}],"curies":[{"name":"wp","href":"https:\/\/api.w.org\/{rel}","templated":true}]}}