{"id":92465,"date":"2026-03-24T20:54:10","date_gmt":"2026-03-24T18:54:10","guid":{"rendered":"https:\/\/nautical.store\/toode\/pellep-softshell-takki\/"},"modified":"2026-03-24T20:54:10","modified_gmt":"2026-03-24T18:54:10","slug":"pellep-softshell-takki","status":"publish","type":"product","link":"https:\/\/nautical.store\/fi\/tuote\/pellep-softshell-takki\/","title":{"rendered":"PelleP Softshell\u2011takki"},"content":{"rendered":"<p>Softshell\u2011takki on valmistettu vett\u00e4hylkiv\u00e4st\u00e4 ja hengitt\u00e4v\u00e4st\u00e4 softshell\u2011kankaasta, jossa on joustava kalvo ja verkkovuori. Edess\u00e4 on vetoketju ja piilotetut vetoketjulliset sivutaskut. Materiaali on polyesteri\u00e4 ja pinnassa on PFC\u2011vapaa DWR\u2011k\u00e4sittely. Rinnassa on Pelle P \u2011logo sek\u00e4 sel\u00e4ss\u00e4 ja hihassa P\u2011logo.<br \/>\nMateriaalit: 100 % polyesteri<br \/>\n\u2022 Vett\u00e4hylkiv\u00e4 softshell\u2011kangas joustavalla kalvolla<br \/>\n\u2022 PFC\u2011vapaa DWR\u2011k\u00e4sittely<br \/>\n\u2022 Verkkovuori<br \/>\n\u2022 YKK\u2011vetoketju edess\u00e4 ja piilotetuissa sivutaskuissa<br \/>\n\u2022 Kaksi vetoketjullista sivutaskua<br \/>\n\u2022 Kohokuvioitu PelleP\u2011logopainatus rinnassa<br \/>\n\u2022 Kohokuvioitu P\u2011logopainatus sel\u00e4ss\u00e4<br \/>\n\u2022 Dock P \u2011logopainatus hihassa<br \/>\n\u2022 Normaali istuvuus<br \/>\nModelli (186 cm) k\u00e4ytt\u00e4\u00e4 kokoa M<\/p>\n","protected":false},"excerpt":{"rendered":"<p>Mukava softshell\u2011takki jokap\u00e4iv\u00e4iseen k\u00e4ytt\u00f6\u00f6n<\/p>\n","protected":false},"featured_media":92441,"template":"","meta":{"_acf_changed":false},"pwb-brand":[838],"product_brand":[],"product_cat":[777,1259,1261,702,682,609],"product_tag":[],"woo-feed-brand":[],"class_list":{"0":"post-92465","1":"product","2":"type-product","3":"status-publish","4":"has-post-thumbnail","6":"pwb-brand-pelle-petterson-fi","7":"product_cat-miehet","8":"product_cat-miesten-golfvaatteet","9":"product_cat-miesten-purjehdusvaatteet","10":"product_cat-paallysvaatteet-miehet","11":"product_cat-tekniset-vaatteet","12":"product_cat-uutuudet-miehet","14":"first","15":"instock","16":"taxable","17":"shipping-taxable","18":"purchasable","19":"product-type-variable","20":"wvs-archive-product-wrapper"},"acf":[],"brands":[{"id":838,"name":"Pelle Petterson","slug":"pelle-petterson-fi"}],"_links":{"self":[{"href":"https:\/\/nautical.store\/fi\/wp-json\/wp\/v2\/product\/92465","targetHints":{"allow":["GET"]}}],"collection":[{"href":"https:\/\/nautical.store\/fi\/wp-json\/wp\/v2\/product"}],"about":[{"href":"https:\/\/nautical.store\/fi\/wp-json\/wp\/v2\/types\/product"}],"wp:featuredmedia":[{"embeddable":true,"href":"https:\/\/nautical.store\/fi\/wp-json\/wp\/v2\/media\/92441"}],"wp:attachment":[{"href":"https:\/\/nautical.store\/fi\/wp-json\/wp\/v2\/media?parent=92465"}],"wp:term":[{"taxonomy":"pwb-brand","embeddable":true,"href":"https:\/\/nautical.store\/fi\/wp-json\/wp\/v2\/pwb-brand?post=92465"},{"taxonomy":"product_brand","embeddable":true,"href":"https:\/\/nautical.store\/fi\/wp-json\/wp\/v2\/product_brand?post=92465"},{"taxonomy":"product_cat","embeddable":true,"href":"https:\/\/nautical.store\/fi\/wp-json\/wp\/v2\/product_cat?post=92465"},{"taxonomy":"product_tag","embeddable":true,"href":"https:\/\/nautical.store\/fi\/wp-json\/wp\/v2\/product_tag?post=92465"},{"taxonomy":"woo-feed-brand","embeddable":true,"href":"https:\/\/nautical.store\/fi\/wp-json\/wp\/v2\/woo-feed-brand?post=92465"}],"curies":[{"name":"wp","href":"https:\/\/api.w.org\/{rel}","templated":true}]}}