{"id":92586,"date":"2026-03-25T14:03:51","date_gmt":"2026-03-25T12:03:51","guid":{"rendered":"https:\/\/nautical.store\/toode\/pelle-p-propulsion-tee\/"},"modified":"2026-03-25T14:03:51","modified_gmt":"2026-03-25T12:03:51","slug":"pelle-p-propulsion-tee","status":"publish","type":"product","link":"https:\/\/nautical.store\/fi\/tuote\/pelle-p-propulsion-tee\/","title":{"rendered":"Pelle P Propulsion Tee"},"content":{"rendered":"<p>Parhaan suorituksen saavuttamiseksi mukavuus on avainasemassa. T\u00e4m\u00e4 toiminnallinen V-p\u00e4\u00e4ntiell\u00e4 varustettu T-paita on suunniteltu juuri sit\u00e4 varten. Propulsion-paita on valmistettu kevyest\u00e4 ja joustavasta materiaalista, joka liikkuu sulavasti jokaisen liikkeesi mukana. L\u00e4mpimiss\u00e4 olosuhteissa aktiivisesti liikkuessa kosteutta siirt\u00e4v\u00e4 kangas tarjoaa pehme\u00e4n ja viile\u00e4n tunteen sek\u00e4 est\u00e4\u00e4 kankaan tarttumisen ihoon. UV50+ -suoja huolehtii hyvinvoinnistasi my\u00f6s voimakkaassa auringonpaisteessa. Pelle P -br\u00e4ndille ominaisia yksityiskohtia ovat logo-merkint\u00e4 sel\u00e4n keskell\u00e4 ja etuolkap\u00e4\u00e4ll\u00e4 sek\u00e4 True Experience -painatus, joka kulkee tyylikk\u00e4\u00e4sti sivusauman my\u00f6t\u00e4isesti.<\/p>\n<p>Materiaali: 80 % polyamidia, 20 % elastaania<\/p>\n<ul>\n<li>Toiminnallinen V-p\u00e4\u00e4ntiell\u00e4 varustettu T-paita<\/li>\n<li>Viilent\u00e4v\u00e4 ja miellytt\u00e4v\u00e4 p\u00e4\u00e4ll\u00e4<\/li>\n<li>Kosteutta siirt\u00e4v\u00e4 materiaali<\/li>\n<li>Kevyt ja joustava kangas<\/li>\n<li>UV50+ -suoja<\/li>\n<li>Kontrastivahvistetut bartack-tikkaukset<\/li>\n<li>Pelle P -logo etuolkap\u00e4\u00e4ll\u00e4<\/li>\n<li>P-logo sel\u00e4n keskell\u00e4<\/li>\n<li>True Experience -painatus alasel\u00e4ss\u00e4<\/li>\n<\/ul>\n","protected":false},"excerpt":{"rendered":"<p>Parhaan suorituksen saavuttamiseksi mukavuus on avainasemassa. T\u00e4m\u00e4 toiminnallinen V-p\u00e4\u00e4ntiell\u00e4 varustettu T-paita on suunniteltu juuri sit\u00e4 varten. Propulsion-paita on valmistettu kevyest\u00e4 ja joustavasta materiaalista, joka liikkuu sulavasti jokaisen liikkeesi mukana. L\u00e4mpimiss\u00e4 olosuhteissa aktiivisesti liikkuessa kosteutta siirt\u00e4v\u00e4 kangas tarjoaa pehme\u00e4n ja viile\u00e4n tunteen sek\u00e4 est\u00e4\u00e4 kankaan tarttumisen ihoon. UV50+ -suoja huolehtii hyvinvoinnistasi my\u00f6s voimakkaassa auringonpaisteessa. Pelle P [&hellip;]<\/p>\n","protected":false},"featured_media":92566,"template":"","meta":{"_acf_changed":false},"pwb-brand":[838],"product_brand":[],"product_cat":[777,1259,1261,633,682,609],"product_tag":[],"woo-feed-brand":[],"class_list":{"0":"post-92586","1":"product","2":"type-product","3":"status-publish","4":"has-post-thumbnail","6":"pwb-brand-pelle-petterson-fi","7":"product_cat-miehet","8":"product_cat-miesten-golfvaatteet","9":"product_cat-miesten-purjehdusvaatteet","10":"product_cat-paidat-fi","11":"product_cat-tekniset-vaatteet","12":"product_cat-uutuudet-miehet","14":"first","15":"instock","16":"taxable","17":"shipping-taxable","18":"purchasable","19":"product-type-variable","20":"wvs-archive-product-wrapper"},"acf":[],"brands":[{"id":838,"name":"Pelle Petterson","slug":"pelle-petterson-fi"}],"_links":{"self":[{"href":"https:\/\/nautical.store\/fi\/wp-json\/wp\/v2\/product\/92586","targetHints":{"allow":["GET"]}}],"collection":[{"href":"https:\/\/nautical.store\/fi\/wp-json\/wp\/v2\/product"}],"about":[{"href":"https:\/\/nautical.store\/fi\/wp-json\/wp\/v2\/types\/product"}],"wp:featuredmedia":[{"embeddable":true,"href":"https:\/\/nautical.store\/fi\/wp-json\/wp\/v2\/media\/92566"}],"wp:attachment":[{"href":"https:\/\/nautical.store\/fi\/wp-json\/wp\/v2\/media?parent=92586"}],"wp:term":[{"taxonomy":"pwb-brand","embeddable":true,"href":"https:\/\/nautical.store\/fi\/wp-json\/wp\/v2\/pwb-brand?post=92586"},{"taxonomy":"product_brand","embeddable":true,"href":"https:\/\/nautical.store\/fi\/wp-json\/wp\/v2\/product_brand?post=92586"},{"taxonomy":"product_cat","embeddable":true,"href":"https:\/\/nautical.store\/fi\/wp-json\/wp\/v2\/product_cat?post=92586"},{"taxonomy":"product_tag","embeddable":true,"href":"https:\/\/nautical.store\/fi\/wp-json\/wp\/v2\/product_tag?post=92586"},{"taxonomy":"woo-feed-brand","embeddable":true,"href":"https:\/\/nautical.store\/fi\/wp-json\/wp\/v2\/woo-feed-brand?post=92586"}],"curies":[{"name":"wp","href":"https:\/\/api.w.org\/{rel}","templated":true}]}}