{"id":92837,"date":"2026-03-26T15:09:27","date_gmt":"2026-03-26T13:09:27","guid":{"rendered":"https:\/\/nautical.store\/toode\/miesten-cool-breeze-takki\/"},"modified":"2026-03-26T20:26:56","modified_gmt":"2026-03-26T18:26:56","slug":"miesten-cool-breeze-takki","status":"publish","type":"product","link":"https:\/\/nautical.store\/fi\/tuote\/miesten-cool-breeze-takki\/","title":{"rendered":"Miesten Cool Breeze \u2011takki"},"content":{"rendered":"<p>Cool Breeze \u2011takki: T\u00e4ydellinen suoja purjehtijoille ja veneilij\u00f6ille. Kevyt, vedenpit\u00e4v\u00e4 ja l\u00e4mmin, mikrofleece\u2011vuorella. \u00c4lyk\u00e4s muotoilu, runsaasti taskuja ja helppo br\u00e4nd\u00e4t\u00e4. Sopii erinomaisesti jokap\u00e4iv\u00e4iseen k\u00e4ytt\u00f6\u00f6n tai miehist\u00f6n edustusasuksi.<\/p>\n<ul>\n<li>2\u2011kerroksinen PFC\u2011vapaa DRI SHELL \u2011teknologia teipatuilla saumoilla \u2013 eritt\u00e4in kevyt ja suojaava ulkokerros<\/li>\n<li>Micro Fleece \u2011vuori \u2013 l\u00e4mp\u00f6\u00e4 ja mukavuutta huonommalla s\u00e4\u00e4ll\u00e4<\/li>\n<li>S\u00e4\u00e4dett\u00e4v\u00e4t tarrakiinnitteiset hihansuut pit\u00e4v\u00e4t tuulen loitolla<\/li>\n<li>Nelj\u00e4 vetoketjutaskua \u2013 runsaasti turvallista s\u00e4ilytystilaa p\u00e4ivitt\u00e4isille tavaroille<\/li>\n<li>Nailonhihavuori \u2013 mukava liikkua my\u00f6s kerrospukeutumisessa<\/li>\n<li>Piilotettu sis\u00e4vetoketju<\/li>\n<li>Helppo br\u00e4nd\u00e4t\u00e4 tiimeille ja yrityksille<\/li>\n<li>S\u00e4\u00e4dett\u00e4v\u00e4 helma<\/li>\n<li>Fleecevuorattu kaulus lis\u00e4\u00e4 pehmeytt\u00e4 ja k\u00e4ytt\u00f6mukavuutta<\/li>\n<li>Malli on 185 cm pitk\u00e4, h\u00e4nen vy\u00f6t\u00e4r\u00f6nymp\u00e4ryksens\u00e4 on 76 cm ja rinnan\u00adymp\u00e4ryksens\u00e4 102 cm, ja h\u00e4n k\u00e4ytt\u00e4\u00e4 kokoa L<\/li>\n<li>Kangas: DRI SHELL 2\u2011kerroksinen<\/li>\n<li>10k vedenpit\u00e4vyys<\/li>\n<li>Verkkovuori<\/li>\n<\/ul>\n<p>Hoito-ohjeet:<\/p>\n<ul>\n<li>Konepesu 30\u202f\u00b0C, hell\u00e4varainen ohjelma<\/li>\n<li>\u00c4l\u00e4 valkaise<\/li>\n<li>Rumpukuivaus matalassa l\u00e4mp\u00f6tilassa (alle 60\u202f\u00b0C)<\/li>\n<li>Silitys matalassa l\u00e4mp\u00f6tilassa (alle 110\u202f\u00b0C), ilman h\u00f6yry\u00e4<\/li>\n<li>Ei kemiallista pesua<\/li>\n<\/ul>\n<p>Paras suorituskyky ja pitk\u00e4 k\u00e4ytt\u00f6ik\u00e4 s\u00e4ilyv\u00e4t s\u00e4\u00e4nn\u00f6llisell\u00e4 puhdistuksella \u2013 se poistaa suolan, \u00f6ljyn ja lian sek\u00e4 palauttaa kankaan DWR\u2011ominaisuudet.<\/p>\n","protected":false},"excerpt":{"rendered":"<p>Cool Breeze \u2011takki: T\u00e4ydellinen suoja purjehtijoille ja veneilij\u00f6ille. Kevyt, vedenpit\u00e4v\u00e4 ja l\u00e4mmin, mikrofleece\u2011vuorella. \u00c4lyk\u00e4s muotoilu, runsaasti taskuja ja helppo br\u00e4nd\u00e4t\u00e4. Sopii erinomaisesti jokap\u00e4iv\u00e4iseen k\u00e4ytt\u00f6\u00f6n tai miehist\u00f6n edustusasuksi. 2\u2011kerroksinen PFC\u2011vapaa DRI SHELL \u2011teknologia teipatuilla saumoilla \u2013 eritt\u00e4in kevyt ja suojaava ulkokerros Micro Fleece \u2011vuori \u2013 l\u00e4mp\u00f6\u00e4 ja mukavuutta huonommalla s\u00e4\u00e4ll\u00e4 S\u00e4\u00e4dett\u00e4v\u00e4t tarrakiinnitteiset hihansuut pit\u00e4v\u00e4t tuulen loitolla [&hellip;]<\/p>\n","protected":false},"featured_media":92818,"template":"","meta":{"_acf_changed":false},"pwb-brand":[2665],"product_brand":[],"product_cat":[777,1259,1261,702,1269,682,609],"product_tag":[],"woo-feed-brand":[],"class_list":{"0":"post-92837","1":"product","2":"type-product","3":"status-publish","4":"has-post-thumbnail","6":"pwb-brand-henri-lloyd-fi","7":"product_cat-miehet","8":"product_cat-miesten-golfvaatteet","9":"product_cat-miesten-purjehdusvaatteet","10":"product_cat-paallysvaatteet-miehet","11":"product_cat-purjehdus","12":"product_cat-tekniset-vaatteet","13":"product_cat-uutuudet-miehet","15":"first","16":"instock","17":"taxable","18":"shipping-taxable","19":"purchasable","20":"product-type-variable","21":"wvs-archive-product-wrapper"},"acf":[],"brands":[{"id":2665,"name":"Henri Lloyd","slug":"henri-lloyd-fi"}],"_links":{"self":[{"href":"https:\/\/nautical.store\/fi\/wp-json\/wp\/v2\/product\/92837","targetHints":{"allow":["GET"]}}],"collection":[{"href":"https:\/\/nautical.store\/fi\/wp-json\/wp\/v2\/product"}],"about":[{"href":"https:\/\/nautical.store\/fi\/wp-json\/wp\/v2\/types\/product"}],"wp:featuredmedia":[{"embeddable":true,"href":"https:\/\/nautical.store\/fi\/wp-json\/wp\/v2\/media\/92818"}],"wp:attachment":[{"href":"https:\/\/nautical.store\/fi\/wp-json\/wp\/v2\/media?parent=92837"}],"wp:term":[{"taxonomy":"pwb-brand","embeddable":true,"href":"https:\/\/nautical.store\/fi\/wp-json\/wp\/v2\/pwb-brand?post=92837"},{"taxonomy":"product_brand","embeddable":true,"href":"https:\/\/nautical.store\/fi\/wp-json\/wp\/v2\/product_brand?post=92837"},{"taxonomy":"product_cat","embeddable":true,"href":"https:\/\/nautical.store\/fi\/wp-json\/wp\/v2\/product_cat?post=92837"},{"taxonomy":"product_tag","embeddable":true,"href":"https:\/\/nautical.store\/fi\/wp-json\/wp\/v2\/product_tag?post=92837"},{"taxonomy":"woo-feed-brand","embeddable":true,"href":"https:\/\/nautical.store\/fi\/wp-json\/wp\/v2\/woo-feed-brand?post=92837"}],"curies":[{"name":"wp","href":"https:\/\/api.w.org\/{rel}","templated":true}]}}