{"id":92978,"date":"2026-03-26T20:34:31","date_gmt":"2026-03-26T18:34:31","guid":{"rendered":"https:\/\/nautical.store\/toode\/breeze-liivi\/"},"modified":"2026-03-26T20:34:31","modified_gmt":"2026-03-26T18:34:31","slug":"breeze-liivi","status":"publish","type":"product","link":"https:\/\/nautical.store\/fi\/tuote\/breeze-liivi\/","title":{"rendered":"Breeze\u2011liivi"},"content":{"rendered":"<p>Koe erinomainen suoja ja mukavuus l\u00e4mpim\u00e4mm\u00e4ll\u00e4 s\u00e4\u00e4ll\u00e4 \u2013 Breeze\u2011liivi on kevyt, vedenpit\u00e4v\u00e4 ja t\u00e4ydellinen purjehdukseen sek\u00e4 rannikkoaktiviteetteihin. Mikrofleece\u2011vuori tuo l\u00e4mp\u00f6\u00e4, \u00e4lyk\u00e4s muotoilu tarjoaa runsaasti taskuja ja liiviin voi lis\u00e4t\u00e4 my\u00f6s tiimin tai yrityksen br\u00e4nd\u00e4yksen. Sopii erinomaisesti jokap\u00e4iv\u00e4iseen k\u00e4ytt\u00f6\u00f6n tai miehist\u00f6n edustusasuksi.<\/p>\n<ul>\n<li>Keskikorkea fleeceverkolla vuorattu kaulus takaa mukavuuden koko p\u00e4iv\u00e4ksi<\/li>\n<li>2\u2011kerroksinen PFC\u2011vapaa DRI SHELL \u2011teknologia teipatuilla saumoilla ja verkkovuorella \u2013 eritt\u00e4in kevyt suojaava ulkokerros<\/li>\n<li>Nelj\u00e4 vetoketjutaskua tarjoavat runsaasti turvallista s\u00e4ilytystilaa p\u00e4ivitt\u00e4isille tavaroille<\/li>\n<li>Piilotettu sis\u00e4vetoketju<\/li>\n<li>Helppo br\u00e4nd\u00e4t\u00e4 tiimeille ja yrityksille<\/li>\n<\/ul>\n<p>Kangas: DRI SHELL 2\u2011kerroksinen 10k vedenpit\u00e4vyys Verkkovuori<\/p>\n<p>Hoito-ohjeet:<\/p>\n<ul>\n<li>Konepesu 30\u202f\u00b0C, hell\u00e4varainen ohjelma<\/li>\n<li>\u00c4l\u00e4 valkaise<\/li>\n<li>Rumpukuivaus matalassa l\u00e4mp\u00f6tilassa (alle 60\u202f\u00b0C)<\/li>\n<li>Silitys matalassa l\u00e4mp\u00f6tilassa (alle 110\u202f\u00b0C), ilman h\u00f6yry\u00e4<\/li>\n<li>Ei kemiallista pesua<\/li>\n<\/ul>\n<p>Parhaan suorituskyvyn ja pitk\u00e4n k\u00e4ytt\u00f6i\u00e4n varmistamiseksi puhdista tuotetta s\u00e4\u00e4nn\u00f6llisesti \u2013 se poistaa suolan, \u00f6ljyn ja lian sek\u00e4 palauttaa kankaan DWR\u2011ominaisuudet.<\/p>\n","protected":false},"excerpt":{"rendered":"<p>Koe erinomainen suoja ja mukavuus l\u00e4mpim\u00e4mm\u00e4ll\u00e4 s\u00e4\u00e4ll\u00e4 \u2013 Breeze\u2011liivi on kevyt, vedenpit\u00e4v\u00e4 ja t\u00e4ydellinen purjehdukseen sek\u00e4 rannikkoaktiviteetteihin. Mikrofleece\u2011vuori tuo l\u00e4mp\u00f6\u00e4, \u00e4lyk\u00e4s muotoilu tarjoaa runsaasti taskuja ja liiviin voi lis\u00e4t\u00e4 my\u00f6s tiimin tai yrityksen br\u00e4nd\u00e4yksen. Sopii erinomaisesti jokap\u00e4iv\u00e4iseen k\u00e4ytt\u00f6\u00f6n tai miehist\u00f6n edustusasuksi. Keskikorkea fleeceverkolla vuorattu kaulus takaa mukavuuden koko p\u00e4iv\u00e4ksi 2\u2011kerroksinen PFC\u2011vapaa DRI SHELL \u2011teknologia teipatuilla [&hellip;]<\/p>\n","protected":false},"featured_media":92927,"template":"","meta":{"_acf_changed":false},"pwb-brand":[2665],"product_brand":[],"product_cat":[777,1259,1261,702,1269,682,609],"product_tag":[],"woo-feed-brand":[],"class_list":{"0":"post-92978","1":"product","2":"type-product","3":"status-publish","4":"has-post-thumbnail","6":"pwb-brand-henri-lloyd-fi","7":"product_cat-miehet","8":"product_cat-miesten-golfvaatteet","9":"product_cat-miesten-purjehdusvaatteet","10":"product_cat-paallysvaatteet-miehet","11":"product_cat-purjehdus","12":"product_cat-tekniset-vaatteet","13":"product_cat-uutuudet-miehet","15":"first","16":"instock","17":"taxable","18":"shipping-taxable","19":"purchasable","20":"product-type-variable","21":"wvs-archive-product-wrapper"},"acf":[],"brands":[{"id":2665,"name":"Henri Lloyd","slug":"henri-lloyd-fi"}],"_links":{"self":[{"href":"https:\/\/nautical.store\/fi\/wp-json\/wp\/v2\/product\/92978","targetHints":{"allow":["GET"]}}],"collection":[{"href":"https:\/\/nautical.store\/fi\/wp-json\/wp\/v2\/product"}],"about":[{"href":"https:\/\/nautical.store\/fi\/wp-json\/wp\/v2\/types\/product"}],"wp:featuredmedia":[{"embeddable":true,"href":"https:\/\/nautical.store\/fi\/wp-json\/wp\/v2\/media\/92927"}],"wp:attachment":[{"href":"https:\/\/nautical.store\/fi\/wp-json\/wp\/v2\/media?parent=92978"}],"wp:term":[{"taxonomy":"pwb-brand","embeddable":true,"href":"https:\/\/nautical.store\/fi\/wp-json\/wp\/v2\/pwb-brand?post=92978"},{"taxonomy":"product_brand","embeddable":true,"href":"https:\/\/nautical.store\/fi\/wp-json\/wp\/v2\/product_brand?post=92978"},{"taxonomy":"product_cat","embeddable":true,"href":"https:\/\/nautical.store\/fi\/wp-json\/wp\/v2\/product_cat?post=92978"},{"taxonomy":"product_tag","embeddable":true,"href":"https:\/\/nautical.store\/fi\/wp-json\/wp\/v2\/product_tag?post=92978"},{"taxonomy":"woo-feed-brand","embeddable":true,"href":"https:\/\/nautical.store\/fi\/wp-json\/wp\/v2\/woo-feed-brand?post=92978"}],"curies":[{"name":"wp","href":"https:\/\/api.w.org\/{rel}","templated":true}]}}