{"id":93081,"date":"2026-03-28T20:22:41","date_gmt":"2026-03-28T18:22:41","guid":{"rendered":"https:\/\/nautical.store\/toode\/pellep-ondine-unisex-kylpytakki\/"},"modified":"2026-03-28T20:22:41","modified_gmt":"2026-03-28T18:22:41","slug":"pellep-ondine-unisex-kylpytakki","status":"publish","type":"product","link":"https:\/\/nautical.store\/fi\/tuote\/pellep-ondine-unisex-kylpytakki\/","title":{"rendered":"PelleP Ondine unisex\u2011kylpytakki"},"content":{"rendered":"<p>Paksusta puuvillasta valmistettu mukava kylpytakki, joka sopii sek\u00e4 naisille ett\u00e4 miehille. Valitse oma kokosi, ja suurempi koko sopii my\u00f6s XXL\u2011kokoiselle.<\/p>\n<p>S\/M pituus 134 cm<\/p>\n<p>L\/XL pituus 144 cm<\/p>\n<ul>\n<li>Materiaali: 100 % puuvill<\/li>\n<li>Malli: v\u00e4lj\u00e4<\/li>\n<li>Pehme\u00e4 ja paksu raidallinen puuvillafrotee<\/li>\n<li>Kaksi p\u00e4\u00e4lle ommeltua etutaskua<\/li>\n<li>Iso P\u2011logokirjailu vasemmassa hihassa<\/li>\n<li>Pieni P\u2011logokirjailu p\u00e4\u00e4ntiell\u00e4<\/li>\n<li>Vy\u00f6 samaa kangasta<\/li>\n<\/ul>\n","protected":false},"excerpt":{"rendered":"<p>Pitk\u00e4 ja pehme puuvillafroteekylpytakki<\/p>\n","protected":false},"featured_media":93072,"template":"","meta":{"_acf_changed":false},"pwb-brand":[838],"product_brand":[],"product_cat":[629,628,777,827,588,609],"product_tag":[],"woo-feed-brand":[],"class_list":{"0":"post-93081","1":"product","2":"type-product","3":"status-publish","4":"has-post-thumbnail","6":"pwb-brand-pelle-petterson-fi","7":"product_cat-asusteet-naiset","8":"product_cat-asusteet","9":"product_cat-miehet","10":"product_cat-naiset","11":"product_cat-uutuudet","12":"product_cat-uutuudet-miehet","14":"first","15":"instock","16":"taxable","17":"shipping-taxable","18":"purchasable","19":"product-type-variable","20":"wvs-archive-product-wrapper"},"acf":[],"brands":[{"id":838,"name":"Pelle Petterson","slug":"pelle-petterson-fi"}],"_links":{"self":[{"href":"https:\/\/nautical.store\/fi\/wp-json\/wp\/v2\/product\/93081","targetHints":{"allow":["GET"]}}],"collection":[{"href":"https:\/\/nautical.store\/fi\/wp-json\/wp\/v2\/product"}],"about":[{"href":"https:\/\/nautical.store\/fi\/wp-json\/wp\/v2\/types\/product"}],"wp:featuredmedia":[{"embeddable":true,"href":"https:\/\/nautical.store\/fi\/wp-json\/wp\/v2\/media\/93072"}],"wp:attachment":[{"href":"https:\/\/nautical.store\/fi\/wp-json\/wp\/v2\/media?parent=93081"}],"wp:term":[{"taxonomy":"pwb-brand","embeddable":true,"href":"https:\/\/nautical.store\/fi\/wp-json\/wp\/v2\/pwb-brand?post=93081"},{"taxonomy":"product_brand","embeddable":true,"href":"https:\/\/nautical.store\/fi\/wp-json\/wp\/v2\/product_brand?post=93081"},{"taxonomy":"product_cat","embeddable":true,"href":"https:\/\/nautical.store\/fi\/wp-json\/wp\/v2\/product_cat?post=93081"},{"taxonomy":"product_tag","embeddable":true,"href":"https:\/\/nautical.store\/fi\/wp-json\/wp\/v2\/product_tag?post=93081"},{"taxonomy":"woo-feed-brand","embeddable":true,"href":"https:\/\/nautical.store\/fi\/wp-json\/wp\/v2\/woo-feed-brand?post=93081"}],"curies":[{"name":"wp","href":"https:\/\/api.w.org\/{rel}","templated":true}]}}