{"id":93222,"date":"2026-03-29T12:12:28","date_gmt":"2026-03-29T09:12:28","guid":{"rendered":"https:\/\/nautical.store\/toode\/pellep-anchorage-maksimekko\/"},"modified":"2026-03-30T09:10:26","modified_gmt":"2026-03-30T06:10:26","slug":"pellep-anchorage-maksimekko","status":"publish","type":"product","link":"https:\/\/nautical.store\/fi\/tuote\/pellep-anchorage-maksimekko\/","title":{"rendered":"PelleP Anchorage Maksimekko"},"content":{"rendered":"<p>Pehme\u00e4sti laskeutuva ja mukava mekko, joka tuo asuun ripauksen tyyli\u00e4. Anchorage\u2011pitk\u00e4 mekko on arkeen sopiva vaate, jota korostavat hienovaraiset design\u2011yksityiskohdat ja kevyt, joustava trikookangas.<\/p>\n<p>Mekko on valmistettu ohuesta ja joustavasta yksikerroksisesta trikoosta, joka laskeutuu kauniisti ja tuntuu miellytt\u00e4v\u00e4lt\u00e4 p\u00e4\u00e4ll\u00e4. Istuvuus on mukavan v\u00e4lj\u00e4 ja helppo k\u00e4ytt\u00e4\u00e4 eri tilanteissa.<\/p>\n<ul>\n<li>62 % polyesteri\u00e4, 33 % viskoosia, 5 % elastaania<\/li>\n<li>Mukava, normaali istuvuus<\/li>\n<li>Ohut yksikerroksinen trikoo<\/li>\n<li>Edess\u00e4 drapeeraus<\/li>\n<li>Vy\u00f6t\u00e4r\u00f6ll\u00e4 drapeerattu solmuyksityiskohta<\/li>\n<li>Hieman kellomaiset hihat<\/li>\n<li>Hihassa merkki kohokuvioidulla P\u2011logolla<\/li>\n<li>Kontrastiv\u00e4riset bartack\u2011tikkaukset<\/li>\n<\/ul>\n","protected":false},"excerpt":{"rendered":"<p>Pehme\u00e4sti laskeutuva ja mukava mekko, joka tuo asuun ripauksen tyyli\u00e4. Anchorage\u2011pitk\u00e4 mekko on arkeen sopiva vaate, jota korostavat hienovaraiset design\u2011yksityiskohdat ja kevyt, joustava trikookangas. Mekko on valmistettu ohuesta ja joustavasta yksikerroksisesta trikoosta, joka laskeutuu kauniisti ja tuntuu miellytt\u00e4v\u00e4lt\u00e4 p\u00e4\u00e4ll\u00e4. Istuvuus on mukavan v\u00e4lj\u00e4 ja helppo k\u00e4ytt\u00e4\u00e4 eri tilanteissa. 62 % polyesteri\u00e4, 33 % viskoosia, 5 [&hellip;]<\/p>\n","protected":false},"featured_media":93194,"template":"","meta":{"_acf_changed":false},"pwb-brand":[838],"product_brand":[],"product_cat":[593,827,588],"product_tag":[],"woo-feed-brand":[],"class_list":{"0":"post-93222","1":"product","2":"type-product","3":"status-publish","4":"has-post-thumbnail","6":"pwb-brand-pelle-petterson-fi","7":"product_cat-mekot","8":"product_cat-naiset","9":"product_cat-uutuudet","11":"first","12":"instock","13":"taxable","14":"shipping-taxable","15":"purchasable","16":"product-type-variable","17":"wvs-archive-product-wrapper"},"acf":[],"brands":[{"id":838,"name":"Pelle Petterson","slug":"pelle-petterson-fi"}],"_links":{"self":[{"href":"https:\/\/nautical.store\/fi\/wp-json\/wp\/v2\/product\/93222","targetHints":{"allow":["GET"]}}],"collection":[{"href":"https:\/\/nautical.store\/fi\/wp-json\/wp\/v2\/product"}],"about":[{"href":"https:\/\/nautical.store\/fi\/wp-json\/wp\/v2\/types\/product"}],"wp:featuredmedia":[{"embeddable":true,"href":"https:\/\/nautical.store\/fi\/wp-json\/wp\/v2\/media\/93194"}],"wp:attachment":[{"href":"https:\/\/nautical.store\/fi\/wp-json\/wp\/v2\/media?parent=93222"}],"wp:term":[{"taxonomy":"pwb-brand","embeddable":true,"href":"https:\/\/nautical.store\/fi\/wp-json\/wp\/v2\/pwb-brand?post=93222"},{"taxonomy":"product_brand","embeddable":true,"href":"https:\/\/nautical.store\/fi\/wp-json\/wp\/v2\/product_brand?post=93222"},{"taxonomy":"product_cat","embeddable":true,"href":"https:\/\/nautical.store\/fi\/wp-json\/wp\/v2\/product_cat?post=93222"},{"taxonomy":"product_tag","embeddable":true,"href":"https:\/\/nautical.store\/fi\/wp-json\/wp\/v2\/product_tag?post=93222"},{"taxonomy":"woo-feed-brand","embeddable":true,"href":"https:\/\/nautical.store\/fi\/wp-json\/wp\/v2\/woo-feed-brand?post=93222"}],"curies":[{"name":"wp","href":"https:\/\/api.w.org\/{rel}","templated":true}]}}