{"id":93433,"date":"2026-03-30T13:02:39","date_gmt":"2026-03-30T10:02:39","guid":{"rendered":"https:\/\/nautical.store\/toode\/henri-lloyd-aktiv-stretch-jacket-3-0\/"},"modified":"2026-03-30T13:02:39","modified_gmt":"2026-03-30T10:02:39","slug":"henri-lloyd-aktiv-stretch-jacket-3-0","status":"publish","type":"product","link":"https:\/\/nautical.store\/fi\/tuote\/henri-lloyd-aktiv-stretch-jacket-3-0\/","title":{"rendered":"Henri-Lloyd Aktiv Stretch Jacket 3.0"},"content":{"rendered":"<p>Henri-Lloyd Aktiv Stretch Jacket 3.0 on monik\u00e4ytt\u00f6inen ja mukava v\u00e4likerros kaikkiin seikkailuihin. Takki on valmistettu vastuullisesti kierr\u00e4tetyst\u00e4 polyesterist\u00e4, ja sen tekninen materiaali tarjoaa sek\u00e4 l\u00e4mm\u00f6ns\u00e4\u00e4telyn ett\u00e4 nopean kuivumisen, jotta olosi pysyy miellytt\u00e4v\u00e4n\u00e4 kaikissa olosuhteissa. Pehme\u00e4t mikrofleecevuoratut taskut, vetoketjullinen rintatasku ja joustavat br\u00e4nd\u00e4tyt viimeistelyt tekev\u00e4t siit\u00e4 k\u00e4yt\u00e4nn\u00f6llisen sek\u00e4 maalla ett\u00e4 merell\u00e4. Se pit\u00e4\u00e4 sinut l\u00e4mpim\u00e4n\u00e4, kuivana ja liikkeess\u00e4 \u2013 todellinen ulkoilun perusvaruste.<\/p>\n<ul>\n<li>Valmistettu kierr\u00e4tetyst\u00e4 polyesterist\u00e4<\/li>\n<li>Pehme\u00e4t mikrofleecevuoratut taskut \u2013 mukavat ja l\u00e4mpim\u00e4t<\/li>\n<li>Vetoketjullinen rintatasku arvoesineiden turvalliseen s\u00e4ilytykseen<\/li>\n<li>Hihojen ja helman br\u00e4nd\u00e4tty joustonauha auttaa s\u00e4ilytt\u00e4m\u00e4\u00e4n l\u00e4mm\u00f6n<\/li>\n<li>Vetoketjun yl\u00e4osan suoja lis\u00e4\u00e4 k\u00e4ytt\u00f6mukavuutta ja est\u00e4\u00e4 hiert\u00e4mist\u00e4 leukaa vasten<\/li>\n<li>Materiaali: 100 % polyesteri (kierr\u00e4tetty)<\/li>\n<li>Jacques on 187 cm pitk\u00e4, h\u00e4nen vy\u00f6t\u00e4r\u00f6nymp\u00e4ryksens\u00e4 on 81 cm ja rinnan\u00adymp\u00e4ryksens\u00e4 104 cm, ja h\u00e4n k\u00e4ytt\u00e4\u00e4 kokoa L.<\/li>\n<\/ul>\n<p>Hoito-ohje<\/p>\n<ul>\n<li>Hienopesu 30\u202f\u00b0C<\/li>\n<li>Ei valkaisua<\/li>\n<li>Rumpukuivaus matalassa l\u00e4mp\u00f6tilassa (alle 60\u202f\u00b0C)<\/li>\n<li>Silitys matalassa l\u00e4mp\u00f6tilassa (alle 110\u202f\u00b0C), ilman h\u00f6yry\u00e4<\/li>\n<li>Kemiallinen pesu ei ole sallittu<\/li>\n<\/ul>\n","protected":false},"excerpt":{"rendered":"<p>Henri-Lloyd Aktiv Stretch Jacket 3.0 on monik\u00e4ytt\u00f6inen ja mukava v\u00e4likerros kaikkiin seikkailuihin. Takki on valmistettu vastuullisesti kierr\u00e4tetyst\u00e4 polyesterist\u00e4, ja sen tekninen materiaali tarjoaa sek\u00e4 l\u00e4mm\u00f6ns\u00e4\u00e4telyn ett\u00e4 nopean kuivumisen, jotta olosi pysyy miellytt\u00e4v\u00e4n\u00e4 kaikissa olosuhteissa. Pehme\u00e4t mikrofleecevuoratut taskut, vetoketjullinen rintatasku ja joustavat br\u00e4nd\u00e4tyt viimeistelyt tekev\u00e4t siit\u00e4 k\u00e4yt\u00e4nn\u00f6llisen sek\u00e4 maalla ett\u00e4 merell\u00e4. Se pit\u00e4\u00e4 sinut l\u00e4mpim\u00e4n\u00e4, kuivana [&hellip;]<\/p>\n","protected":false},"featured_media":93421,"template":"","meta":{"_acf_changed":false},"pwb-brand":[2665],"product_brand":[],"product_cat":[716,777,1259,1261,702,1269,682,609],"product_tag":[],"woo-feed-brand":[],"class_list":{"0":"post-93433","1":"product","2":"type-product","3":"status-publish","4":"has-post-thumbnail","6":"pwb-brand-henri-lloyd-fi","7":"product_cat-hupparit-ja-fleecet-miehet","8":"product_cat-miehet","9":"product_cat-miesten-golfvaatteet","10":"product_cat-miesten-purjehdusvaatteet","11":"product_cat-paallysvaatteet-miehet","12":"product_cat-purjehdus","13":"product_cat-tekniset-vaatteet","14":"product_cat-uutuudet-miehet","16":"first","17":"instock","18":"taxable","19":"shipping-taxable","20":"purchasable","21":"product-type-variable","22":"wvs-archive-product-wrapper"},"acf":[],"brands":[{"id":2665,"name":"Henri Lloyd","slug":"henri-lloyd-fi"}],"_links":{"self":[{"href":"https:\/\/nautical.store\/fi\/wp-json\/wp\/v2\/product\/93433","targetHints":{"allow":["GET"]}}],"collection":[{"href":"https:\/\/nautical.store\/fi\/wp-json\/wp\/v2\/product"}],"about":[{"href":"https:\/\/nautical.store\/fi\/wp-json\/wp\/v2\/types\/product"}],"wp:featuredmedia":[{"embeddable":true,"href":"https:\/\/nautical.store\/fi\/wp-json\/wp\/v2\/media\/93421"}],"wp:attachment":[{"href":"https:\/\/nautical.store\/fi\/wp-json\/wp\/v2\/media?parent=93433"}],"wp:term":[{"taxonomy":"pwb-brand","embeddable":true,"href":"https:\/\/nautical.store\/fi\/wp-json\/wp\/v2\/pwb-brand?post=93433"},{"taxonomy":"product_brand","embeddable":true,"href":"https:\/\/nautical.store\/fi\/wp-json\/wp\/v2\/product_brand?post=93433"},{"taxonomy":"product_cat","embeddable":true,"href":"https:\/\/nautical.store\/fi\/wp-json\/wp\/v2\/product_cat?post=93433"},{"taxonomy":"product_tag","embeddable":true,"href":"https:\/\/nautical.store\/fi\/wp-json\/wp\/v2\/product_tag?post=93433"},{"taxonomy":"woo-feed-brand","embeddable":true,"href":"https:\/\/nautical.store\/fi\/wp-json\/wp\/v2\/woo-feed-brand?post=93433"}],"curies":[{"name":"wp","href":"https:\/\/api.w.org\/{rel}","templated":true}]}}