{"id":93491,"date":"2026-03-30T12:56:49","date_gmt":"2026-03-30T09:56:49","guid":{"rendered":"https:\/\/nautical.store\/toode\/henri-lloyd-naisten-oxford-paita\/"},"modified":"2026-03-30T12:56:49","modified_gmt":"2026-03-30T09:56:49","slug":"henri-lloyd-naisten-oxford-paita","status":"publish","type":"product","link":"https:\/\/nautical.store\/fi\/tuote\/henri-lloyd-naisten-oxford-paita\/","title":{"rendered":"Henri Lloyd Naisten Oxford\u2011paita"},"content":{"rendered":"<p>Ajaton ja moderni klassikko, joka tarjoaa mukavan ja siistin muotoilun naisellisella leikkauksella. Sopii erinomaisesti jokap\u00e4iv\u00e4iseen k\u00e4ytt\u00f6\u00f6n sek\u00e4 purjehduksen j\u00e4lkeisiin hetkiin. Teksturoitu 100 % puuvillakangas on kest\u00e4v\u00e4 ja s\u00e4ilytt\u00e4\u00e4 muotonsa toistuvassakin k\u00e4yt\u00f6ss\u00e4. Suosittelemme valitsemaan yhden koon normaalia suuremman.<\/p>\n<ul>\n<li>Antimikrobinen Polygiene\u2011teknologia pit\u00e4\u00e4 vaatteen raikkaana pidemp\u00e4\u00e4n<\/li>\n<li>Kosteutta siirt\u00e4v\u00e4, hengitt\u00e4v\u00e4 ja nopeasti kuivuva materiaali \u2013 maksimaalinen mukavuus<\/li>\n<li>UV 50 \u2011aurinkosuoja<\/li>\n<li>Rypistym\u00e4t\u00f6n kangas \u2013 ei vaadi silityst\u00e4<\/li>\n<li>Mekaanisesti joustava materiaali parempaan liikkumisvapauteen<\/li>\n<li>100 % puuvillaa (kierr\u00e4tetty)<\/li>\n<\/ul>\n<p>Sophia (Studio) on 179 cm pitk\u00e4, vy\u00f6t\u00e4r\u00f6 66 cm, rinnan ymp\u00e4rys 86 cm ja h\u00e4n k\u00e4ytt\u00e4\u00e4 kokoa M.<\/p>\n","protected":false},"excerpt":{"rendered":"<p>Naisten klassinen paita<\/p>\n","protected":false},"featured_media":93481,"template":"","meta":{"_acf_changed":false},"pwb-brand":[2665],"product_brand":[],"product_cat":[827,590,588],"product_tag":[],"woo-feed-brand":[],"class_list":{"0":"post-93491","1":"product","2":"type-product","3":"status-publish","4":"has-post-thumbnail","6":"pwb-brand-henri-lloyd-fi","7":"product_cat-naiset","8":"product_cat-paidat","9":"product_cat-uutuudet","11":"first","12":"instock","13":"taxable","14":"shipping-taxable","15":"purchasable","16":"product-type-variable","17":"wvs-archive-product-wrapper"},"acf":[],"brands":[{"id":2665,"name":"Henri Lloyd","slug":"henri-lloyd-fi"}],"_links":{"self":[{"href":"https:\/\/nautical.store\/fi\/wp-json\/wp\/v2\/product\/93491","targetHints":{"allow":["GET"]}}],"collection":[{"href":"https:\/\/nautical.store\/fi\/wp-json\/wp\/v2\/product"}],"about":[{"href":"https:\/\/nautical.store\/fi\/wp-json\/wp\/v2\/types\/product"}],"wp:featuredmedia":[{"embeddable":true,"href":"https:\/\/nautical.store\/fi\/wp-json\/wp\/v2\/media\/93481"}],"wp:attachment":[{"href":"https:\/\/nautical.store\/fi\/wp-json\/wp\/v2\/media?parent=93491"}],"wp:term":[{"taxonomy":"pwb-brand","embeddable":true,"href":"https:\/\/nautical.store\/fi\/wp-json\/wp\/v2\/pwb-brand?post=93491"},{"taxonomy":"product_brand","embeddable":true,"href":"https:\/\/nautical.store\/fi\/wp-json\/wp\/v2\/product_brand?post=93491"},{"taxonomy":"product_cat","embeddable":true,"href":"https:\/\/nautical.store\/fi\/wp-json\/wp\/v2\/product_cat?post=93491"},{"taxonomy":"product_tag","embeddable":true,"href":"https:\/\/nautical.store\/fi\/wp-json\/wp\/v2\/product_tag?post=93491"},{"taxonomy":"woo-feed-brand","embeddable":true,"href":"https:\/\/nautical.store\/fi\/wp-json\/wp\/v2\/woo-feed-brand?post=93491"}],"curies":[{"name":"wp","href":"https:\/\/api.w.org\/{rel}","templated":true}]}}