{"id":93566,"date":"2026-03-30T23:12:14","date_gmt":"2026-03-30T20:12:14","guid":{"rendered":"https:\/\/nautical.store\/toode\/smart-therm-tekninen-takki\/"},"modified":"2026-03-30T23:12:14","modified_gmt":"2026-03-30T20:12:14","slug":"smart-therm-tekninen-takki","status":"publish","type":"product","link":"https:\/\/nautical.store\/fi\/tuote\/smart-therm-tekninen-takki\/","title":{"rendered":"Smart Therm \u2011tekninen takki"},"content":{"rendered":"<p>Smart\u2011Therm\u2011v\u00e4likerros on olennainen osa kerrospukeutumistasi. Se on suunniteltu tarjoamaan juuri sopivasti l\u00e4mp\u00f6\u00e4, siirt\u00e4m\u00e4\u00e4n kosteutta ja takaamaan hyv\u00e4n ilmanvaihdon kehon luonnollista toimintaa seuraavan \u00e4lykk\u00e4\u00e4n kehonaluekartoituksen ansiosta.<\/p>\n<p>V\u00e4likerroksen Y\u2011paneelirakenne auttaa est\u00e4m\u00e4\u00e4n hien tiivistymist\u00e4 ja siit\u00e4 aiheutuvaa kylm\u00e4n tunnetta. Samalla se liikkuu kehon mukana ja tarjoaa t\u00e4yden liikkumisvapauden. Huolellisesti suunniteltu tekninen rakenne tekee Smart\u2011Therm\u2011v\u00e4likerroksesta erinomaisen valinnan kaikenlaiseen aktiiviseen liikkumiseen.<\/p>\n<p>Eritt\u00e4in kevyt Smart\u2011Therm on osa Henri\u2011Lloydin Responsible Performance \u2011lupausta. Ymp\u00e4rist\u00f6yst\u00e4v\u00e4llisempi suunnittelu hy\u00f6dynt\u00e4\u00e4 kolmea erilaista kierr\u00e4tetty\u00e4 kangasta sek\u00e4 PFC\u2011vapaata DWR\u2011k\u00e4sittely\u00e4. Teknisten ominaisuuksiensa ansiosta t\u00e4m\u00e4 v\u00e4likerros sopii kaikille, jotka haluavat vied\u00e4 suorituskykyvarusteensa uudelle tasolle.<\/p>\n<ul>\n<li>Eritt\u00e4in kevyt ja helposti pakattava<\/li>\n<li>PFC\u2011vapaa DWR\u2011k\u00e4sitelty p\u00e4\u00e4lliskangas: tuulenpit\u00e4v\u00e4, vett\u00e4hylkiv\u00e4 ja hengitt\u00e4v\u00e4<\/li>\n<li>Heijastinnauhat sel\u00e4ss\u00e4 ja hihoissa paremman n\u00e4kyvyyden takaamiseksi<\/li>\n<li>Vetoketjulliset sivutaskut arvoesineiden turvalliseen s\u00e4ilytykseen<\/li>\n<li>HL\u2011logolla varustettu joustava reunakanttaus<\/li>\n<li>Kierr\u00e4tetty, kevyt keinountuvat\u00e4yte tuo l\u00e4mp\u00f6\u00e4 kylmille alueille ilman ylim\u00e4\u00e4r\u00e4ist\u00e4 paksuutta \u2013 150 g\/m\u00b2 (vartalo), 125 g\/m\u00b2 (hihat)<\/li>\n<li>Kolmiomaiset HL\u2011vetoketjunvetimet<\/li>\n<li>Sis\u00e4inen myrskyl\u00e4pp\u00e4 est\u00e4\u00e4 tuulen p\u00e4\u00e4syn vetoketjun l\u00e4pi<\/li>\n<\/ul>\n<p>Kangas P\u00e4\u00e4lliskangas \u2013 100 % nailon (kierr\u00e4tetty) Paneeli \u2013 95 % polyesteri (kierr\u00e4tetty) Vanut\u00e4yte \u2013 100 % polyesteri (kierr\u00e4tetty)<\/p>\n","protected":false},"excerpt":{"rendered":"<p>Unisex\u2011malli<\/p>\n","protected":false},"featured_media":93539,"template":"","meta":{"_acf_changed":false},"pwb-brand":[2665],"product_brand":[],"product_cat":[1180,777,1261,827,1262,617,702,1269,726,682,609,588],"product_tag":[],"woo-feed-brand":[],"class_list":{"0":"post-93566","1":"product","2":"type-product","3":"status-publish","4":"has-post-thumbnail","6":"pwb-brand-henri-lloyd-fi","7":"product_cat-golf-fi","8":"product_cat-miehet","9":"product_cat-miesten-purjehdusvaatteet","10":"product_cat-naiset","11":"product_cat-naisten-purjehdusvaatteet","12":"product_cat-paallysvaatteet","13":"product_cat-paallysvaatteet-miehet","14":"product_cat-purjehdus","15":"product_cat-tekniset-vaatteet-naiset","16":"product_cat-tekniset-vaatteet","17":"product_cat-uutuudet-miehet","18":"product_cat-uutuudet","20":"first","21":"instock","22":"taxable","23":"shipping-taxable","24":"purchasable","25":"product-type-variable","26":"wvs-archive-product-wrapper"},"acf":[],"brands":[{"id":2665,"name":"Henri Lloyd","slug":"henri-lloyd-fi"}],"_links":{"self":[{"href":"https:\/\/nautical.store\/fi\/wp-json\/wp\/v2\/product\/93566","targetHints":{"allow":["GET"]}}],"collection":[{"href":"https:\/\/nautical.store\/fi\/wp-json\/wp\/v2\/product"}],"about":[{"href":"https:\/\/nautical.store\/fi\/wp-json\/wp\/v2\/types\/product"}],"wp:featuredmedia":[{"embeddable":true,"href":"https:\/\/nautical.store\/fi\/wp-json\/wp\/v2\/media\/93539"}],"wp:attachment":[{"href":"https:\/\/nautical.store\/fi\/wp-json\/wp\/v2\/media?parent=93566"}],"wp:term":[{"taxonomy":"pwb-brand","embeddable":true,"href":"https:\/\/nautical.store\/fi\/wp-json\/wp\/v2\/pwb-brand?post=93566"},{"taxonomy":"product_brand","embeddable":true,"href":"https:\/\/nautical.store\/fi\/wp-json\/wp\/v2\/product_brand?post=93566"},{"taxonomy":"product_cat","embeddable":true,"href":"https:\/\/nautical.store\/fi\/wp-json\/wp\/v2\/product_cat?post=93566"},{"taxonomy":"product_tag","embeddable":true,"href":"https:\/\/nautical.store\/fi\/wp-json\/wp\/v2\/product_tag?post=93566"},{"taxonomy":"woo-feed-brand","embeddable":true,"href":"https:\/\/nautical.store\/fi\/wp-json\/wp\/v2\/woo-feed-brand?post=93566"}],"curies":[{"name":"wp","href":"https:\/\/api.w.org\/{rel}","templated":true}]}}