{"id":93715,"date":"2026-04-02T20:01:51","date_gmt":"2026-04-02T17:01:51","guid":{"rendered":"https:\/\/nautical.store\/toode\/pellep-perus-t-paita\/"},"modified":"2026-04-02T20:01:51","modified_gmt":"2026-04-02T17:01:51","slug":"pellep-perus-t-paita","status":"publish","type":"product","link":"https:\/\/nautical.store\/fi\/tuote\/pellep-perus-t-paita\/","title":{"rendered":"PelleP Perus T\u2011paita"},"content":{"rendered":"<p>PelleP Perus -luomupuuvillainen T\u2011paita on pehme\u00e4 ja miellytt\u00e4v\u00e4 single jersey \u2011neuloksesta valmistettu T\u2011paita.<\/p>\n<p>Klassisen mallinen paita, jossa on joustava ribbikaulus ja P\u2011logopainatus rinnassa.<\/p>\n<ul>\n<li>Materiaali: 100 % luomupuuvilla<\/li>\n<li>Normaali istuvuus<\/li>\n<li>Single jersey<\/li>\n<li>1&#215;1 ribbikaulus<\/li>\n<li>P\u2011logopainatus rinnassa<\/li>\n<li>Kudottu P\u2011logo\u2011etiketti vasemmassa hihassa<\/li>\n<li>P\u2011logopainatus niskassa<\/li>\n<\/ul>\n","protected":false},"excerpt":{"rendered":"<p>Luomupuuvillainen logopaita<\/p>\n","protected":false},"featured_media":93708,"template":"","meta":{"_acf_changed":false},"pwb-brand":[838],"product_brand":[],"product_cat":[827,590,588],"product_tag":[],"woo-feed-brand":[],"class_list":{"0":"post-93715","1":"product","2":"type-product","3":"status-publish","4":"has-post-thumbnail","6":"pwb-brand-pelle-petterson-fi","7":"product_cat-naiset","8":"product_cat-paidat","9":"product_cat-uutuudet","11":"first","12":"instock","13":"taxable","14":"shipping-taxable","15":"purchasable","16":"product-type-variable","17":"wvs-archive-product-wrapper"},"acf":[],"brands":[{"id":838,"name":"Pelle Petterson","slug":"pelle-petterson-fi"}],"_links":{"self":[{"href":"https:\/\/nautical.store\/fi\/wp-json\/wp\/v2\/product\/93715","targetHints":{"allow":["GET"]}}],"collection":[{"href":"https:\/\/nautical.store\/fi\/wp-json\/wp\/v2\/product"}],"about":[{"href":"https:\/\/nautical.store\/fi\/wp-json\/wp\/v2\/types\/product"}],"wp:featuredmedia":[{"embeddable":true,"href":"https:\/\/nautical.store\/fi\/wp-json\/wp\/v2\/media\/93708"}],"wp:attachment":[{"href":"https:\/\/nautical.store\/fi\/wp-json\/wp\/v2\/media?parent=93715"}],"wp:term":[{"taxonomy":"pwb-brand","embeddable":true,"href":"https:\/\/nautical.store\/fi\/wp-json\/wp\/v2\/pwb-brand?post=93715"},{"taxonomy":"product_brand","embeddable":true,"href":"https:\/\/nautical.store\/fi\/wp-json\/wp\/v2\/product_brand?post=93715"},{"taxonomy":"product_cat","embeddable":true,"href":"https:\/\/nautical.store\/fi\/wp-json\/wp\/v2\/product_cat?post=93715"},{"taxonomy":"product_tag","embeddable":true,"href":"https:\/\/nautical.store\/fi\/wp-json\/wp\/v2\/product_tag?post=93715"},{"taxonomy":"woo-feed-brand","embeddable":true,"href":"https:\/\/nautical.store\/fi\/wp-json\/wp\/v2\/woo-feed-brand?post=93715"}],"curies":[{"name":"wp","href":"https:\/\/api.w.org\/{rel}","templated":true}]}}