{"id":93861,"date":"2026-04-03T14:53:13","date_gmt":"2026-04-03T11:53:13","guid":{"rendered":"https:\/\/nautical.store\/toode\/pellep-momentum-motus-trikoot\/"},"modified":"2026-04-03T14:53:13","modified_gmt":"2026-04-03T11:53:13","slug":"pellep-momentum-motus-trikoot","status":"publish","type":"product","link":"https:\/\/nautical.store\/fi\/tuote\/pellep-momentum-motus-trikoot\/","title":{"rendered":"PelleP Momentum Motus \u2011trikoot"},"content":{"rendered":"<p>Momentum Motus \u2011trikoot on valmistettu nopeasti kuivuvasta, joustavasta ja hengitt\u00e4v\u00e4st\u00e4 materiaalista, joka siirt\u00e4\u00e4 kosteutta pois iholta ja suojaa UV\u2011s\u00e4teilylt\u00e4.<\/p>\n<ul>\n<li>Materiaali: 76 % polyamidia, 24 % elastaania<\/li>\n<li>UV\u2011suoja<\/li>\n<li>Nopea kuivuvuus<\/li>\n<li>Erityisleikatut saumat maksimaalista liikkuvuutta ja istuvuutta varten<\/li>\n<li>Heijastava P\u2011logo vasemman s\u00e4\u00e4ren etupuolella<\/li>\n<li>Heijastava PelleP\u2011logo oikean jalan takana<\/li>\n<li>Tiukka istuvuus (Tight Fit)<\/li>\n<\/ul>\n","protected":false},"excerpt":{"rendered":"<p>Momentum Motus \u2011trikoot on valmistettu nopeasti kuivuvasta, joustavasta ja hengitt\u00e4v\u00e4st\u00e4 materiaalista, joka siirt\u00e4\u00e4 kosteutta pois iholta ja suojaa UV\u2011s\u00e4teilylt\u00e4. Materiaali: 76 % polyamidia, 24 % elastaania UV\u2011suoja Nopea kuivuvuus Erityisleikatut saumat maksimaalista liikkuvuutta ja istuvuutta varten Heijastava P\u2011logo vasemman s\u00e4\u00e4ren etupuolella Heijastava PelleP\u2011logo oikean jalan takana Tiukka istuvuus (Tight Fit)<\/p>\n","protected":false},"featured_media":93856,"template":"","meta":{"_acf_changed":false},"pwb-brand":[838],"product_brand":[],"product_cat":[640,827,726,588],"product_tag":[],"woo-feed-brand":[],"class_list":{"0":"post-93861","1":"product","2":"type-product","3":"status-publish","4":"has-post-thumbnail","6":"pwb-brand-pelle-petterson-fi","7":"product_cat-housut-fi","8":"product_cat-naiset","9":"product_cat-tekniset-vaatteet-naiset","10":"product_cat-uutuudet","12":"first","13":"instock","14":"taxable","15":"shipping-taxable","16":"purchasable","17":"product-type-variable","18":"wvs-archive-product-wrapper"},"acf":[],"brands":[{"id":838,"name":"Pelle Petterson","slug":"pelle-petterson-fi"}],"_links":{"self":[{"href":"https:\/\/nautical.store\/fi\/wp-json\/wp\/v2\/product\/93861","targetHints":{"allow":["GET"]}}],"collection":[{"href":"https:\/\/nautical.store\/fi\/wp-json\/wp\/v2\/product"}],"about":[{"href":"https:\/\/nautical.store\/fi\/wp-json\/wp\/v2\/types\/product"}],"wp:featuredmedia":[{"embeddable":true,"href":"https:\/\/nautical.store\/fi\/wp-json\/wp\/v2\/media\/93856"}],"wp:attachment":[{"href":"https:\/\/nautical.store\/fi\/wp-json\/wp\/v2\/media?parent=93861"}],"wp:term":[{"taxonomy":"pwb-brand","embeddable":true,"href":"https:\/\/nautical.store\/fi\/wp-json\/wp\/v2\/pwb-brand?post=93861"},{"taxonomy":"product_brand","embeddable":true,"href":"https:\/\/nautical.store\/fi\/wp-json\/wp\/v2\/product_brand?post=93861"},{"taxonomy":"product_cat","embeddable":true,"href":"https:\/\/nautical.store\/fi\/wp-json\/wp\/v2\/product_cat?post=93861"},{"taxonomy":"product_tag","embeddable":true,"href":"https:\/\/nautical.store\/fi\/wp-json\/wp\/v2\/product_tag?post=93861"},{"taxonomy":"woo-feed-brand","embeddable":true,"href":"https:\/\/nautical.store\/fi\/wp-json\/wp\/v2\/woo-feed-brand?post=93861"}],"curies":[{"name":"wp","href":"https:\/\/api.w.org\/{rel}","templated":true}]}}