{"id":93917,"date":"2026-04-03T13:56:14","date_gmt":"2026-04-03T10:56:14","guid":{"rendered":"https:\/\/nautical.store\/toode\/pellep-levo-hybrid-liivi\/"},"modified":"2026-04-03T13:56:14","modified_gmt":"2026-04-03T10:56:14","slug":"pellep-levo-hybrid-liivi","status":"publish","type":"product","link":"https:\/\/nautical.store\/fi\/tuote\/pellep-levo-hybrid-liivi\/","title":{"rendered":"PelleP Levo Hybrid \u2011liivi"},"content":{"rendered":"<p>Nauti l\u00e4mm\u00f6st\u00e4 ja mukavuudesta Levo Hybrid \u2011liivin avulla. Tuulta pit\u00e4v\u00e4 etuosa suojaa viimalta, ja harjattu sis\u00e4pinta siirt\u00e4\u00e4 kosteutta pois iholta sek\u00e4 auttaa s\u00e4ilytt\u00e4m\u00e4\u00e4n l\u00e4mm\u00f6n. Liiviss\u00e4 on t\u00e4yspitk\u00e4 etuvetoketju ja kaksi vetoketjullista sivutaskua.<\/p>\n<ul>\n<li>Materiaali:\u00a0 Tikkiosat: 100 % polyamidia<\/li>\n<li>Sivupaneelit \/ sis\u00e4osa: 95 % polyesteri\u00e4, 5 % elastaania<\/li>\n<li>4\u2011suuntainen joustokangas<\/li>\n<li>Kosteutta siirt\u00e4v\u00e4 materiaali<\/li>\n<li>L\u00e4mmin, harjattu sis\u00e4pinta \u2022<\/li>\n<li>Kennokuvioitu tikkaus edess\u00e4, YKK k\u00e4\u00e4nnetty spiraalivetoketju<\/li>\n<li>P\u2011logollinen vetimet etuketjussa<\/li>\n<li>Kaksi etutaskua vetoketjulla ja P\u2011logollisella vetonarulla<\/li>\n<li>Heijastava PelleP\u2011logo kauluksen edess\u00e4<\/li>\n<li>Heijastava P\u2011logo kauluksen takana keskell\u00e4<\/li>\n<li>Heijastava TRUE EXPERIENCE \u2011logo sel\u00e4n vasemmalla puolella<\/li>\n<li>Regular\u2011mitoitus<\/li>\n<\/ul>\n","protected":false},"excerpt":{"rendered":"<p>Miesten liivi<\/p>\n","protected":false},"featured_media":93895,"template":"","meta":{"_acf_changed":false},"pwb-brand":[838],"product_brand":[],"product_cat":[777,1259,1261,702,682,609],"product_tag":[],"woo-feed-brand":[],"class_list":{"0":"post-93917","1":"product","2":"type-product","3":"status-publish","4":"has-post-thumbnail","6":"pwb-brand-pelle-petterson-fi","7":"product_cat-miehet","8":"product_cat-miesten-golfvaatteet","9":"product_cat-miesten-purjehdusvaatteet","10":"product_cat-paallysvaatteet-miehet","11":"product_cat-tekniset-vaatteet","12":"product_cat-uutuudet-miehet","14":"first","15":"instock","16":"taxable","17":"shipping-taxable","18":"purchasable","19":"product-type-variable","20":"wvs-archive-product-wrapper"},"acf":[],"brands":[{"id":838,"name":"Pelle Petterson","slug":"pelle-petterson-fi"}],"_links":{"self":[{"href":"https:\/\/nautical.store\/fi\/wp-json\/wp\/v2\/product\/93917","targetHints":{"allow":["GET"]}}],"collection":[{"href":"https:\/\/nautical.store\/fi\/wp-json\/wp\/v2\/product"}],"about":[{"href":"https:\/\/nautical.store\/fi\/wp-json\/wp\/v2\/types\/product"}],"wp:featuredmedia":[{"embeddable":true,"href":"https:\/\/nautical.store\/fi\/wp-json\/wp\/v2\/media\/93895"}],"wp:attachment":[{"href":"https:\/\/nautical.store\/fi\/wp-json\/wp\/v2\/media?parent=93917"}],"wp:term":[{"taxonomy":"pwb-brand","embeddable":true,"href":"https:\/\/nautical.store\/fi\/wp-json\/wp\/v2\/pwb-brand?post=93917"},{"taxonomy":"product_brand","embeddable":true,"href":"https:\/\/nautical.store\/fi\/wp-json\/wp\/v2\/product_brand?post=93917"},{"taxonomy":"product_cat","embeddable":true,"href":"https:\/\/nautical.store\/fi\/wp-json\/wp\/v2\/product_cat?post=93917"},{"taxonomy":"product_tag","embeddable":true,"href":"https:\/\/nautical.store\/fi\/wp-json\/wp\/v2\/product_tag?post=93917"},{"taxonomy":"woo-feed-brand","embeddable":true,"href":"https:\/\/nautical.store\/fi\/wp-json\/wp\/v2\/woo-feed-brand?post=93917"}],"curies":[{"name":"wp","href":"https:\/\/api.w.org\/{rel}","templated":true}]}}