{"id":94158,"date":"2026-04-03T19:24:44","date_gmt":"2026-04-03T16:24:44","guid":{"rendered":"https:\/\/nautical.store\/toode\/marilyn-skort\/"},"modified":"2026-04-03T19:24:44","modified_gmt":"2026-04-03T16:24:44","slug":"marilyn-skort","status":"publish","type":"product","link":"https:\/\/nautical.store\/fi\/tuote\/marilyn-skort\/","title":{"rendered":"Marilyn Skort"},"content":{"rendered":"<p>Lahkeasti laskeutuvat, leve\u00e4t housut. Regular\u2011istuvuus ja hieman lyhyempi lahkeenpituus. Joustava vy\u00f6t\u00e4r\u00f6. Yhdist\u00e4 Marilyn Topiin saadaksesi yhteensopivan setin. Valmistettu vastuullisesti Euroopassa.<\/p>\n<ul>\n<li>Regular\u2011istuvuus<\/li>\n<li>Leve\u00e4t, alasp\u00e4in levenev\u00e4t lahkeet<\/li>\n<li>Joustava vy\u00f6t\u00e4r\u00f6<\/li>\n<li>Lyhennetty lahkeenpituus<\/li>\n<li>Valmistettu Euroopassa<\/li>\n<li>Neulottu kangas: 80 % viskoosi, 20 % polyamidi<\/li>\n<\/ul>\n","protected":false},"excerpt":{"rendered":"<p>Lahkeasti laskeutuvat, leve\u00e4t housut. Regular\u2011istuvuus ja hieman lyhyempi lahkeenpituus. Joustava vy\u00f6t\u00e4r\u00f6. Yhdist\u00e4 Marilyn Topiin saadaksesi yhteensopivan setin. Valmistettu vastuullisesti Euroopassa. Regular\u2011istuvuus Leve\u00e4t, alasp\u00e4in levenev\u00e4t lahkeet Joustava vy\u00f6t\u00e4r\u00f6 Lyhennetty lahkeenpituus Valmistettu Euroopassa Neulottu kangas: 80 % viskoosi, 20 % polyamidi<\/p>\n","protected":false},"featured_media":94152,"template":"","meta":{"_acf_changed":false},"pwb-brand":[836],"product_brand":[],"product_cat":[639,640,827,588],"product_tag":[],"woo-feed-brand":[],"class_list":{"0":"post-94158","1":"product","2":"type-product","3":"status-publish","4":"has-post-thumbnail","6":"pwb-brand-holebrook-fi","7":"product_cat-hameet","8":"product_cat-housut-fi","9":"product_cat-naiset","10":"product_cat-uutuudet","12":"first","13":"instock","14":"taxable","15":"shipping-taxable","16":"purchasable","17":"product-type-variable","18":"wvs-archive-product-wrapper"},"acf":[],"brands":[{"id":836,"name":"Holebrook","slug":"holebrook-fi"}],"_links":{"self":[{"href":"https:\/\/nautical.store\/fi\/wp-json\/wp\/v2\/product\/94158","targetHints":{"allow":["GET"]}}],"collection":[{"href":"https:\/\/nautical.store\/fi\/wp-json\/wp\/v2\/product"}],"about":[{"href":"https:\/\/nautical.store\/fi\/wp-json\/wp\/v2\/types\/product"}],"wp:featuredmedia":[{"embeddable":true,"href":"https:\/\/nautical.store\/fi\/wp-json\/wp\/v2\/media\/94152"}],"wp:attachment":[{"href":"https:\/\/nautical.store\/fi\/wp-json\/wp\/v2\/media?parent=94158"}],"wp:term":[{"taxonomy":"pwb-brand","embeddable":true,"href":"https:\/\/nautical.store\/fi\/wp-json\/wp\/v2\/pwb-brand?post=94158"},{"taxonomy":"product_brand","embeddable":true,"href":"https:\/\/nautical.store\/fi\/wp-json\/wp\/v2\/product_brand?post=94158"},{"taxonomy":"product_cat","embeddable":true,"href":"https:\/\/nautical.store\/fi\/wp-json\/wp\/v2\/product_cat?post=94158"},{"taxonomy":"product_tag","embeddable":true,"href":"https:\/\/nautical.store\/fi\/wp-json\/wp\/v2\/product_tag?post=94158"},{"taxonomy":"woo-feed-brand","embeddable":true,"href":"https:\/\/nautical.store\/fi\/wp-json\/wp\/v2\/woo-feed-brand?post=94158"}],"curies":[{"name":"wp","href":"https:\/\/api.w.org\/{rel}","templated":true}]}}