{"id":94168,"date":"2026-04-03T19:27:23","date_gmt":"2026-04-03T16:27:23","guid":{"rendered":"https:\/\/nautical.store\/toode\/marilyn-toppi\/"},"modified":"2026-04-03T19:27:23","modified_gmt":"2026-04-03T16:27:23","slug":"marilyn-toppi","status":"publish","type":"product","link":"https:\/\/nautical.store\/fi\/tuote\/marilyn-toppi\/","title":{"rendered":"Marilyn\u2011toppi"},"content":{"rendered":"<p>Viskoosista neulottu toppi, joka on ylh\u00e4\u00e4lt\u00e4 v\u00e4ljempi ja alhaalta istuvampi. Leve\u00e4t hihat ja py\u00f6re\u00e4 p\u00e4\u00e4ntie tuovat mallille rennon ja naisellisen ilmeen. Yhdist\u00e4 Marilyn Skortiin saadaksesi yhten\u00e4isen setin. Valmistettu vastuullisesti Euroopassa.<\/p>\n<ul>\n<li>Regular\u2011istuvuus<\/li>\n<li>Ylh\u00e4\u00e4lt\u00e4 oversize, alhaalta istuv leikkaus<\/li>\n<li>Leve\u00e4t hihat<\/li>\n<li>Py\u00f6re\u00e4 p\u00e4\u00e4ntie<\/li>\n<li>Valmistettu Euroopassa<\/li>\n<li>Neulottu kangas: 80 % viskoosi, 20 % polyamidi<\/li>\n<\/ul>\n","protected":false},"excerpt":{"rendered":"<p>Viskoosista neulottu toppi, joka on ylh\u00e4\u00e4lt\u00e4 v\u00e4ljempi ja alhaalta istuvampi. Leve\u00e4t hihat ja py\u00f6re\u00e4 p\u00e4\u00e4ntie tuovat mallille rennon ja naisellisen ilmeen. Yhdist\u00e4 Marilyn Skortiin saadaksesi yhten\u00e4isen setin. Valmistettu vastuullisesti Euroopassa. Regular\u2011istuvuus Ylh\u00e4\u00e4lt\u00e4 oversize, alhaalta istuv leikkaus Leve\u00e4t hihat Py\u00f6re\u00e4 p\u00e4\u00e4ntie Valmistettu Euroopassa Neulottu kangas: 80 % viskoosi, 20 % polyamidi<\/p>\n","protected":false},"featured_media":94140,"template":"","meta":{"_acf_changed":false},"pwb-brand":[],"product_brand":[],"product_cat":[827,601,590,588],"product_tag":[],"woo-feed-brand":[],"class_list":{"0":"post-94168","1":"product","2":"type-product","3":"status-publish","4":"has-post-thumbnail","6":"product_cat-naiset","7":"product_cat-neuleet","8":"product_cat-paidat","9":"product_cat-uutuudet","11":"first","12":"instock","13":"taxable","14":"shipping-taxable","15":"purchasable","16":"product-type-variable","17":"wvs-archive-product-wrapper"},"acf":[],"brands":[],"_links":{"self":[{"href":"https:\/\/nautical.store\/fi\/wp-json\/wp\/v2\/product\/94168","targetHints":{"allow":["GET"]}}],"collection":[{"href":"https:\/\/nautical.store\/fi\/wp-json\/wp\/v2\/product"}],"about":[{"href":"https:\/\/nautical.store\/fi\/wp-json\/wp\/v2\/types\/product"}],"wp:featuredmedia":[{"embeddable":true,"href":"https:\/\/nautical.store\/fi\/wp-json\/wp\/v2\/media\/94140"}],"wp:attachment":[{"href":"https:\/\/nautical.store\/fi\/wp-json\/wp\/v2\/media?parent=94168"}],"wp:term":[{"taxonomy":"pwb-brand","embeddable":true,"href":"https:\/\/nautical.store\/fi\/wp-json\/wp\/v2\/pwb-brand?post=94168"},{"taxonomy":"product_brand","embeddable":true,"href":"https:\/\/nautical.store\/fi\/wp-json\/wp\/v2\/product_brand?post=94168"},{"taxonomy":"product_cat","embeddable":true,"href":"https:\/\/nautical.store\/fi\/wp-json\/wp\/v2\/product_cat?post=94168"},{"taxonomy":"product_tag","embeddable":true,"href":"https:\/\/nautical.store\/fi\/wp-json\/wp\/v2\/product_tag?post=94168"},{"taxonomy":"woo-feed-brand","embeddable":true,"href":"https:\/\/nautical.store\/fi\/wp-json\/wp\/v2\/woo-feed-brand?post=94168"}],"curies":[{"name":"wp","href":"https:\/\/api.w.org\/{rel}","templated":true}]}}