{"id":94191,"date":"2026-04-03T19:31:28","date_gmt":"2026-04-03T16:31:28","guid":{"rendered":"https:\/\/nautical.store\/toode\/juni-boxy-top\/"},"modified":"2026-04-03T19:31:28","modified_gmt":"2026-04-03T16:31:28","slug":"juni-boxy-top","status":"publish","type":"product","link":"https:\/\/nautical.store\/fi\/tuote\/juni-boxy-top\/","title":{"rendered":"Juni Boxy Top"},"content":{"rendered":"<p>Neulottu 100 % puuvillaneule py\u00f6re\u00e4ll\u00e4 p\u00e4\u00e4ntiell\u00e4. Ep\u00e4s\u00e4\u00e4nn\u00f6llisest\u00e4 langasta neulottu pinta antaa mukavan rakenteen. Malli on v\u00e4lj\u00e4 ja mukava, olkasauma on laskettu ja viimeistely on huolellinen ja siisti. Valmistettu vastuullisesti Euroopassa.<\/p>\n<ul>\n<li>V\u00e4lj\u00e4, hieman laatikkomainen malli<\/li>\n<li>Laskettu olkasauma<\/li>\n<li>Leve\u00e4 py\u00f6re\u00e4 p\u00e4\u00e4ntie<\/li>\n<li>Laadukkaat viimeistelyt<\/li>\n<li>Valmistettu Euroopassa<\/li>\n<\/ul>\n<p>Materiaali: Neulottu kangas: 100 % puuvilla<\/p>\n","protected":false},"excerpt":{"rendered":"<p>100 % puuvillaneule<\/p>\n","protected":false},"featured_media":94184,"template":"","meta":{"_acf_changed":false},"pwb-brand":[836],"product_brand":[],"product_cat":[827,601,588],"product_tag":[],"woo-feed-brand":[],"class_list":{"0":"post-94191","1":"product","2":"type-product","3":"status-publish","4":"has-post-thumbnail","6":"pwb-brand-holebrook-fi","7":"product_cat-naiset","8":"product_cat-neuleet","9":"product_cat-uutuudet","11":"first","12":"instock","13":"taxable","14":"shipping-taxable","15":"purchasable","16":"product-type-variable","17":"wvs-archive-product-wrapper"},"acf":[],"brands":[{"id":836,"name":"Holebrook","slug":"holebrook-fi"}],"_links":{"self":[{"href":"https:\/\/nautical.store\/fi\/wp-json\/wp\/v2\/product\/94191","targetHints":{"allow":["GET"]}}],"collection":[{"href":"https:\/\/nautical.store\/fi\/wp-json\/wp\/v2\/product"}],"about":[{"href":"https:\/\/nautical.store\/fi\/wp-json\/wp\/v2\/types\/product"}],"wp:featuredmedia":[{"embeddable":true,"href":"https:\/\/nautical.store\/fi\/wp-json\/wp\/v2\/media\/94184"}],"wp:attachment":[{"href":"https:\/\/nautical.store\/fi\/wp-json\/wp\/v2\/media?parent=94191"}],"wp:term":[{"taxonomy":"pwb-brand","embeddable":true,"href":"https:\/\/nautical.store\/fi\/wp-json\/wp\/v2\/pwb-brand?post=94191"},{"taxonomy":"product_brand","embeddable":true,"href":"https:\/\/nautical.store\/fi\/wp-json\/wp\/v2\/product_brand?post=94191"},{"taxonomy":"product_cat","embeddable":true,"href":"https:\/\/nautical.store\/fi\/wp-json\/wp\/v2\/product_cat?post=94191"},{"taxonomy":"product_tag","embeddable":true,"href":"https:\/\/nautical.store\/fi\/wp-json\/wp\/v2\/product_tag?post=94191"},{"taxonomy":"woo-feed-brand","embeddable":true,"href":"https:\/\/nautical.store\/fi\/wp-json\/wp\/v2\/woo-feed-brand?post=94191"}],"curies":[{"name":"wp","href":"https:\/\/api.w.org\/{rel}","templated":true}]}}