{"id":94336,"date":"2026-04-05T22:36:41","date_gmt":"2026-04-05T19:36:41","guid":{"rendered":"https:\/\/nautical.store\/toode\/pelle-p-alpage-zip-fleece\/"},"modified":"2026-04-05T22:36:41","modified_gmt":"2026-04-05T19:36:41","slug":"pelle-p-alpage-zip-fleece","status":"publish","type":"product","link":"https:\/\/nautical.store\/fi\/tuote\/pelle-p-alpage-zip-fleece\/","title":{"rendered":"Pelle P Alpage Zip Fleece"},"content":{"rendered":"<p>100 % kierr\u00e4tetty\u00e4 polyesteri\u00e4. Vapaa mitoitus ja huolellisesti viimeistellyt yksityiskohdat. Alpage Zip \u2011miesten fleece on pehme\u00e4st\u00e4 polyesterifleecest\u00e4 valmistettu mukava ja kest\u00e4v\u00e4 v\u00e4likerros. Vapaasti istuvassa fleecess\u00e4 on korkea suojaava kaulus, kaksi etutaskua ja joustavat hihansuut.<\/p>\n<p>Materiaali: 100 % kierr\u00e4tetty polyesteri<\/p>\n<ul>\n<li>Vapaa mitoitus<\/li>\n<li>Pehme\u00e4 kierr\u00e4tetty polyesterifleece<\/li>\n<li>1&#215;1\u2011resori hihansuissa<\/li>\n<li>Korkea kaulus<\/li>\n<li>Kaksi etutaskua<\/li>\n<li>Edess\u00e4 vetoketju<\/li>\n<li>Kauluksen takana yksityiskohta P\u2011logolla ja kirjonnalla<\/li>\n<li>P\u2011logomerkki vasemmassa hihassa<\/li>\n<li>Kontrastiv\u00e4riset bartack\u2011tikkaukset<\/li>\n<\/ul>\n<div><\/div>\n","protected":false},"excerpt":{"rendered":"<div data-testid=\"chat-page\">\n<p>Miesten vetoketjullinen fleece<\/p>\n<\/div>\n<div class=\"pointer-events-none absolute bottom-0 w-full\">\n<div>\n<div>\n<div>\n<div><\/div>\n<\/div>\n<\/div>\n<\/div>\n<\/div>\n","protected":false},"featured_media":94317,"template":"","meta":{"_acf_changed":false},"pwb-brand":[838],"product_brand":[],"product_cat":[716,777,702,609],"product_tag":[],"woo-feed-brand":[],"class_list":{"0":"post-94336","1":"product","2":"type-product","3":"status-publish","4":"has-post-thumbnail","6":"pwb-brand-pelle-petterson-fi","7":"product_cat-hupparit-ja-fleecet-miehet","8":"product_cat-miehet","9":"product_cat-paallysvaatteet-miehet","10":"product_cat-uutuudet-miehet","12":"first","13":"instock","14":"taxable","15":"shipping-taxable","16":"purchasable","17":"product-type-variable","18":"wvs-archive-product-wrapper"},"acf":[],"brands":[{"id":838,"name":"Pelle Petterson","slug":"pelle-petterson-fi"}],"_links":{"self":[{"href":"https:\/\/nautical.store\/fi\/wp-json\/wp\/v2\/product\/94336","targetHints":{"allow":["GET"]}}],"collection":[{"href":"https:\/\/nautical.store\/fi\/wp-json\/wp\/v2\/product"}],"about":[{"href":"https:\/\/nautical.store\/fi\/wp-json\/wp\/v2\/types\/product"}],"wp:featuredmedia":[{"embeddable":true,"href":"https:\/\/nautical.store\/fi\/wp-json\/wp\/v2\/media\/94317"}],"wp:attachment":[{"href":"https:\/\/nautical.store\/fi\/wp-json\/wp\/v2\/media?parent=94336"}],"wp:term":[{"taxonomy":"pwb-brand","embeddable":true,"href":"https:\/\/nautical.store\/fi\/wp-json\/wp\/v2\/pwb-brand?post=94336"},{"taxonomy":"product_brand","embeddable":true,"href":"https:\/\/nautical.store\/fi\/wp-json\/wp\/v2\/product_brand?post=94336"},{"taxonomy":"product_cat","embeddable":true,"href":"https:\/\/nautical.store\/fi\/wp-json\/wp\/v2\/product_cat?post=94336"},{"taxonomy":"product_tag","embeddable":true,"href":"https:\/\/nautical.store\/fi\/wp-json\/wp\/v2\/product_tag?post=94336"},{"taxonomy":"woo-feed-brand","embeddable":true,"href":"https:\/\/nautical.store\/fi\/wp-json\/wp\/v2\/woo-feed-brand?post=94336"}],"curies":[{"name":"wp","href":"https:\/\/api.w.org\/{rel}","templated":true}]}}