{"id":94350,"date":"2026-04-03T20:37:42","date_gmt":"2026-04-03T17:37:42","guid":{"rendered":"https:\/\/nautical.store\/toode\/ellen-capsleeve\/"},"modified":"2026-04-03T20:37:42","modified_gmt":"2026-04-03T17:37:42","slug":"ellen-capsleeve","status":"publish","type":"product","link":"https:\/\/nautical.store\/fi\/tuote\/ellen-capsleeve\/","title":{"rendered":"Ellen Capsleeve"},"content":{"rendered":"<p>Pidentetyll\u00e4 olalla varustettu viskoosisekoitetoppi. Pehme\u00e4 ja kauniisti laskeutuva materiaali. Valmistettu Euroopassa kest\u00e4v\u00e4ll\u00e4 tavalla.<\/p>\n<ul>\n<li>Regular\u2011mitoitus<\/li>\n<li>Py\u00f6re\u00e4 p\u00e4\u00e4ntie<\/li>\n<li>Suora leikkaus<\/li>\n<li>Valmistettu Euroopassa<\/li>\n<li>Neulottu kangas: 93 % viskoosi, 7 % elastaani<\/li>\n<\/ul>\n","protected":false},"excerpt":{"rendered":"<p>Naisten viskoositoppi<\/p>\n<p>&nbsp;<\/p>\n","protected":false},"featured_media":94215,"template":"","meta":{"_acf_changed":false},"pwb-brand":[836],"product_brand":[],"product_cat":[827,590,588],"product_tag":[],"woo-feed-brand":[],"class_list":{"0":"post-94350","1":"product","2":"type-product","3":"status-publish","4":"has-post-thumbnail","6":"pwb-brand-holebrook-fi","7":"product_cat-naiset","8":"product_cat-paidat","9":"product_cat-uutuudet","11":"first","12":"instock","13":"taxable","14":"shipping-taxable","15":"purchasable","16":"product-type-variable","17":"wvs-archive-product-wrapper"},"acf":[],"brands":[{"id":836,"name":"Holebrook","slug":"holebrook-fi"}],"_links":{"self":[{"href":"https:\/\/nautical.store\/fi\/wp-json\/wp\/v2\/product\/94350","targetHints":{"allow":["GET"]}}],"collection":[{"href":"https:\/\/nautical.store\/fi\/wp-json\/wp\/v2\/product"}],"about":[{"href":"https:\/\/nautical.store\/fi\/wp-json\/wp\/v2\/types\/product"}],"wp:featuredmedia":[{"embeddable":true,"href":"https:\/\/nautical.store\/fi\/wp-json\/wp\/v2\/media\/94215"}],"wp:attachment":[{"href":"https:\/\/nautical.store\/fi\/wp-json\/wp\/v2\/media?parent=94350"}],"wp:term":[{"taxonomy":"pwb-brand","embeddable":true,"href":"https:\/\/nautical.store\/fi\/wp-json\/wp\/v2\/pwb-brand?post=94350"},{"taxonomy":"product_brand","embeddable":true,"href":"https:\/\/nautical.store\/fi\/wp-json\/wp\/v2\/product_brand?post=94350"},{"taxonomy":"product_cat","embeddable":true,"href":"https:\/\/nautical.store\/fi\/wp-json\/wp\/v2\/product_cat?post=94350"},{"taxonomy":"product_tag","embeddable":true,"href":"https:\/\/nautical.store\/fi\/wp-json\/wp\/v2\/product_tag?post=94350"},{"taxonomy":"woo-feed-brand","embeddable":true,"href":"https:\/\/nautical.store\/fi\/wp-json\/wp\/v2\/woo-feed-brand?post=94350"}],"curies":[{"name":"wp","href":"https:\/\/api.w.org\/{rel}","templated":true}]}}