{"id":94373,"date":"2026-04-03T14:12:28","date_gmt":"2026-04-03T11:12:28","guid":{"rendered":"https:\/\/nautical.store\/toode\/pelle-p-challenger-housut\/"},"modified":"2026-04-03T14:12:28","modified_gmt":"2026-04-03T11:12:28","slug":"pelle-p-challenger-housut","status":"publish","type":"product","link":"https:\/\/nautical.store\/fi\/tuote\/pelle-p-challenger-housut\/","title":{"rendered":"Pelle P Challenger \u2011housut"},"content":{"rendered":"<p>Vedenpit\u00e4v\u00e4 kuorikerros, joka on suunniteltu rannikko\u00adseikkailuihin ja sateisiin p\u00e4iviin maissa. Challenger Tech \u2011housut on valmistettu hengitt\u00e4v\u00e4st\u00e4 ja joustavasta materiaalista. Housuissa on teipatut saumat, vett\u00e4 hylkiv\u00e4t vetoketjut, tafta\u2011 ja verkkovuori sek\u00e4 huolellisesti suunnitellut yksityiskohdat, kuten k\u00e4yt\u00e4nn\u00f6lliset taskut ja heijastavat elementit. DWR\u2011k\u00e4sittely on PFC\u2011vapaa.<\/p>\n<ul>\n<li>Materiaali: 92 % nailon, 8 % elastaani<\/li>\n<li>Tuulenpit\u00e4v\u00e4, vedenpit\u00e4v\u00e4 ja hengitt\u00e4v\u00e4 kangas<\/li>\n<li>Hi:RES\u00ae 15K2L joustava kalvo<\/li>\n<li>PFC\u2011vapaa DWR\u2011k\u00e4sittely<\/li>\n<li>2\u2011kerroksinen materiaali<\/li>\n<li>Teipatut saumat<\/li>\n<li>Taftivuori<\/li>\n<li>Verkkovuori lahkeiden alaosassa nopeaa kuivumista varten<\/li>\n<li>Muotoillut polvet paremman liikkuvuuden takaamiseksi<\/li>\n<li>Heijastava Pelle P \u2011painatus edess\u00e4 ja lahkeissa<\/li>\n<li>Tekninen painatus sis\u00e4puolella<\/li>\n<li>S\u00e4\u00e4dett\u00e4v\u00e4 tarrakiinnitys lahkeensuissa<\/li>\n<li>Regular\u2011mitoitus<\/li>\n<\/ul>\n","protected":false},"excerpt":{"rendered":"<p>Naisten tekniset s\u00e4\u00e4lt\u00e4 suojaavat housut<\/p>\n","protected":false},"featured_media":94360,"template":"","meta":{"_acf_changed":false},"pwb-brand":[838],"product_brand":[],"product_cat":[640,827,726,588],"product_tag":[],"woo-feed-brand":[],"class_list":{"0":"post-94373","1":"product","2":"type-product","3":"status-publish","4":"has-post-thumbnail","6":"pwb-brand-pelle-petterson-fi","7":"product_cat-housut-fi","8":"product_cat-naiset","9":"product_cat-tekniset-vaatteet-naiset","10":"product_cat-uutuudet","12":"first","13":"instock","14":"taxable","15":"shipping-taxable","16":"purchasable","17":"product-type-variable","18":"wvs-archive-product-wrapper"},"acf":[],"brands":[{"id":838,"name":"Pelle Petterson","slug":"pelle-petterson-fi"}],"_links":{"self":[{"href":"https:\/\/nautical.store\/fi\/wp-json\/wp\/v2\/product\/94373","targetHints":{"allow":["GET"]}}],"collection":[{"href":"https:\/\/nautical.store\/fi\/wp-json\/wp\/v2\/product"}],"about":[{"href":"https:\/\/nautical.store\/fi\/wp-json\/wp\/v2\/types\/product"}],"wp:featuredmedia":[{"embeddable":true,"href":"https:\/\/nautical.store\/fi\/wp-json\/wp\/v2\/media\/94360"}],"wp:attachment":[{"href":"https:\/\/nautical.store\/fi\/wp-json\/wp\/v2\/media?parent=94373"}],"wp:term":[{"taxonomy":"pwb-brand","embeddable":true,"href":"https:\/\/nautical.store\/fi\/wp-json\/wp\/v2\/pwb-brand?post=94373"},{"taxonomy":"product_brand","embeddable":true,"href":"https:\/\/nautical.store\/fi\/wp-json\/wp\/v2\/product_brand?post=94373"},{"taxonomy":"product_cat","embeddable":true,"href":"https:\/\/nautical.store\/fi\/wp-json\/wp\/v2\/product_cat?post=94373"},{"taxonomy":"product_tag","embeddable":true,"href":"https:\/\/nautical.store\/fi\/wp-json\/wp\/v2\/product_tag?post=94373"},{"taxonomy":"woo-feed-brand","embeddable":true,"href":"https:\/\/nautical.store\/fi\/wp-json\/wp\/v2\/woo-feed-brand?post=94373"}],"curies":[{"name":"wp","href":"https:\/\/api.w.org\/{rel}","templated":true}]}}