{"id":94636,"date":"2026-04-06T12:43:06","date_gmt":"2026-04-06T09:43:06","guid":{"rendered":"https:\/\/nautical.store\/toode\/pelle-p-crew-polo-mekko\/"},"modified":"2026-04-06T12:43:06","modified_gmt":"2026-04-06T09:43:06","slug":"pelle-p-crew-polo-mekko","status":"publish","type":"product","link":"https:\/\/nautical.store\/fi\/tuote\/pelle-p-crew-polo-mekko\/","title":{"rendered":"Pelle P Crew Polo Mekko"},"content":{"rendered":"<p>Lyhythihainen polomekko, jossa on huolellisesti suunnitellut ja hillityt yksityiskohdat. Crew Polo Dress on miellytt\u00e4v\u00e4 p\u00e4\u00e4ll\u00e4. Mekossa on ribbineuloskaulus ja \u2011hihansuut, joissa on kudottu kohokuvioitu raita, koristenapit, halkiot, tunnusomaiset bartack\u2011ompeleet sek\u00e4 P\u2011logo kauluksessa ja vasemmassa hihassa. Mekko on valmistettu korkealaatuisesta puuvillasekoitteesta.<\/p>\n<ul>\n<li>Materiaalit: 95 % puuvilla, 5 % elastaani<\/li>\n<li>Laadukas puuvillainen pik\u00e9ekangas<\/li>\n<li>Etulista PelleP\u2011napeilla<\/li>\n<li>Ribbineuloskaulus ja \u2011hihansuut<\/li>\n<li>Halkiot<\/li>\n<li>Kontrastiv\u00e4riset bartack\u2011ompeleet<\/li>\n<li>P\u2011logokirjailu sel\u00e4n kaulaosassa<\/li>\n<li>P\u2011logo silikonimerkki vasemmassa hihassa<\/li>\n<li>Malli (170 cm) k\u00e4ytt\u00e4\u00e4 kokoa S<\/li>\n<\/ul>\n","protected":false},"excerpt":{"rendered":"<p>Mukava polomekko<\/p>\n","protected":false},"featured_media":94625,"template":"","meta":{"_acf_changed":false},"pwb-brand":[838],"product_brand":[],"product_cat":[593,827,588],"product_tag":[],"woo-feed-brand":[],"class_list":{"0":"post-94636","1":"product","2":"type-product","3":"status-publish","4":"has-post-thumbnail","6":"pwb-brand-pelle-petterson-fi","7":"product_cat-mekot","8":"product_cat-naiset","9":"product_cat-uutuudet","11":"first","12":"instock","13":"taxable","14":"shipping-taxable","15":"purchasable","16":"product-type-variable","17":"wvs-archive-product-wrapper"},"acf":[],"brands":[{"id":838,"name":"Pelle Petterson","slug":"pelle-petterson-fi"}],"_links":{"self":[{"href":"https:\/\/nautical.store\/fi\/wp-json\/wp\/v2\/product\/94636","targetHints":{"allow":["GET"]}}],"collection":[{"href":"https:\/\/nautical.store\/fi\/wp-json\/wp\/v2\/product"}],"about":[{"href":"https:\/\/nautical.store\/fi\/wp-json\/wp\/v2\/types\/product"}],"wp:featuredmedia":[{"embeddable":true,"href":"https:\/\/nautical.store\/fi\/wp-json\/wp\/v2\/media\/94625"}],"wp:attachment":[{"href":"https:\/\/nautical.store\/fi\/wp-json\/wp\/v2\/media?parent=94636"}],"wp:term":[{"taxonomy":"pwb-brand","embeddable":true,"href":"https:\/\/nautical.store\/fi\/wp-json\/wp\/v2\/pwb-brand?post=94636"},{"taxonomy":"product_brand","embeddable":true,"href":"https:\/\/nautical.store\/fi\/wp-json\/wp\/v2\/product_brand?post=94636"},{"taxonomy":"product_cat","embeddable":true,"href":"https:\/\/nautical.store\/fi\/wp-json\/wp\/v2\/product_cat?post=94636"},{"taxonomy":"product_tag","embeddable":true,"href":"https:\/\/nautical.store\/fi\/wp-json\/wp\/v2\/product_tag?post=94636"},{"taxonomy":"woo-feed-brand","embeddable":true,"href":"https:\/\/nautical.store\/fi\/wp-json\/wp\/v2\/woo-feed-brand?post=94636"}],"curies":[{"name":"wp","href":"https:\/\/api.w.org\/{rel}","templated":true}]}}