{"id":94684,"date":"2026-04-06T13:26:05","date_gmt":"2026-04-06T10:26:05","guid":{"rendered":"https:\/\/nautical.store\/toode\/pellep-anchorage-mekko\/"},"modified":"2026-04-06T14:07:27","modified_gmt":"2026-04-06T11:07:27","slug":"pellep-anchorage-mekko","status":"publish","type":"product","link":"https:\/\/nautical.store\/fi\/tuote\/pellep-anchorage-mekko\/","title":{"rendered":"PelleP Anchorage Mekko"},"content":{"rendered":"<p>Kevent\u00e4 ja naisellinen mekko, jota viimeistellyt yksityiskohdat tekev\u00e4t ilmeikk\u00e4\u00e4ksi. Anchorage Mekko on mukava arkimekko, jonka huolitellut yksityiskohdat tuovat yksinkertaiseen leikkaukseen ripauksen eleganssia. Mekko on valmistettu kevyest\u00e4 ja joustavasta single\u2011jerseykankaasta, joka laskeutuu pehme\u00e4sti ja kauniisti.<\/p>\n<ul>\n<li>Materiaali: 62 % polyesteri\u00e4, 33 % viskoosia, 5 % elastaania<\/li>\n<li>Laadukas single\u2011jerseykangas<\/li>\n<li>Regular\u2011mitoitus<\/li>\n<li>Drapeerattu solmuyksityiskohta vasemmalla vy\u00f6t\u00e4r\u00f6ll\u00e4<\/li>\n<li>Laskokset oikealla vy\u00f6t\u00e4r\u00f6ll\u00e4<\/li>\n<li>Lyhyt kaareva hiha<\/li>\n<li>Kudottu merkki kohokuvioidulla<\/li>\n<li>P\u2011logolla hihassa<\/li>\n<li>Kontrastiv\u00e4riset bartack\u2011ompeleet<\/li>\n<\/ul>\n","protected":false},"excerpt":{"rendered":"<p>Kevyt ja mukava kes\u00e4mekko<\/p>\n","protected":false},"featured_media":94663,"template":"","meta":{"_acf_changed":false},"pwb-brand":[838],"product_brand":[],"product_cat":[593,827,588],"product_tag":[],"woo-feed-brand":[],"class_list":{"0":"post-94684","1":"product","2":"type-product","3":"status-publish","4":"has-post-thumbnail","6":"pwb-brand-pelle-petterson-fi","7":"product_cat-mekot","8":"product_cat-naiset","9":"product_cat-uutuudet","11":"first","12":"instock","13":"taxable","14":"shipping-taxable","15":"purchasable","16":"product-type-variable","17":"wvs-archive-product-wrapper"},"acf":[],"brands":[{"id":838,"name":"Pelle Petterson","slug":"pelle-petterson-fi"}],"_links":{"self":[{"href":"https:\/\/nautical.store\/fi\/wp-json\/wp\/v2\/product\/94684","targetHints":{"allow":["GET"]}}],"collection":[{"href":"https:\/\/nautical.store\/fi\/wp-json\/wp\/v2\/product"}],"about":[{"href":"https:\/\/nautical.store\/fi\/wp-json\/wp\/v2\/types\/product"}],"wp:featuredmedia":[{"embeddable":true,"href":"https:\/\/nautical.store\/fi\/wp-json\/wp\/v2\/media\/94663"}],"wp:attachment":[{"href":"https:\/\/nautical.store\/fi\/wp-json\/wp\/v2\/media?parent=94684"}],"wp:term":[{"taxonomy":"pwb-brand","embeddable":true,"href":"https:\/\/nautical.store\/fi\/wp-json\/wp\/v2\/pwb-brand?post=94684"},{"taxonomy":"product_brand","embeddable":true,"href":"https:\/\/nautical.store\/fi\/wp-json\/wp\/v2\/product_brand?post=94684"},{"taxonomy":"product_cat","embeddable":true,"href":"https:\/\/nautical.store\/fi\/wp-json\/wp\/v2\/product_cat?post=94684"},{"taxonomy":"product_tag","embeddable":true,"href":"https:\/\/nautical.store\/fi\/wp-json\/wp\/v2\/product_tag?post=94684"},{"taxonomy":"woo-feed-brand","embeddable":true,"href":"https:\/\/nautical.store\/fi\/wp-json\/wp\/v2\/woo-feed-brand?post=94684"}],"curies":[{"name":"wp","href":"https:\/\/api.w.org\/{rel}","templated":true}]}}