{"id":94717,"date":"2026-04-06T14:11:59","date_gmt":"2026-04-06T11:11:59","guid":{"rendered":"https:\/\/nautical.store\/toode\/pellep-brassie-mekko\/"},"modified":"2026-04-06T14:11:59","modified_gmt":"2026-04-06T11:11:59","slug":"pellep-brassie-mekko","status":"publish","type":"product","link":"https:\/\/nautical.store\/fi\/tuote\/pellep-brassie-mekko\/","title":{"rendered":"PelleP Brassie\u2011mekko"},"content":{"rendered":"<p>Mukava, sel\u00e4st\u00e4 avoin mekko. Pehme\u00e4 ja kes\u00e4inen Brassie\u2011mekko on valmistettu helposti hoidettavasta, rakenteisesta kankaasta. Mekossa on vuori, ja kaulanauhassa on solki pituuden s\u00e4\u00e4t\u00f6\u00e4 varten.<\/p>\n<ul>\n<li>Materiaali: 75 % polyesteri\u00e4, 15 % puuvillaa, 10 % viskoosia<\/li>\n<li>Regular\u2011mitoitus<\/li>\n<li>Rakenteinen polyesteri\u2011puuvillakangas<\/li>\n<li>Vuori sis\u00e4puolella<\/li>\n<li>Solki pituuden s\u00e4\u00e4t\u00f6\u00f6n<\/li>\n<li>Kudottu Pelle P \u2011merkki helman reunassa<\/li>\n<\/ul>\n","protected":false},"excerpt":{"rendered":"<p>Mukava kes\u00e4mekko<\/p>\n","protected":false},"featured_media":94699,"template":"","meta":{"_acf_changed":false},"pwb-brand":[838],"product_brand":[],"product_cat":[593,827,588],"product_tag":[],"woo-feed-brand":[],"class_list":{"0":"post-94717","1":"product","2":"type-product","3":"status-publish","4":"has-post-thumbnail","6":"pwb-brand-pelle-petterson-fi","7":"product_cat-mekot","8":"product_cat-naiset","9":"product_cat-uutuudet","11":"first","12":"instock","13":"taxable","14":"shipping-taxable","15":"purchasable","16":"product-type-variable","17":"wvs-archive-product-wrapper"},"acf":[],"brands":[{"id":838,"name":"Pelle Petterson","slug":"pelle-petterson-fi"}],"_links":{"self":[{"href":"https:\/\/nautical.store\/fi\/wp-json\/wp\/v2\/product\/94717","targetHints":{"allow":["GET"]}}],"collection":[{"href":"https:\/\/nautical.store\/fi\/wp-json\/wp\/v2\/product"}],"about":[{"href":"https:\/\/nautical.store\/fi\/wp-json\/wp\/v2\/types\/product"}],"wp:featuredmedia":[{"embeddable":true,"href":"https:\/\/nautical.store\/fi\/wp-json\/wp\/v2\/media\/94699"}],"wp:attachment":[{"href":"https:\/\/nautical.store\/fi\/wp-json\/wp\/v2\/media?parent=94717"}],"wp:term":[{"taxonomy":"pwb-brand","embeddable":true,"href":"https:\/\/nautical.store\/fi\/wp-json\/wp\/v2\/pwb-brand?post=94717"},{"taxonomy":"product_brand","embeddable":true,"href":"https:\/\/nautical.store\/fi\/wp-json\/wp\/v2\/product_brand?post=94717"},{"taxonomy":"product_cat","embeddable":true,"href":"https:\/\/nautical.store\/fi\/wp-json\/wp\/v2\/product_cat?post=94717"},{"taxonomy":"product_tag","embeddable":true,"href":"https:\/\/nautical.store\/fi\/wp-json\/wp\/v2\/product_tag?post=94717"},{"taxonomy":"woo-feed-brand","embeddable":true,"href":"https:\/\/nautical.store\/fi\/wp-json\/wp\/v2\/woo-feed-brand?post=94717"}],"curies":[{"name":"wp","href":"https:\/\/api.w.org\/{rel}","templated":true}]}}