{"id":94761,"date":"2026-04-08T17:56:49","date_gmt":"2026-04-08T14:56:49","guid":{"rendered":"https:\/\/nautical.store\/toode\/capri-jeans\/"},"modified":"2026-04-08T18:41:22","modified_gmt":"2026-04-08T15:41:22","slug":"capri-jeans","status":"publish","type":"product","link":"https:\/\/nautical.store\/fi\/tuote\/capri-jeans\/","title":{"rendered":"Capri Jeans"},"content":{"rendered":"<p>Capri\u2011farkkumallissa on korkea vy\u00f6t\u00e4r\u00f6 ja reiden kohdalta vartaloa my\u00f6t\u00e4ilev\u00e4 istuvuus. Polven alapuolelta lahje kapenee kohti nilkkaa. Etutaskuissa on koristeelliset niitit ja lahkeensuussa leve\u00e4 13 cm k\u00e4\u00e4nne.<\/p>\n<ul>\n<li>Malli: korkea vy\u00f6t\u00e4r\u00f6, skinny<\/li>\n<li>Metallinappi ja niittiyksityiskohdat<\/li>\n<li>Koristeelliset niitit etutaskuissa<\/li>\n<li>Leve\u00e4 k\u00e4\u00e4nne \u2013 13 cm<\/li>\n<li>Kiinnitys: nappi ja vetoketju<\/li>\n<li>Taskut: etutaskut ja takataskut<\/li>\n<li>Koko W36: lahkeen sis\u00e4pituus 65 cm (L26)<\/li>\n<li>Materiaali: 41 % puuvillaa, 35 % luomupuuvillaa, 23 % esikierr\u00e4tetty\u00e4 puuvillaa, 1 % elastaania<\/li>\n<\/ul>\n","protected":false},"excerpt":{"rendered":"<p>Capri\u2011pituiset farkut<\/p>\n","protected":false},"featured_media":94751,"template":"","meta":{"_acf_changed":false},"pwb-brand":[959],"product_brand":[],"product_cat":[640,827,588],"product_tag":[],"woo-feed-brand":[],"class_list":{"0":"post-94761","1":"product","2":"type-product","3":"status-publish","4":"has-post-thumbnail","6":"pwb-brand-para-mi-fi","7":"product_cat-housut-fi","8":"product_cat-naiset","9":"product_cat-uutuudet","11":"first","12":"instock","13":"taxable","14":"shipping-taxable","15":"purchasable","16":"product-type-variable","17":"wvs-archive-product-wrapper"},"acf":[],"brands":[{"id":959,"name":"Para Mi","slug":"para-mi-fi"}],"_links":{"self":[{"href":"https:\/\/nautical.store\/fi\/wp-json\/wp\/v2\/product\/94761","targetHints":{"allow":["GET"]}}],"collection":[{"href":"https:\/\/nautical.store\/fi\/wp-json\/wp\/v2\/product"}],"about":[{"href":"https:\/\/nautical.store\/fi\/wp-json\/wp\/v2\/types\/product"}],"wp:featuredmedia":[{"embeddable":true,"href":"https:\/\/nautical.store\/fi\/wp-json\/wp\/v2\/media\/94751"}],"wp:attachment":[{"href":"https:\/\/nautical.store\/fi\/wp-json\/wp\/v2\/media?parent=94761"}],"wp:term":[{"taxonomy":"pwb-brand","embeddable":true,"href":"https:\/\/nautical.store\/fi\/wp-json\/wp\/v2\/pwb-brand?post=94761"},{"taxonomy":"product_brand","embeddable":true,"href":"https:\/\/nautical.store\/fi\/wp-json\/wp\/v2\/product_brand?post=94761"},{"taxonomy":"product_cat","embeddable":true,"href":"https:\/\/nautical.store\/fi\/wp-json\/wp\/v2\/product_cat?post=94761"},{"taxonomy":"product_tag","embeddable":true,"href":"https:\/\/nautical.store\/fi\/wp-json\/wp\/v2\/product_tag?post=94761"},{"taxonomy":"woo-feed-brand","embeddable":true,"href":"https:\/\/nautical.store\/fi\/wp-json\/wp\/v2\/woo-feed-brand?post=94761"}],"curies":[{"name":"wp","href":"https:\/\/api.w.org\/{rel}","templated":true}]}}