{"id":94790,"date":"2026-04-08T18:34:09","date_gmt":"2026-04-08T15:34:09","guid":{"rendered":"https:\/\/nautical.store\/toode\/mira-ajour-jeans\/"},"modified":"2026-04-08T18:34:09","modified_gmt":"2026-04-08T15:34:09","slug":"mira-ajour-jeans","status":"publish","type":"product","link":"https:\/\/nautical.store\/fi\/tuote\/mira-ajour-jeans\/","title":{"rendered":"Mira Ajour Jeans"},"content":{"rendered":"<p>Mira\u2011mallissa on korkea vy\u00f6t\u00e4r\u00f6. Housut ovat reisien kohdalta v\u00e4ljemm\u00e4t ja lahkeet levenev\u00e4t erityisen leveiksi alasp\u00e4in. Lahkeensuussa on brodeeraustyylinen kirjailtu koriste.<\/p>\n<ul>\n<li>Kiinnitys: nappi ja vetoketju<\/li>\n<li>Taskut: sivutasku ja takataskut<\/li>\n<li>Materiaali: 99 % puuvillaa, 1 % elastaania<\/li>\n<li>Mallimme on 1,75 m pitk\u00e4 ja k\u00e4ytt\u00e4\u00e4 t\u00e4ss\u00e4 kokoa 36.<\/li>\n<li>Koko W36: lahkeen sis\u00e4pituus 78 cm (L30)<\/li>\n<\/ul>\n","protected":false},"excerpt":{"rendered":"<p>Leve\u00e4t farkut, joissa koristeellinen lahkeensuu<\/p>\n","protected":false},"featured_media":94781,"template":"","meta":{"_acf_changed":false},"pwb-brand":[959],"product_brand":[],"product_cat":[640,827,588],"product_tag":[],"woo-feed-brand":[],"class_list":{"0":"post-94790","1":"product","2":"type-product","3":"status-publish","4":"has-post-thumbnail","6":"pwb-brand-para-mi-fi","7":"product_cat-housut-fi","8":"product_cat-naiset","9":"product_cat-uutuudet","11":"first","12":"instock","13":"taxable","14":"shipping-taxable","15":"purchasable","16":"product-type-variable","17":"wvs-archive-product-wrapper"},"acf":[],"brands":[{"id":959,"name":"Para Mi","slug":"para-mi-fi"}],"_links":{"self":[{"href":"https:\/\/nautical.store\/fi\/wp-json\/wp\/v2\/product\/94790","targetHints":{"allow":["GET"]}}],"collection":[{"href":"https:\/\/nautical.store\/fi\/wp-json\/wp\/v2\/product"}],"about":[{"href":"https:\/\/nautical.store\/fi\/wp-json\/wp\/v2\/types\/product"}],"wp:featuredmedia":[{"embeddable":true,"href":"https:\/\/nautical.store\/fi\/wp-json\/wp\/v2\/media\/94781"}],"wp:attachment":[{"href":"https:\/\/nautical.store\/fi\/wp-json\/wp\/v2\/media?parent=94790"}],"wp:term":[{"taxonomy":"pwb-brand","embeddable":true,"href":"https:\/\/nautical.store\/fi\/wp-json\/wp\/v2\/pwb-brand?post=94790"},{"taxonomy":"product_brand","embeddable":true,"href":"https:\/\/nautical.store\/fi\/wp-json\/wp\/v2\/product_brand?post=94790"},{"taxonomy":"product_cat","embeddable":true,"href":"https:\/\/nautical.store\/fi\/wp-json\/wp\/v2\/product_cat?post=94790"},{"taxonomy":"product_tag","embeddable":true,"href":"https:\/\/nautical.store\/fi\/wp-json\/wp\/v2\/product_tag?post=94790"},{"taxonomy":"woo-feed-brand","embeddable":true,"href":"https:\/\/nautical.store\/fi\/wp-json\/wp\/v2\/woo-feed-brand?post=94790"}],"curies":[{"name":"wp","href":"https:\/\/api.w.org\/{rel}","templated":true}]}}