{"id":94816,"date":"2026-04-08T22:34:17","date_gmt":"2026-04-08T19:34:17","guid":{"rendered":"https:\/\/nautical.store\/toode\/nola-summerlight\/"},"modified":"2026-04-08T22:34:17","modified_gmt":"2026-04-08T19:34:17","slug":"nola-summerlight","status":"publish","type":"product","link":"https:\/\/nautical.store\/fi\/tuote\/nola-summerlight\/","title":{"rendered":"Nola Summerlight"},"content":{"rendered":"<p data-start=\"0\" data-end=\"164\">Korkeavy\u00f6t\u00e4r\u00f6inen, v\u00e4lj\u00e4sti istuva farkkukangasta valmistettu housuhame, joka ulottuu hieman polven yl\u00e4puolelle ja yhdist\u00e4\u00e4 hameen ilmeen sek\u00e4 shortsien mukavuuden.<\/p>\n<ul>\n<li data-start=\"166\" data-end=\"548\">Materiaali: 75 % puuvilla, 12 % modaali, 9 % polyesteri, 4 % elastaani<\/li>\n<li data-start=\"166\" data-end=\"548\">Yksityiskohdat: Nola-housuhameessa on metallinappi ja niittej\u00e4.<\/li>\n<li data-start=\"166\" data-end=\"548\">Vy\u00f6t\u00e4r\u00f6n takaosassa on logomerkki<\/li>\n<li data-start=\"166\" data-end=\"548\">Kiinnitys: nappi ja vetoketju<\/li>\n<li data-start=\"166\" data-end=\"548\">Taskut: etu- ja takataskut<\/li>\n<li data-start=\"166\" data-end=\"548\">Koko 38 lahkeen sis\u00e4pituus 36 cm<\/li>\n<li data-start=\"166\" data-end=\"548\">Taskujen kulmissa koristeniitit<\/li>\n<li data-start=\"166\" data-end=\"548\">Vy\u00f6lenkkien korkeus 4 cm<\/li>\n<li data-start=\"166\" data-end=\"548\">Mallimme on 175 cm pitk\u00e4 ja k\u00e4ytt\u00e4\u00e4 kuvassa kokoa 36<\/li>\n<\/ul>\n","protected":false},"excerpt":{"rendered":"<p>Farkkutyylinen housuhame<\/p>\n","protected":false},"featured_media":94811,"template":"","meta":{"_acf_changed":false},"pwb-brand":[959],"product_brand":[],"product_cat":[639,640,827,588],"product_tag":[],"woo-feed-brand":[],"class_list":{"0":"post-94816","1":"product","2":"type-product","3":"status-publish","4":"has-post-thumbnail","6":"pwb-brand-para-mi-fi","7":"product_cat-hameet","8":"product_cat-housut-fi","9":"product_cat-naiset","10":"product_cat-uutuudet","12":"first","13":"instock","14":"taxable","15":"shipping-taxable","16":"purchasable","17":"product-type-variable","18":"wvs-archive-product-wrapper"},"acf":[],"brands":[{"id":959,"name":"Para Mi","slug":"para-mi-fi"}],"_links":{"self":[{"href":"https:\/\/nautical.store\/fi\/wp-json\/wp\/v2\/product\/94816","targetHints":{"allow":["GET"]}}],"collection":[{"href":"https:\/\/nautical.store\/fi\/wp-json\/wp\/v2\/product"}],"about":[{"href":"https:\/\/nautical.store\/fi\/wp-json\/wp\/v2\/types\/product"}],"wp:featuredmedia":[{"embeddable":true,"href":"https:\/\/nautical.store\/fi\/wp-json\/wp\/v2\/media\/94811"}],"wp:attachment":[{"href":"https:\/\/nautical.store\/fi\/wp-json\/wp\/v2\/media?parent=94816"}],"wp:term":[{"taxonomy":"pwb-brand","embeddable":true,"href":"https:\/\/nautical.store\/fi\/wp-json\/wp\/v2\/pwb-brand?post=94816"},{"taxonomy":"product_brand","embeddable":true,"href":"https:\/\/nautical.store\/fi\/wp-json\/wp\/v2\/product_brand?post=94816"},{"taxonomy":"product_cat","embeddable":true,"href":"https:\/\/nautical.store\/fi\/wp-json\/wp\/v2\/product_cat?post=94816"},{"taxonomy":"product_tag","embeddable":true,"href":"https:\/\/nautical.store\/fi\/wp-json\/wp\/v2\/product_tag?post=94816"},{"taxonomy":"woo-feed-brand","embeddable":true,"href":"https:\/\/nautical.store\/fi\/wp-json\/wp\/v2\/woo-feed-brand?post=94816"}],"curies":[{"name":"wp","href":"https:\/\/api.w.org\/{rel}","templated":true}]}}