{"id":94850,"date":"2026-04-08T23:32:19","date_gmt":"2026-04-08T20:32:19","guid":{"rendered":"https:\/\/nautical.store\/toode\/bobby-casual-cotton\/"},"modified":"2026-04-09T09:18:33","modified_gmt":"2026-04-09T06:18:33","slug":"bobby-casual-cotton","status":"publish","type":"product","link":"https:\/\/nautical.store\/fi\/tuote\/bobby-casual-cotton\/","title":{"rendered":"Bobby Casual Cotton"},"content":{"rendered":"<p data-start=\"143\" data-end=\"433\">Bobby\u2011housut ovat tyylikk\u00e4\u00e4t korkeavy\u00f6t\u00e4r\u00f6iset naisten housut, joissa on suora ja hieman v\u00e4ljempi lahjemalli. Kaksinkertainen k\u00e4\u00e4nnetty lahje korostaa jalkineita kauniisti ja sopii erinomaisesti monenlaisiin tyyleihin. Koristeellinen punottu ny\u00f6rivy\u00f6 tuo housuihin n\u00e4ytt\u00e4v\u00e4n yksityiskohdan.<\/p>\n<ul>\n<li data-start=\"435\" data-end=\"775\">Materiaalit: 95 % Pima\u2011puuvillaa, 5 % elastaania \u2013 pehme\u00e4, kest\u00e4v\u00e4 ja miellytt\u00e4v\u00e4 p\u00e4\u00e4ll\u00e4<\/li>\n<li data-start=\"435\" data-end=\"775\">Pima\u2011puuvilla \u2013 korkealaatuinen, erityisen pehme\u00e4 pitk\u00e4kuituinen puuvilla<\/li>\n<li data-start=\"435\" data-end=\"775\">Kiinnitys: nappi ja vetoketju<\/li>\n<li data-start=\"435\" data-end=\"775\">Taskut: etu- ja takataskut<\/li>\n<li data-start=\"435\" data-end=\"775\">Mallimme on 1,75 m pitk\u00e4 ja k\u00e4ytt\u00e4\u00e4 t\u00e4ss\u00e4 kokoa 36<\/li>\n<li data-start=\"435\" data-end=\"775\">Koko W36 lahkeen sis\u00e4pituus: 70 cm (L30), k\u00e4\u00e4nnettyn\u00e4 75 cm<\/li>\n<\/ul>\n<p data-start=\"777\" data-end=\"866\">T\u00e4ydellinen valinta arkeen, kun arvostat mukavuutta, laatua ja tyyli\u00e4 samassa tuotteessa.<\/p>\n","protected":false},"excerpt":{"rendered":"<p>Naisten puuvillahousut kes\u00e4\u00e4n<\/p>\n","protected":false},"featured_media":94833,"template":"","meta":{"_acf_changed":false},"pwb-brand":[959],"product_brand":[],"product_cat":[640,827,588],"product_tag":[],"woo-feed-brand":[],"class_list":{"0":"post-94850","1":"product","2":"type-product","3":"status-publish","4":"has-post-thumbnail","6":"pwb-brand-para-mi-fi","7":"product_cat-housut-fi","8":"product_cat-naiset","9":"product_cat-uutuudet","11":"first","12":"instock","13":"taxable","14":"shipping-taxable","15":"purchasable","16":"product-type-variable","17":"wvs-archive-product-wrapper"},"acf":[],"brands":[{"id":959,"name":"Para Mi","slug":"para-mi-fi"}],"_links":{"self":[{"href":"https:\/\/nautical.store\/fi\/wp-json\/wp\/v2\/product\/94850","targetHints":{"allow":["GET"]}}],"collection":[{"href":"https:\/\/nautical.store\/fi\/wp-json\/wp\/v2\/product"}],"about":[{"href":"https:\/\/nautical.store\/fi\/wp-json\/wp\/v2\/types\/product"}],"wp:featuredmedia":[{"embeddable":true,"href":"https:\/\/nautical.store\/fi\/wp-json\/wp\/v2\/media\/94833"}],"wp:attachment":[{"href":"https:\/\/nautical.store\/fi\/wp-json\/wp\/v2\/media?parent=94850"}],"wp:term":[{"taxonomy":"pwb-brand","embeddable":true,"href":"https:\/\/nautical.store\/fi\/wp-json\/wp\/v2\/pwb-brand?post=94850"},{"taxonomy":"product_brand","embeddable":true,"href":"https:\/\/nautical.store\/fi\/wp-json\/wp\/v2\/product_brand?post=94850"},{"taxonomy":"product_cat","embeddable":true,"href":"https:\/\/nautical.store\/fi\/wp-json\/wp\/v2\/product_cat?post=94850"},{"taxonomy":"product_tag","embeddable":true,"href":"https:\/\/nautical.store\/fi\/wp-json\/wp\/v2\/product_tag?post=94850"},{"taxonomy":"woo-feed-brand","embeddable":true,"href":"https:\/\/nautical.store\/fi\/wp-json\/wp\/v2\/woo-feed-brand?post=94850"}],"curies":[{"name":"wp","href":"https:\/\/api.w.org\/{rel}","templated":true}]}}