{"id":94885,"date":"2026-04-09T10:25:10","date_gmt":"2026-04-09T07:25:10","guid":{"rendered":"https:\/\/nautical.store\/toode\/mira-ajour-cotton\/"},"modified":"2026-04-09T10:25:10","modified_gmt":"2026-04-09T07:25:10","slug":"mira-ajour-cotton","status":"publish","type":"product","link":"https:\/\/nautical.store\/fi\/tuote\/mira-ajour-cotton\/","title":{"rendered":"Mira Ajour Cotton"},"content":{"rendered":"<p>Mira Ajour Cotton \u2011housut ovat korkeavy\u00f6t\u00e4r\u00f6iset naisten housut, joissa on lantion ja reisien kohdalla v\u00e4ljempi mitoitus sek\u00e4 erityisen leve\u00e4t lahkeensuut. Lahkeiden alaosaa koristaa kaunis reik\u00e4kirjonta, joka antaa housuille n\u00e4ytt\u00e4v\u00e4n ja erottuvan ilmeen. V\u00e4ri: tummansininen.<\/p>\n<ul>\n<li>Materiaalit: 57 % Tencel, 40 % puuvilla, 3 % elastaani<\/li>\n<li>Kangasvy\u00f6<\/li>\n<li>Sivusaumoihin piilotetut etutaskut<\/li>\n<li>Takana koristeelliset valetaskut<\/li>\n<li>Koko 36 lahkeen sis\u00e4pituus: 70 cm (L28)<\/li>\n<li>Lahkeensuun leveys: 27 cm<\/li>\n<li>Kuvion korkeus: 15 cm<\/li>\n<li>Mallimme on 1,75 m pitk\u00e4 ja k\u00e4ytt\u00e4\u00e4 kokoa 36<\/li>\n<\/ul>\n","protected":false},"excerpt":{"rendered":"<p>Korkeavy\u00f6t\u00e4r\u00f6iset leve\u00e4lahkeiset housut<\/p>\n","protected":false},"featured_media":94872,"template":"","meta":{"_acf_changed":false},"pwb-brand":[959],"product_brand":[],"product_cat":[640,827,588],"product_tag":[],"woo-feed-brand":[],"class_list":{"0":"post-94885","1":"product","2":"type-product","3":"status-publish","4":"has-post-thumbnail","6":"pwb-brand-para-mi-fi","7":"product_cat-housut-fi","8":"product_cat-naiset","9":"product_cat-uutuudet","11":"first","12":"instock","13":"taxable","14":"shipping-taxable","15":"purchasable","16":"product-type-variable","17":"wvs-archive-product-wrapper"},"acf":[],"brands":[{"id":959,"name":"Para Mi","slug":"para-mi-fi"}],"_links":{"self":[{"href":"https:\/\/nautical.store\/fi\/wp-json\/wp\/v2\/product\/94885","targetHints":{"allow":["GET"]}}],"collection":[{"href":"https:\/\/nautical.store\/fi\/wp-json\/wp\/v2\/product"}],"about":[{"href":"https:\/\/nautical.store\/fi\/wp-json\/wp\/v2\/types\/product"}],"wp:featuredmedia":[{"embeddable":true,"href":"https:\/\/nautical.store\/fi\/wp-json\/wp\/v2\/media\/94872"}],"wp:attachment":[{"href":"https:\/\/nautical.store\/fi\/wp-json\/wp\/v2\/media?parent=94885"}],"wp:term":[{"taxonomy":"pwb-brand","embeddable":true,"href":"https:\/\/nautical.store\/fi\/wp-json\/wp\/v2\/pwb-brand?post=94885"},{"taxonomy":"product_brand","embeddable":true,"href":"https:\/\/nautical.store\/fi\/wp-json\/wp\/v2\/product_brand?post=94885"},{"taxonomy":"product_cat","embeddable":true,"href":"https:\/\/nautical.store\/fi\/wp-json\/wp\/v2\/product_cat?post=94885"},{"taxonomy":"product_tag","embeddable":true,"href":"https:\/\/nautical.store\/fi\/wp-json\/wp\/v2\/product_tag?post=94885"},{"taxonomy":"woo-feed-brand","embeddable":true,"href":"https:\/\/nautical.store\/fi\/wp-json\/wp\/v2\/woo-feed-brand?post=94885"}],"curies":[{"name":"wp","href":"https:\/\/api.w.org\/{rel}","templated":true}]}}