{"id":94908,"date":"2026-04-09T13:19:44","date_gmt":"2026-04-09T10:19:44","guid":{"rendered":"https:\/\/nautical.store\/toode\/bobby-shortsit-summerlight\/"},"modified":"2026-04-09T13:19:44","modified_gmt":"2026-04-09T10:19:44","slug":"bobby-shortsit-summerlight","status":"publish","type":"product","link":"https:\/\/nautical.store\/fi\/tuote\/bobby-shortsit-summerlight\/","title":{"rendered":"Bobby-shortsit Summerlight"},"content":{"rendered":"<p data-start=\"82\" data-end=\"201\">Bobby-shortsit ovat korkeavy\u00f6t\u00e4r\u00f6iset denim-tyyliset naisten shortsit, joissa on hieman v\u00e4ljempi mitoitus kauttaaltaan.<\/p>\n<ul>\n<li>Istuvuus: korkea vy\u00f6t\u00e4r\u00f6, v\u00e4lj\u00e4 malli<\/li>\n<li>Materiaali: 75 % puuvilla, 12 % modaalia, 9 % polyesteri\u00e4, 4 % elastaania<\/li>\n<li>Yksityiskohdat: koristeellinen punottu ny\u00f6ri ja kaksinkertainen k\u00e4\u00e4nne lahkeensuussa<\/li>\n<li>Kiinnitys: nappi ja vetoketju<\/li>\n<li>Taskut: etu- ja takataskut<\/li>\n<li>Koko 38 lahkeen sis\u00e4pituus: 13 cm (L8) k\u00e4\u00e4nnettyn\u00e4<\/li>\n<li>Sis\u00e4pituus: 19 cm suorana<\/li>\n<li>Mallimme on 1,75 m pitk\u00e4 ja k\u00e4ytt\u00e4\u00e4 kokoa 36<\/li>\n<\/ul>\n","protected":false},"excerpt":{"rendered":"<p>Ohuet naisten shortsit<\/p>\n","protected":false},"featured_media":94899,"template":"","meta":{"_acf_changed":false},"pwb-brand":[],"product_brand":[],"product_cat":[640,827,588],"product_tag":[],"woo-feed-brand":[],"class_list":{"0":"post-94908","1":"product","2":"type-product","3":"status-publish","4":"has-post-thumbnail","6":"product_cat-housut-fi","7":"product_cat-naiset","8":"product_cat-uutuudet","10":"first","11":"instock","12":"taxable","13":"shipping-taxable","14":"purchasable","15":"product-type-variable","16":"wvs-archive-product-wrapper"},"acf":[],"brands":[],"_links":{"self":[{"href":"https:\/\/nautical.store\/fi\/wp-json\/wp\/v2\/product\/94908","targetHints":{"allow":["GET"]}}],"collection":[{"href":"https:\/\/nautical.store\/fi\/wp-json\/wp\/v2\/product"}],"about":[{"href":"https:\/\/nautical.store\/fi\/wp-json\/wp\/v2\/types\/product"}],"wp:featuredmedia":[{"embeddable":true,"href":"https:\/\/nautical.store\/fi\/wp-json\/wp\/v2\/media\/94899"}],"wp:attachment":[{"href":"https:\/\/nautical.store\/fi\/wp-json\/wp\/v2\/media?parent=94908"}],"wp:term":[{"taxonomy":"pwb-brand","embeddable":true,"href":"https:\/\/nautical.store\/fi\/wp-json\/wp\/v2\/pwb-brand?post=94908"},{"taxonomy":"product_brand","embeddable":true,"href":"https:\/\/nautical.store\/fi\/wp-json\/wp\/v2\/product_brand?post=94908"},{"taxonomy":"product_cat","embeddable":true,"href":"https:\/\/nautical.store\/fi\/wp-json\/wp\/v2\/product_cat?post=94908"},{"taxonomy":"product_tag","embeddable":true,"href":"https:\/\/nautical.store\/fi\/wp-json\/wp\/v2\/product_tag?post=94908"},{"taxonomy":"woo-feed-brand","embeddable":true,"href":"https:\/\/nautical.store\/fi\/wp-json\/wp\/v2\/woo-feed-brand?post=94908"}],"curies":[{"name":"wp","href":"https:\/\/api.w.org\/{rel}","templated":true}]}}