{"id":95132,"date":"2026-04-13T22:10:31","date_gmt":"2026-04-13T19:10:31","guid":{"rendered":"https:\/\/nautical.store\/toode\/pellep-naisten-navigo-pikeepaita\/"},"modified":"2026-04-13T22:10:31","modified_gmt":"2026-04-13T19:10:31","slug":"pellep-naisten-navigo-pikeepaita","status":"publish","type":"product","link":"https:\/\/nautical.store\/fi\/tuote\/pellep-naisten-navigo-pikeepaita\/","title":{"rendered":"PelleP Naisten Navigo\u2011pikeepaita"},"content":{"rendered":"<p data-start=\"130\" data-end=\"327\">Navigo Polo on huolellisesti valmistettu klassisen sporttinen paita, joka on tehty kest\u00e4v\u00e4st\u00e4 100 % puuvillaisesta jerseykankaasta. Mallissa on puolipystykaulus, nappiton avolista sek\u00e4 sivuhalkiot.<\/p>\n<ul>\n<li data-start=\"329\" data-end=\"619\">Materiaali: 100 % puuvilla<\/li>\n<li data-start=\"329\" data-end=\"619\">Mitoitus: regular\u2013v\u00e4lj\u00e4<\/li>\n<li data-start=\"329\" data-end=\"619\">Pehme\u00e4, harjattu ja hieman raskaampi jerseykangas<\/li>\n<li data-start=\"329\" data-end=\"619\">Puolipystykaulus<\/li>\n<li data-start=\"329\" data-end=\"619\">V-p\u00e4\u00e4ntie<\/li>\n<li data-start=\"329\" data-end=\"619\">Sel\u00e4ss\u00e4 yksityiskohta P-kirjailulla<\/li>\n<li data-start=\"329\" data-end=\"619\">P\u00e4\u00e4ntiess\u00e4 ja sivuhalkioissa kontrastiv\u00e4rinen kalanruotokuvioinen nauha<\/li>\n<li data-start=\"329\" data-end=\"619\">Metallinen logomerkki vasemmassa hihassa<\/li>\n<\/ul>\n","protected":false},"excerpt":{"rendered":"<p>Naisten puuvillainen pikeepaita<\/p>\n","protected":false},"featured_media":95123,"template":"","meta":{"_acf_changed":false},"pwb-brand":[838],"product_brand":[],"product_cat":[827,1260,590,588],"product_tag":[],"woo-feed-brand":[],"class_list":{"0":"post-95132","1":"product","2":"type-product","3":"status-publish","4":"has-post-thumbnail","6":"pwb-brand-pelle-petterson-fi","7":"product_cat-naiset","8":"product_cat-naisten-golfvaatteet","9":"product_cat-paidat","10":"product_cat-uutuudet","12":"first","13":"instock","14":"taxable","15":"shipping-taxable","16":"purchasable","17":"product-type-variable","18":"wvs-archive-product-wrapper"},"acf":[],"brands":[{"id":838,"name":"Pelle Petterson","slug":"pelle-petterson-fi"}],"_links":{"self":[{"href":"https:\/\/nautical.store\/fi\/wp-json\/wp\/v2\/product\/95132","targetHints":{"allow":["GET"]}}],"collection":[{"href":"https:\/\/nautical.store\/fi\/wp-json\/wp\/v2\/product"}],"about":[{"href":"https:\/\/nautical.store\/fi\/wp-json\/wp\/v2\/types\/product"}],"wp:featuredmedia":[{"embeddable":true,"href":"https:\/\/nautical.store\/fi\/wp-json\/wp\/v2\/media\/95123"}],"wp:attachment":[{"href":"https:\/\/nautical.store\/fi\/wp-json\/wp\/v2\/media?parent=95132"}],"wp:term":[{"taxonomy":"pwb-brand","embeddable":true,"href":"https:\/\/nautical.store\/fi\/wp-json\/wp\/v2\/pwb-brand?post=95132"},{"taxonomy":"product_brand","embeddable":true,"href":"https:\/\/nautical.store\/fi\/wp-json\/wp\/v2\/product_brand?post=95132"},{"taxonomy":"product_cat","embeddable":true,"href":"https:\/\/nautical.store\/fi\/wp-json\/wp\/v2\/product_cat?post=95132"},{"taxonomy":"product_tag","embeddable":true,"href":"https:\/\/nautical.store\/fi\/wp-json\/wp\/v2\/product_tag?post=95132"},{"taxonomy":"woo-feed-brand","embeddable":true,"href":"https:\/\/nautical.store\/fi\/wp-json\/wp\/v2\/woo-feed-brand?post=95132"}],"curies":[{"name":"wp","href":"https:\/\/api.w.org\/{rel}","templated":true}]}}