{"id":95489,"date":"2026-04-15T15:37:48","date_gmt":"2026-04-15T12:37:48","guid":{"rendered":"https:\/\/nautical.store\/toode\/pellep-naisten-cavoli-housut\/"},"modified":"2026-04-15T15:37:48","modified_gmt":"2026-04-15T12:37:48","slug":"pellep-naisten-cavoli-housut","status":"publish","type":"product","link":"https:\/\/nautical.store\/fi\/tuote\/pellep-naisten-cavoli-housut\/","title":{"rendered":"PelleP Naisten Cavoli \u2011housut"},"content":{"rendered":"<p data-start=\"618\" data-end=\"875\">T\u00e4ydellinen valinta sek\u00e4 juhlavampiin tilaisuuksiin ett\u00e4 rennompaan tyyliin. Naisten Cavoli-housut on valmistettu miellytt\u00e4v\u00e4st\u00e4 puuvilla\u2013pellavasekoitteesta. Housuissa on sivutaskut, edess\u00e4 vetoketju- ja nappikiinnitys sek\u00e4 takana l\u00e4pp\u00e4taskujen imitaatiot.<\/p>\n<p data-start=\"877\" data-end=\"918\">Materiaali: 74 % puuvillaa, 26 % pellavaa<\/p>\n<p data-start=\"920\" data-end=\"1252\">\u2022 Leve\u00e4lahkeinen malli<br data-start=\"942\" data-end=\"945\" \/>\u2022 Sivutaskut<br data-start=\"957\" data-end=\"960\" \/>\u2022 Edess\u00e4 vetoketju- ja nappikiinnitys<br data-start=\"997\" data-end=\"1000\" \/>\u2022 Vy\u00f6lenkit<br data-start=\"1011\" data-end=\"1014\" \/>\u2022 Takana l\u00e4pp\u00e4taskujen imitaatiot<br data-start=\"1047\" data-end=\"1050\" \/>\u2022 Muotoleikkaukset takana paremman istuvuuden takaamiseksi<br data-start=\"1108\" data-end=\"1111\" \/>\u2022 Pieni P-logo -kirjailu oikean takataskun alla<br data-start=\"1158\" data-end=\"1161\" \/>\u2022 Kontrastiv\u00e4riset vahvistustikkaukset lahkeensuissa<br data-start=\"1213\" data-end=\"1216\" \/>\u2022 Lahkeen sis\u00e4pituus: 82 cm (koko S)<\/p>\n","protected":false},"excerpt":{"rendered":"<p>Naisten leve\u00e4lahkeiset pellava\u2013puuvillahousut<\/p>\n","protected":false},"featured_media":95301,"template":"","meta":{"_acf_changed":false},"pwb-brand":[838],"product_brand":[],"product_cat":[640,827,588],"product_tag":[],"woo-feed-brand":[],"class_list":{"0":"post-95489","1":"product","2":"type-product","3":"status-publish","4":"has-post-thumbnail","6":"pwb-brand-pelle-petterson-fi","7":"product_cat-housut-fi","8":"product_cat-naiset","9":"product_cat-uutuudet","11":"first","12":"instock","13":"taxable","14":"shipping-taxable","15":"purchasable","16":"product-type-variable","17":"wvs-archive-product-wrapper"},"acf":[],"brands":[{"id":838,"name":"Pelle Petterson","slug":"pelle-petterson-fi"}],"_links":{"self":[{"href":"https:\/\/nautical.store\/fi\/wp-json\/wp\/v2\/product\/95489","targetHints":{"allow":["GET"]}}],"collection":[{"href":"https:\/\/nautical.store\/fi\/wp-json\/wp\/v2\/product"}],"about":[{"href":"https:\/\/nautical.store\/fi\/wp-json\/wp\/v2\/types\/product"}],"wp:featuredmedia":[{"embeddable":true,"href":"https:\/\/nautical.store\/fi\/wp-json\/wp\/v2\/media\/95301"}],"wp:attachment":[{"href":"https:\/\/nautical.store\/fi\/wp-json\/wp\/v2\/media?parent=95489"}],"wp:term":[{"taxonomy":"pwb-brand","embeddable":true,"href":"https:\/\/nautical.store\/fi\/wp-json\/wp\/v2\/pwb-brand?post=95489"},{"taxonomy":"product_brand","embeddable":true,"href":"https:\/\/nautical.store\/fi\/wp-json\/wp\/v2\/product_brand?post=95489"},{"taxonomy":"product_cat","embeddable":true,"href":"https:\/\/nautical.store\/fi\/wp-json\/wp\/v2\/product_cat?post=95489"},{"taxonomy":"product_tag","embeddable":true,"href":"https:\/\/nautical.store\/fi\/wp-json\/wp\/v2\/product_tag?post=95489"},{"taxonomy":"woo-feed-brand","embeddable":true,"href":"https:\/\/nautical.store\/fi\/wp-json\/wp\/v2\/woo-feed-brand?post=95489"}],"curies":[{"name":"wp","href":"https:\/\/api.w.org\/{rel}","templated":true}]}}