{"id":95499,"date":"2026-04-15T15:40:42","date_gmt":"2026-04-15T12:40:42","guid":{"rendered":"https:\/\/nautical.store\/toode\/pellep-cavoli-takki\/"},"modified":"2026-04-16T23:16:01","modified_gmt":"2026-04-16T20:16:01","slug":"pellep-cavoli-takki","status":"publish","type":"product","link":"https:\/\/nautical.store\/fi\/tuote\/pellep-cavoli-takki\/","title":{"rendered":"PelleP Cavoli \u2011takki"},"content":{"rendered":"<p data-start=\"186\" data-end=\"429\">T\u00e4ydellinen valinta sek\u00e4 juhlavampiin tilaisuuksiin ett\u00e4 rennompaan tyyliin. Naisten Cavoli-takki on valmistettu miellytt\u00e4v\u00e4st\u00e4 puuvilla\u2013pellavasekoitteesta. Vuoritetussa takissa on kaksi sivutaskua, takahalkio sek\u00e4 irrotettava vy\u00f6 vy\u00f6t\u00e4r\u00f6ll\u00e4.<\/p>\n<p data-start=\"431\" data-end=\"516\">Materiaali: 74 % puuvillaa, 26 % pellavaa<br data-start=\"472\" data-end=\"475\" \/>Vuori: 52 % viskoosia, 48 % polyesteri\u00e4<\/p>\n<p data-start=\"518\" data-end=\"878\">\u2022 Normaali mitoitus<br data-start=\"537\" data-end=\"540\" \/>\u2022 T\u00e4ysin vuoritettu<br data-start=\"559\" data-end=\"562\" \/>\u2022 Kaksi sivutaskua<br data-start=\"580\" data-end=\"583\" \/>\u2022 Edess\u00e4 yksinappikiinnitys (Pelle P -logonapilla)<br data-start=\"633\" data-end=\"636\" \/>\u2022 Hihansuissa halkioiden imitaatiot, joissa nelj\u00e4 Pelle P -nappia<br data-start=\"701\" data-end=\"704\" \/>\u2022 P-kirjailu vasemman hihan alaosassa<br data-start=\"741\" data-end=\"744\" \/>\u2022 Pieni P-kirjailu sel\u00e4ss\u00e4<br data-start=\"770\" data-end=\"773\" \/>\u2022 Irrotettava vy\u00f6 vy\u00f6t\u00e4r\u00f6ll\u00e4<br data-start=\"801\" data-end=\"804\" \/>\u2022 Kauluksen sis\u00e4puolella \u201cNavigare Necesse Est\u201d -kirjailu<br data-start=\"861\" data-end=\"864\" \/>\u2022 Takahalkio<\/p>\n","protected":false},"excerpt":{"rendered":"<p>Kevyt pellava\u2011puuvillableiseri<\/p>\n","protected":false},"featured_media":95280,"template":"","meta":{"_acf_changed":false},"pwb-brand":[838],"product_brand":[],"product_cat":[827,617,590,588],"product_tag":[],"woo-feed-brand":[],"class_list":{"0":"post-95499","1":"product","2":"type-product","3":"status-publish","4":"has-post-thumbnail","6":"pwb-brand-pelle-petterson-fi","7":"product_cat-naiset","8":"product_cat-paallysvaatteet","9":"product_cat-paidat","10":"product_cat-uutuudet","12":"first","13":"instock","14":"taxable","15":"shipping-taxable","16":"purchasable","17":"product-type-variable","18":"wvs-archive-product-wrapper"},"acf":[],"brands":[{"id":838,"name":"Pelle Petterson","slug":"pelle-petterson-fi"}],"_links":{"self":[{"href":"https:\/\/nautical.store\/fi\/wp-json\/wp\/v2\/product\/95499","targetHints":{"allow":["GET"]}}],"collection":[{"href":"https:\/\/nautical.store\/fi\/wp-json\/wp\/v2\/product"}],"about":[{"href":"https:\/\/nautical.store\/fi\/wp-json\/wp\/v2\/types\/product"}],"wp:featuredmedia":[{"embeddable":true,"href":"https:\/\/nautical.store\/fi\/wp-json\/wp\/v2\/media\/95280"}],"wp:attachment":[{"href":"https:\/\/nautical.store\/fi\/wp-json\/wp\/v2\/media?parent=95499"}],"wp:term":[{"taxonomy":"pwb-brand","embeddable":true,"href":"https:\/\/nautical.store\/fi\/wp-json\/wp\/v2\/pwb-brand?post=95499"},{"taxonomy":"product_brand","embeddable":true,"href":"https:\/\/nautical.store\/fi\/wp-json\/wp\/v2\/product_brand?post=95499"},{"taxonomy":"product_cat","embeddable":true,"href":"https:\/\/nautical.store\/fi\/wp-json\/wp\/v2\/product_cat?post=95499"},{"taxonomy":"product_tag","embeddable":true,"href":"https:\/\/nautical.store\/fi\/wp-json\/wp\/v2\/product_tag?post=95499"},{"taxonomy":"woo-feed-brand","embeddable":true,"href":"https:\/\/nautical.store\/fi\/wp-json\/wp\/v2\/woo-feed-brand?post=95499"}],"curies":[{"name":"wp","href":"https:\/\/api.w.org\/{rel}","templated":true}]}}