{"id":95609,"date":"2026-04-19T22:21:16","date_gmt":"2026-04-19T19:21:16","guid":{"rendered":"https:\/\/nautical.store\/toode\/pellep-cavoli-toppi\/"},"modified":"2026-04-19T22:21:16","modified_gmt":"2026-04-19T19:21:16","slug":"pellep-cavoli-toppi","status":"publish","type":"product","link":"https:\/\/nautical.store\/fi\/tuote\/pellep-cavoli-toppi\/","title":{"rendered":"PelleP Cavoli \u2011toppi"},"content":{"rendered":"<p data-start=\"0\" data-end=\"295\">T\u00e4ydellinen valinta sek\u00e4 juhlavampiin tilaisuuksiin ett\u00e4 rennompaan arkipukeutumiseen. Naisellisen leikkauksensa ansiosta Cavoli-toppi istuu kauniisti ja on valmistettu miellytt\u00e4v\u00e4st\u00e4 puuvilla-pellavasekoitteesta. Topissa on s\u00e4\u00e4dett\u00e4v\u00e4t olkaimet, sivuvetoketju sek\u00e4 pienet halkiot sivusaumoissa.<\/p>\n<p data-start=\"297\" data-end=\"389\">Materiaali: 74 % puuvillaa, 26 % pellavaa<br data-start=\"338\" data-end=\"341\" \/>Istuvuus: normaali, kevyesti vartaloa my\u00f6t\u00e4ilev\u00e4<\/p>\n<p data-start=\"391\" data-end=\"613\" data-is-last-node=\"\" data-is-only-node=\"\">\u2022 Rinnan alta kevyesti rypytetty leikkaus<br data-start=\"432\" data-end=\"435\" \/>\u2022 S\u00e4\u00e4dett\u00e4v\u00e4t olkaimet<br data-start=\"457\" data-end=\"460\" data-is-only-node=\"\" \/>\u2022 Sivuvetoketju<br data-start=\"475\" data-end=\"478\" \/>\u2022 P-logokirjailu selk\u00e4osassa<br data-start=\"506\" data-end=\"509\" \/>\u2022 P-logokirjailu edess\u00e4 vasemmalla<br data-start=\"543\" data-end=\"546\" \/>\u2022 Pienet halkiot sivuhelmassa, kontrastiv\u00e4risin vahvistustikkauksin<\/p>\n","protected":false},"excerpt":{"rendered":"<p>T\u00e4ydellinen valinta sek\u00e4 juhlavampiin tilaisuuksiin ett\u00e4 rennompaan arkipukeutumiseen. Naisellisen leikkauksensa ansiosta Cavoli-toppi istuu kauniisti ja on valmistettu miellytt\u00e4v\u00e4st\u00e4 puuvilla-pellavasekoitteesta. Topissa on s\u00e4\u00e4dett\u00e4v\u00e4t olkaimet, sivuvetoketju sek\u00e4 pienet halkiot sivusaumoissa. Materiaali: 74 % puuvillaa, 26 % pellavaaIstuvuus: normaali, kevyesti vartaloa my\u00f6t\u00e4ilev\u00e4 \u2022 Rinnan alta kevyesti rypytetty leikkaus\u2022 S\u00e4\u00e4dett\u00e4v\u00e4t olkaimet\u2022 Sivuvetoketju\u2022 P-logokirjailu selk\u00e4osassa\u2022 P-logokirjailu edess\u00e4 vasemmalla\u2022 Pienet halkiot [&hellip;]<\/p>\n","protected":false},"featured_media":95585,"template":"","meta":{"_acf_changed":false},"pwb-brand":[838],"product_brand":[],"product_cat":[827,590,588],"product_tag":[],"woo-feed-brand":[],"class_list":{"0":"post-95609","1":"product","2":"type-product","3":"status-publish","4":"has-post-thumbnail","6":"pwb-brand-pelle-petterson-fi","7":"product_cat-naiset","8":"product_cat-paidat","9":"product_cat-uutuudet","11":"first","12":"instock","13":"taxable","14":"shipping-taxable","15":"purchasable","16":"product-type-variable","17":"wvs-archive-product-wrapper"},"acf":[],"brands":[{"id":838,"name":"Pelle Petterson","slug":"pelle-petterson-fi"}],"_links":{"self":[{"href":"https:\/\/nautical.store\/fi\/wp-json\/wp\/v2\/product\/95609","targetHints":{"allow":["GET"]}}],"collection":[{"href":"https:\/\/nautical.store\/fi\/wp-json\/wp\/v2\/product"}],"about":[{"href":"https:\/\/nautical.store\/fi\/wp-json\/wp\/v2\/types\/product"}],"wp:featuredmedia":[{"embeddable":true,"href":"https:\/\/nautical.store\/fi\/wp-json\/wp\/v2\/media\/95585"}],"wp:attachment":[{"href":"https:\/\/nautical.store\/fi\/wp-json\/wp\/v2\/media?parent=95609"}],"wp:term":[{"taxonomy":"pwb-brand","embeddable":true,"href":"https:\/\/nautical.store\/fi\/wp-json\/wp\/v2\/pwb-brand?post=95609"},{"taxonomy":"product_brand","embeddable":true,"href":"https:\/\/nautical.store\/fi\/wp-json\/wp\/v2\/product_brand?post=95609"},{"taxonomy":"product_cat","embeddable":true,"href":"https:\/\/nautical.store\/fi\/wp-json\/wp\/v2\/product_cat?post=95609"},{"taxonomy":"product_tag","embeddable":true,"href":"https:\/\/nautical.store\/fi\/wp-json\/wp\/v2\/product_tag?post=95609"},{"taxonomy":"woo-feed-brand","embeddable":true,"href":"https:\/\/nautical.store\/fi\/wp-json\/wp\/v2\/woo-feed-brand?post=95609"}],"curies":[{"name":"wp","href":"https:\/\/api.w.org\/{rel}","templated":true}]}}