{"id":95694,"date":"2026-04-20T19:46:31","date_gmt":"2026-04-20T16:46:31","guid":{"rendered":"https:\/\/nautical.store\/toode\/henri-lloyd-mav-lite-shell-takki\/"},"modified":"2026-04-20T19:46:31","modified_gmt":"2026-04-20T16:46:31","slug":"henri-lloyd-mav-lite-shell-takki","status":"publish","type":"product","link":"https:\/\/nautical.store\/fi\/tuote\/henri-lloyd-mav-lite-shell-takki\/","title":{"rendered":"Henri Lloyd Mav\u2011Lite Shell \u2011takki"},"content":{"rendered":"<p data-start=\"132\" data-end=\"607\">Henri-Lloydin kuuden vuosikymmenen tekniseen osaamiseen ja innovaatioihin perustuva Mav Lite 2.0 Shell on valmistettu uudesta 2,5-kerroksisesta DRI PRO -kankaasta. Kevyt, joustava ja kierr\u00e4tetty materiaali on vedenpit\u00e4v\u00e4 ja eritt\u00e4in hengitt\u00e4v\u00e4. Takissa on s\u00e4\u00e4dett\u00e4v\u00e4 huppu, ergonominen leikkaus ja teipatut saumat, jotka tuovat mukavuutta, liikkumisvapautta ja suojaa sek\u00e4 purjehtijoille ett\u00e4 niille, jotka arvostavat k\u00e4yt\u00e4nn\u00f6llisyytt\u00e4 ja mukavuutta jokap\u00e4iv\u00e4isess\u00e4 k\u00e4yt\u00f6ss\u00e4.<\/p>\n<p data-start=\"609\" data-end=\"1262\">Ominaisuudet<br data-start=\"621\" data-end=\"624\" \/>\u2022 2,5-kerroksinen DRI PRO -kangas: kevyt, vedenpit\u00e4v\u00e4, hengitt\u00e4v\u00e4 ja kierr\u00e4tetty materiaali<br data-start=\"715\" data-end=\"718\" \/>\u2022 Joustava kangas ja raglanhihat: maksimaalinen liikkumisvapaus<br data-start=\"781\" data-end=\"784\" \/>\u2022 20 000 mm hengitt\u00e4v\u00e4 kalvo: trikoo-sis\u00e4pinnalla<br data-start=\"833\" data-end=\"836\" \/>\u2022 S\u00e4\u00e4dett\u00e4v\u00e4 huppu: laminoidulla lipalla<br data-start=\"876\" data-end=\"879\" \/>\u2022 Lyhennetty myrskyl\u00e4pp\u00e4: magneettikiinnityksell\u00e4<br data-start=\"928\" data-end=\"931\" data-is-only-node=\"\" \/>\u2022 YKK\u00ae Aquaguard\u00ae -vetoketju: vedenpit\u00e4v\u00e4, logollinen vedin<br data-start=\"990\" data-end=\"993\" \/>\u2022 Mikrofleece-leukasuojus: pehme\u00e4 ja miellytt\u00e4v\u00e4<br data-start=\"1041\" data-end=\"1044\" \/>\u2022 Vetoketjulliset rinta- ja sivutaskut: turvalliseen s\u00e4ilytykseen<br data-start=\"1109\" data-end=\"1112\" \/>\u2022 Teipatut saumat ja pidennetty takaosa: parempi suoja s\u00e4\u00e4lt\u00e4<br data-start=\"1173\" data-end=\"1176\" \/>\u2022 Heijastavat painatukset ja ripustuslenkki: parempi n\u00e4kyvyys ja nopeampi kuivuminen<\/p>\n<ul>\n<li data-start=\"1264\" data-end=\"1328\">Materiaali<br data-start=\"1274\" data-end=\"1277\" \/>DRI PRO, 2,5-kerroksinen, vedenpit\u00e4vyys 20 000 mm<\/li>\n<li data-start=\"1264\" data-end=\"1328\">4\u2011Way Stretch<\/li>\n<li data-start=\"1264\" data-end=\"1328\">100 % kierr\u00e4tetty\u00e4 polyamidia (nailonia)<\/li>\n<li data-start=\"1264\" data-end=\"1328\">DWR \u2013 LAMORAL biopohjainen<\/li>\n<li data-start=\"1264\" data-end=\"1328\">DWR C0, PFC\u2011vapaa<\/li>\n<\/ul>\n","protected":false},"excerpt":{"rendered":"<p>Unisex\u2011malli<\/p>\n","protected":false},"featured_media":95660,"template":"","meta":{"_acf_changed":false},"pwb-brand":[2665],"product_brand":[],"product_cat":[1261,1262,617,702,1269,682,726,588,609],"product_tag":[],"woo-feed-brand":[],"class_list":{"0":"post-95694","1":"product","2":"type-product","3":"status-publish","4":"has-post-thumbnail","6":"pwb-brand-henri-lloyd-fi","7":"product_cat-miesten-purjehdusvaatteet","8":"product_cat-naisten-purjehdusvaatteet","9":"product_cat-paallysvaatteet","10":"product_cat-paallysvaatteet-miehet","11":"product_cat-purjehdus","12":"product_cat-tekniset-vaatteet","13":"product_cat-tekniset-vaatteet-naiset","14":"product_cat-uutuudet","15":"product_cat-uutuudet-miehet","17":"first","18":"instock","19":"taxable","20":"shipping-taxable","21":"purchasable","22":"product-type-variable","23":"wvs-archive-product-wrapper"},"acf":[],"brands":[{"id":2665,"name":"Henri Lloyd","slug":"henri-lloyd-fi"}],"_links":{"self":[{"href":"https:\/\/nautical.store\/fi\/wp-json\/wp\/v2\/product\/95694","targetHints":{"allow":["GET"]}}],"collection":[{"href":"https:\/\/nautical.store\/fi\/wp-json\/wp\/v2\/product"}],"about":[{"href":"https:\/\/nautical.store\/fi\/wp-json\/wp\/v2\/types\/product"}],"wp:featuredmedia":[{"embeddable":true,"href":"https:\/\/nautical.store\/fi\/wp-json\/wp\/v2\/media\/95660"}],"wp:attachment":[{"href":"https:\/\/nautical.store\/fi\/wp-json\/wp\/v2\/media?parent=95694"}],"wp:term":[{"taxonomy":"pwb-brand","embeddable":true,"href":"https:\/\/nautical.store\/fi\/wp-json\/wp\/v2\/pwb-brand?post=95694"},{"taxonomy":"product_brand","embeddable":true,"href":"https:\/\/nautical.store\/fi\/wp-json\/wp\/v2\/product_brand?post=95694"},{"taxonomy":"product_cat","embeddable":true,"href":"https:\/\/nautical.store\/fi\/wp-json\/wp\/v2\/product_cat?post=95694"},{"taxonomy":"product_tag","embeddable":true,"href":"https:\/\/nautical.store\/fi\/wp-json\/wp\/v2\/product_tag?post=95694"},{"taxonomy":"woo-feed-brand","embeddable":true,"href":"https:\/\/nautical.store\/fi\/wp-json\/wp\/v2\/woo-feed-brand?post=95694"}],"curies":[{"name":"wp","href":"https:\/\/api.w.org\/{rel}","templated":true}]}}