{"id":95939,"date":"2026-04-21T17:03:12","date_gmt":"2026-04-21T14:03:12","guid":{"rendered":"https:\/\/nautical.store\/?post_type=product&#038;p=95939"},"modified":"2026-04-23T01:00:08","modified_gmt":"2026-04-22T22:00:08","slug":"explorer-shorts","status":"publish","type":"product","link":"https:\/\/nautical.store\/fi\/tuote\/explorer-shorts\/","title":{"rendered":"Explorer Shortsid"},"content":{"rendered":"<p>Explorer l\u00fchikesed p\u00fcksid on tehnilised p\u00fcksid, mis on loodud aktiivseks liikumiseks ja seiklusteks looduses. Taaskasutatud pol\u00fcestrist valmistatud kiiresti kuivav ja v\u00e4ga veniv materjal annab mugavuse igas olukorras. Vett h\u00fclgav viimistlus ja lukuga tasku teevad need praktiliseks valikuks nii maismaal kui ka purjetamisel.<\/p>\n<section class=\"text-token-text-primary w-full focus:outline-none [--shadow-height:45px] has-data-writing-block:pointer-events-none has-data-writing-block:-mt-(--shadow-height) has-data-writing-block:pt-(--shadow-height) [&amp;:has([data-writing-block])&gt;*]:pointer-events-auto [content-visibility:auto] supports-[content-visibility:auto]:[contain-intrinsic-size:auto_100lvh] R6Vx5W_threadScrollVars scroll-mb-[calc(var(--scroll-root-safe-area-inset-bottom,0px)+var(--thread-response-height))] scroll-mt-[calc(var(--header-height)+min(200px,max(70px,20svh)))]\" dir=\"auto\" data-turn-id=\"request-WEB:9c133421-a103-4bca-906d-618c2ad6e245-41\" data-testid=\"conversation-turn-84\" data-scroll-anchor=\"false\" data-turn=\"assistant\">\n<div class=\"text-base my-auto mx-auto pb-10 [--thread-content-margin:var(--thread-content-margin-xs,calc(var(--spacing)*4))] @w-sm\/main:[--thread-content-margin:var(--thread-content-margin-sm,calc(var(--spacing)*6))] @w-lg\/main:[--thread-content-margin:var(--thread-content-margin-lg,calc(var(--spacing)*16))] px-(--thread-content-margin)\">\n<div class=\"[--thread-content-max-width:40rem] @w-lg\/main:[--thread-content-max-width:48rem] mx-auto max-w-(--thread-content-max-width) flex-1 group\/turn-messages focus-visible:outline-hidden relative flex w-full min-w-0 flex-col agent-turn\">\n<div class=\"flex max-w-full flex-col gap-4 grow\">\n<div class=\"min-h-8 text-message relative flex w-full flex-col items-end gap-2 text-start break-words whitespace-normal outline-none keyboard-focused:focus-ring [.text-message+&amp;]:mt-1\" dir=\"auto\" tabindex=\"0\" data-message-author-role=\"assistant\" data-message-id=\"25d32c01-f4cc-4bf7-a503-44fe0818d91d\" data-message-model-slug=\"gpt-5-3-mini\" data-turn-start-message=\"true\">\n<div class=\"flex w-full flex-col gap-1 empty:hidden\">\n<div class=\"markdown prose dark:prose-invert w-full wrap-break-word light markdown-new-styling\">\n<ul>\n<li data-start=\"0\" data-end=\"411\">PFC-vaba DWR-viimistlusega kangas annab vett h\u00fclgavat kaitset<\/li>\n<li data-start=\"0\" data-end=\"411\">Kahekihiline neljasuunaliselt veniv kangas tagab maksimaalse mugavuse ja liikumisvabaduse<\/li>\n<li data-start=\"0\" data-end=\"411\">Kulumiskindel kangas peab vastu igap\u00e4evasele kasutusele ja pinnam\u00f5judele<\/li>\n<li data-start=\"0\" data-end=\"411\">Kiiresti kuivav materjal tagab mugavuse ka aktiivsel kasutamisel<\/li>\n<li data-start=\"0\" data-end=\"411\">Veekindel lukuga tasku korrosioonikindla lukuga hoiab isiklikud esemed kindlalt vee eest kaitstuna<\/li>\n<li data-start=\"0\" data-end=\"411\">Materjal:<br data-start=\"9\" data-end=\"12\" \/>92% taaskasutatud pol\u00fcester, 8% elastaan<\/li>\n<\/ul>\n<\/div>\n<\/div>\n<\/div>\n<\/div>\n<div class=\"z-0 flex min-h-[46px] justify-start\"><\/div>\n<\/div>\n<\/div>\n<\/section>\n<div class=\"pointer-events-none -mt-px h-px translate-y-[calc(var(--scroll-root-safe-area-inset-bottom)-14*var(--spacing))]\" aria-hidden=\"true\"><\/div>\n","protected":false},"excerpt":{"rendered":"<p>Explorer l\u00fchikesed p\u00fcksid on tehnilised p\u00fcksid, mis on loodud aktiivseks liikumiseks ja seiklusteks looduses. Taaskasutatud pol\u00fcestrist valmistatud kiiresti kuivav ja v\u00e4ga veniv materjal annab mugavuse igas olukorras. Vett h\u00fclgav viimistlus ja lukuga tasku teevad need praktiliseks valikuks nii maismaal kui ka purjetamisel. PFC-vaba DWR-viimistlusega kangas annab vett h\u00fclgavat kaitset Kahekihiline neljasuunaliselt veniv kangas tagab maksimaalse [&hellip;]<\/p>\n","protected":false},"featured_media":96486,"template":"","meta":{"_acf_changed":false},"pwb-brand":[2663],"product_brand":[],"product_cat":[923,63,89,921,94,77],"product_tag":[],"woo-feed-brand":[],"class_list":{"0":"post-95939","1":"product","2":"type-product","3":"status-publish","4":"has-post-thumbnail","6":"pwb-brand-henri-lloyd","7":"product_cat-meeste-purjetamisriided","8":"product_cat-mehed","9":"product_cat-puksid-mehed","10":"product_cat-purjetamine","11":"product_cat-tehnilised-riided","12":"product_cat-uued-tooted-mehed","14":"first","15":"instock","16":"taxable","17":"shipping-taxable","18":"purchasable","19":"product-type-variable","20":"wvs-archive-product-wrapper"},"acf":[],"brands":[{"id":2663,"name":"Henri Lloyd","slug":"henri-lloyd"}],"_links":{"self":[{"href":"https:\/\/nautical.store\/fi\/wp-json\/wp\/v2\/product\/95939","targetHints":{"allow":["GET"]}}],"collection":[{"href":"https:\/\/nautical.store\/fi\/wp-json\/wp\/v2\/product"}],"about":[{"href":"https:\/\/nautical.store\/fi\/wp-json\/wp\/v2\/types\/product"}],"wp:featuredmedia":[{"embeddable":true,"href":"https:\/\/nautical.store\/fi\/wp-json\/wp\/v2\/media\/96486"}],"wp:attachment":[{"href":"https:\/\/nautical.store\/fi\/wp-json\/wp\/v2\/media?parent=95939"}],"wp:term":[{"taxonomy":"pwb-brand","embeddable":true,"href":"https:\/\/nautical.store\/fi\/wp-json\/wp\/v2\/pwb-brand?post=95939"},{"taxonomy":"product_brand","embeddable":true,"href":"https:\/\/nautical.store\/fi\/wp-json\/wp\/v2\/product_brand?post=95939"},{"taxonomy":"product_cat","embeddable":true,"href":"https:\/\/nautical.store\/fi\/wp-json\/wp\/v2\/product_cat?post=95939"},{"taxonomy":"product_tag","embeddable":true,"href":"https:\/\/nautical.store\/fi\/wp-json\/wp\/v2\/product_tag?post=95939"},{"taxonomy":"woo-feed-brand","embeddable":true,"href":"https:\/\/nautical.store\/fi\/wp-json\/wp\/v2\/woo-feed-brand?post=95939"}],"curies":[{"name":"wp","href":"https:\/\/api.w.org\/{rel}","templated":true}]}}